{"id":13225,"date":"2018-12-17T11:18:05","date_gmt":"2018-12-17T13:18:05","guid":{"rendered":"https:\/\/amigosdohc.org.br\/como-doar-5\/"},"modified":"2025-03-31T10:00:07","modified_gmt":"2025-03-31T13:00:07","slug":"imposto-de-renda","status":"publish","type":"page","link":"https:\/\/www.amigosdohc.org.br\/en\/imposto-de-renda\/","title":{"rendered":"Imposto de Renda"},"content":{"rendered":"<p>[et_pb_section fb_built=&#8221;1&#8243; disabled_on=&#8221;on|off|off&#8221; _builder_version=&#8221;4.16&#8243; background_image=&#8221;https:\/\/amigosdohc.org.br\/wp-content\/uploads\/2018\/12\/cabecalho-como-doar.png&#8221; global_colors_info=&#8221;{}&#8221;][et_pb_row _builder_version=&#8221;4.16&#8243; custom_padding=&#8221;0|0px|0|0px|false|false&#8221; global_colors_info=&#8221;{}&#8221;][et_pb_column type=&#8221;4_4&#8243; _builder_version=&#8221;4.16&#8243; custom_padding=&#8221;|||&#8221; global_colors_info=&#8221;{}&#8221; custom_padding__hover=&#8221;|||&#8221;][et_pb_image src=&#8221;https:\/\/amigosdohc.org.br\/wp-content\/uploads\/2018\/12\/Imposto-de-Renda_Titulo.png&#8221; align_tablet=&#8221;center&#8221; align_phone=&#8221;&#8221; align_last_edited=&#8221;on|desktop&#8221; _builder_version=&#8221;4.16&#8243; global_colors_info=&#8221;{}&#8221;][\/et_pb_image][\/et_pb_column][\/et_pb_row][\/et_pb_section][et_pb_section fb_built=&#8221;1&#8243; _builder_version=&#8221;4.16&#8243; custom_margin=&#8221;-4px|||||&#8221; custom_padding=&#8221;0|0px|2px|0px|false|false&#8221; global_colors_info=&#8221;{}&#8221;][et_pb_row _builder_version=&#8221;4.16&#8243; custom_padding=&#8221;||3px|||&#8221; global_colors_info=&#8221;{}&#8221;][et_pb_column type=&#8221;4_4&#8243; _builder_version=&#8221;4.16&#8243; custom_padding=&#8221;|||&#8221; global_colors_info=&#8221;{}&#8221; custom_padding__hover=&#8221;|||&#8221;][\/et_pb_column][\/et_pb_row][\/et_pb_section][et_pb_section fb_built=&#8221;1&#8243; _builder_version=&#8221;4.16&#8243; min_height=&#8221;272px&#8221; custom_padding=&#8221;0|0px|0px|0px|false|false&#8221; box_shadow_style=&#8221;preset3&#8243; box_shadow_vertical=&#8221;10px&#8221; box_shadow_blur=&#8221;80px&#8221; box_shadow_spread=&#8221;0px&#8221; box_shadow_color=&#8221;rgba(0,0,0,0.14)&#8221; global_colors_info=&#8221;{}&#8221;][et_pb_row column_structure=&#8221;1_2,1_2&#8243; module_class=&#8221; et_pb_row_fullwidth&#8221; _builder_version=&#8221;4.16&#8243; width=&#8221;89%&#8221; width_tablet=&#8221;80%&#8221; width_phone=&#8221;&#8221; width_last_edited=&#8221;on|desktop&#8221; max_width=&#8221;89%&#8221; max_width_tablet=&#8221;80%&#8221; max_width_phone=&#8221;&#8221; max_width_last_edited=&#8221;on|desktop&#8221; custom_margin=&#8221;1px|auto||auto||&#8221; custom_padding=&#8221;74px||74px||true|&#8221; make_fullwidth=&#8221;on&#8221; global_colors_info=&#8221;{}&#8221;][et_pb_column type=&#8221;1_2&#8243; _builder_version=&#8221;4.16&#8243; custom_padding=&#8221;|||&#8221; global_colors_info=&#8221;{}&#8221; custom_padding__hover=&#8221;|||&#8221;][et_pb_text _builder_version=&#8221;4.16&#8243; text_font=&#8221;Montserrat||||||||&#8221; text_font_size=&#8221;25px&#8221; header_font=&#8221;||||||||&#8221; max_width=&#8221;100%&#8221; custom_margin=&#8221;-10px||&#8221; link_option_url=&#8221;https:\/\/www.amigosdohc.org.br\/imposto-de-renda-pessoa-fisica\/&#8221; link_option_url_new_window=&#8221;on&#8221; global_colors_info=&#8221;{}&#8221;]<\/p>\n<h1 style=\"text-align: center;\"><span style=\"color: #ff9900;\">IMPOSTO DE RENDA PESSOA F\u00cdSICA<\/span><\/h1>\n<p>[\/et_pb_text][et_pb_button button_url=&#8221;https:\/\/www.amigosdohc.org.br\/irpf\/&#8221; url_new_window=&#8221;on&#8221; button_text=&#8221;SAIBA COMO DESTINAR&#8221; button_alignment=&#8221;center&#8221; _builder_version=&#8221;4.19.4&#8243; custom_button=&#8221;on&#8221; button_text_size=&#8221;26px&#8221; button_text_color=&#8221;#c21c35&#8243; button_border_width=&#8221;1px&#8221; button_border_radius=&#8221;34px&#8221; button_letter_spacing=&#8221;0px&#8221; button_font=&#8221;Montserrat|700|||||||&#8221; custom_margin=&#8221;-10px||&#8221; custom_padding=&#8221;|30px||30px||true&#8221; hover_enabled=&#8221;0&#8243; global_colors_info=&#8221;{}&#8221; sticky_enabled=&#8221;0&#8243;][\/et_pb_button][\/et_pb_column][et_pb_column type=&#8221;1_2&#8243; _builder_version=&#8221;4.16&#8243; custom_padding=&#8221;|||&#8221; global_colors_info=&#8221;{}&#8221; custom_padding__hover=&#8221;|||&#8221;][et_pb_text _builder_version=&#8221;4.16&#8243; text_font=&#8221;Montserrat||||||||&#8221; text_font_size=&#8221;25px&#8221; custom_margin=&#8221;-10px||&#8221; global_colors_info=&#8221;{}&#8221;]<\/p>\n<h1 style=\"text-align: center;\"><span style=\"color: #ff9900;\">IMPOSTO DE RENDA PESSOA <\/span><span style=\"color: #ff9900;\">JUR\u00cdDICA<\/span><\/h1>\n<p>[\/et_pb_text][et_pb_button button_url=&#8221;http:\/\/www.amigosdohc.org.br\/irpj&#8221; url_new_window=&#8221;on&#8221; button_text=&#8221;SAIBA COMO DESTINAR&#8221; button_alignment=&#8221;center&#8221; _builder_version=&#8221;4.19.4&#8243; custom_button=&#8221;on&#8221; button_text_size=&#8221;26px&#8221; button_text_color=&#8221;#c21c35&#8243; button_border_width=&#8221;1px&#8221; button_border_radius=&#8221;34px&#8221; button_letter_spacing=&#8221;0px&#8221; button_font=&#8221;Montserrat|700|||||||&#8221; custom_margin=&#8221;-10px||&#8221; custom_padding=&#8221;|30px||30px||true&#8221; global_colors_info=&#8221;{}&#8221;][\/et_pb_button][\/et_pb_column][\/et_pb_row][\/et_pb_section][et_pb_section fb_built=&#8221;1&#8243; admin_label=&#8221;Se\u00e7\u00e3o&#8221; _builder_version=&#8221;4.13.0&#8243; background_image=&#8221;https:\/\/www.amigosdohc.org.br\/wp-content\/uploads\/2021\/11\/fundo-contato.webp&#8221; width=&#8221;100%&#8221; min_height=&#8221;304.1px&#8221; custom_margin=&#8221;2px||2px||true|&#8221; custom_padding=&#8221;2px|0px|0px|0px|false|false&#8221; global_module=&#8221;297&#8243; saved_tabs=&#8221;all&#8221; global_colors_info=&#8221;{}&#8221;][et_pb_row column_structure=&#8221;1_4,1_4,1_4,1_4&#8243; module_id=&#8221;sociais&#8221; module_class=&#8221;sociais&#8221; _builder_version=&#8221;4.16&#8243; module_alignment=&#8221;center&#8221; min_height=&#8221;225.3px&#8221; custom_margin=&#8221;-14px|auto||auto||&#8221; custom_padding=&#8221;37px||14px|||&#8221; global_colors_info=&#8221;{}&#8221;][et_pb_column type=&#8221;1_4&#8243; _builder_version=&#8221;4.16&#8243; custom_padding=&#8221;|||&#8221; global_colors_info=&#8221;{}&#8221; custom_padding__hover=&#8221;|||&#8221;][et_pb_blurb title=&#8221;amigosdohC&#8221; url=&#8221;https:\/\/www.facebook.com\/amigosdohc\/&#8221; url_new_window=&#8221;on&#8221; image=&#8221;https:\/\/amigosdohc.org.br\/wp-content\/uploads\/2018\/12\/face.png&#8221; _builder_version=&#8221;4.16&#8243; header_font=&#8221;Montserrat|600||on|||||&#8221; header_text_color=&#8221;#ffffff&#8221; header_font_size=&#8221;12px&#8221; text_orientation=&#8221;center&#8221; link_option_url=&#8221;https:\/\/www.facebook.com\/amigosdohc\/&#8221; link_option_url_new_window=&#8221;on&#8221; global_colors_info=&#8221;{}&#8221;][\/et_pb_blurb][\/et_pb_column][et_pb_column type=&#8221;1_4&#8243; _builder_version=&#8221;4.16&#8243; custom_padding=&#8221;|||&#8221; global_colors_info=&#8221;{}&#8221; custom_padding__hover=&#8221;|||&#8221;][et_pb_blurb title=&#8221;@amigosdohc&#8221; url=&#8221;https:\/\/www.instagram.com\/amigosdohc\/&#8221; url_new_window=&#8221;on&#8221; image=&#8221;https:\/\/amigosdohc.org.br\/wp-content\/uploads\/2018\/12\/insta.png&#8221; _builder_version=&#8221;4.16&#8243; header_font=&#8221;Montserrat|600||on|||||&#8221; header_text_color=&#8221;#ffffff&#8221; header_font_size=&#8221;12px&#8221; text_orientation=&#8221;center&#8221; link_option_url=&#8221;https:\/\/www.instagram.com\/amigosdohc\/&#8221; link_option_url_new_window=&#8221;on&#8221; global_colors_info=&#8221;{}&#8221;][\/et_pb_blurb][\/et_pb_column][et_pb_column type=&#8221;1_4&#8243; _builder_version=&#8221;4.16&#8243; custom_padding=&#8221;|||&#8221; global_colors_info=&#8221;{}&#8221; custom_padding__hover=&#8221;|||&#8221;][et_pb_blurb title=&#8221;amigosdohc&#8221; url=&#8221;https:\/\/www.youtube.com\/user\/amigosdohc&#8221; url_new_window=&#8221;on&#8221; image=&#8221;https:\/\/amigosdohc.org.br\/wp-content\/uploads\/2018\/12\/youtube.png&#8221; _builder_version=&#8221;4.16&#8243; header_font=&#8221;Montserrat|600||on|||||&#8221; header_text_color=&#8221;#ffffff&#8221; header_font_size=&#8221;12px&#8221; text_orientation=&#8221;center&#8221; link_option_url=&#8221;https:\/\/www.youtube.com\/user\/amigosdohc&#8221; link_option_url_new_window=&#8221;on&#8221; global_colors_info=&#8221;{}&#8221;][\/et_pb_blurb][\/et_pb_column][et_pb_column type=&#8221;1_4&#8243; _builder_version=&#8221;4.16&#8243; custom_padding=&#8221;|||&#8221; global_colors_info=&#8221;{}&#8221; custom_padding__hover=&#8221;|||&#8221;][et_pb_blurb title=&#8221;@amigosdohc&#8221; url=&#8221;https:\/\/twitter.com\/amigosdohc&#8221; url_new_window=&#8221;on&#8221; image=&#8221;https:\/\/amigosdohc.org.br\/wp-content\/uploads\/2018\/12\/twitter.png&#8221; _builder_version=&#8221;4.16&#8243; header_font=&#8221;Montserrat|600||on|||||&#8221; header_text_color=&#8221;#ffffff&#8221; header_font_size=&#8221;12px&#8221; text_orientation=&#8221;center&#8221; link_option_url=&#8221;https:\/\/twitter.com\/amigosdohc&#8221; link_option_url_new_window=&#8221;on&#8221; global_colors_info=&#8221;{}&#8221;][\/et_pb_blurb][\/et_pb_column][\/et_pb_row][\/et_pb_section][et_pb_section fb_built=&#8221;1&#8243; _builder_version=&#8221;4.19.4&#8243; background_image=&#8221;https:\/\/amigosdohc.org.br\/wp-content\/uploads\/2018\/12\/fundo-rodape.png&#8221; background_enable_image=&#8221;off&#8221; max_width=&#8221;540%&#8221; min_height=&#8221;443px&#8221; custom_margin=&#8221;0px|||||&#8221; custom_padding=&#8221;4px|0px|0px|0px|false|false&#8221; global_module=&#8221;299&#8243; saved_tabs=&#8221;all&#8221; global_colors_info=&#8221;{}&#8221;][et_pb_row _builder_version=&#8221;4.19.4&#8243; _module_preset=&#8221;default&#8221; global_colors_info=&#8221;{}&#8221;][et_pb_column type=&#8221;4_4&#8243; _builder_version=&#8221;4.19.4&#8243; _module_preset=&#8221;default&#8221; global_colors_info=&#8221;{}&#8221;][et_pb_image src=&#8221;https:\/\/www.amigosdohc.org.br\/wp-content\/uploads\/2025\/03\/Ativo-8Site-Proteger.png&#8221; title_text=&#8221;Ativo 8Site-Proteger&#8221; align=&#8221;center&#8221; _builder_version=&#8221;4.19.4&#8243; _module_preset=&#8221;default&#8221; width=&#8221;85%&#8221; custom_margin=&#8221;21px||||false|false&#8221; global_colors_info=&#8221;{}&#8221;][\/et_pb_image][\/et_pb_column][\/et_pb_row][et_pb_row _builder_version=&#8221;4.19.4&#8243; _module_preset=&#8221;default&#8221; custom_margin=&#8221;-40px||-23px||false|false&#8221; global_colors_info=&#8221;{}&#8221;][et_pb_column type=&#8221;4_4&#8243; _builder_version=&#8221;4.19.4&#8243; _module_preset=&#8221;default&#8221; global_colors_info=&#8221;{}&#8221;][et_pb_divider color=&#8221;#E02B20&#8243; divider_style=&#8221;dotted&#8221; divider_weight=&#8221;8px&#8221; _builder_version=&#8221;4.19.4&#8243; _module_preset=&#8221;default&#8221; custom_margin=&#8221;50px||-40px||false|false&#8221; global_colors_info=&#8221;{}&#8221;][\/et_pb_divider][\/et_pb_column][\/et_pb_row][et_pb_row _builder_version=&#8221;4.19.4&#8243; _module_preset=&#8221;default&#8221; global_colors_info=&#8221;{}&#8221;][et_pb_column type=&#8221;4_4&#8243; _builder_version=&#8221;4.19.4&#8243; _module_preset=&#8221;default&#8221; global_colors_info=&#8221;{}&#8221;][et_pb_text _builder_version=&#8221;4.19.4&#8243; _module_preset=&#8221;default&#8221; text_text_color=&#8221;#000000&#8243; text_font_size=&#8221;24px&#8221; module_alignment=&#8221;center&#8221; custom_margin=&#8221;50px||||false|false&#8221; global_colors_info=&#8221;{}&#8221;]<\/p>\n<p style=\"text-align: center;\"><strong>PRIVACIDADE<\/strong><\/p>\n<p>[\/et_pb_text][et_pb_text _builder_version=&#8221;4.19.4&#8243; _module_preset=&#8221;default&#8221; text_text_color=&#8221;#E02B20&#8243; text_font_size=&#8221;24px&#8221; module_alignment=&#8221;center&#8221; custom_margin=&#8221;-20px||||false|false&#8221; link_option_url=&#8221;https:\/\/www.amigosdohc.org.br\/politica-de-privacidade\/&#8221; global_colors_info=&#8221;{}&#8221;]<\/p>\n<p style=\"text-align: center;\"><span style=\"color: #ff0000;\"><a href=\"https:\/\/www.amigosdohc.org.br\/politica-de-privacidade\/\" style=\"color: #ff0000;\"><strong><span>\u00a0<\/span> <u>Politica de Privacidade <\/u><\/strong><\/a><\/span><\/p>\n<p>[\/et_pb_text][et_pb_text _builder_version=&#8221;4.19.4&#8243; _module_preset=&#8221;default&#8221; text_text_color=&#8221;#000000&#8243; text_font_size=&#8221;15px&#8221; text_line_height=&#8221;2.2em&#8221; module_alignment=&#8221;center&#8221; custom_margin=&#8221;50px||50px||false|false&#8221; global_colors_info=&#8221;{}&#8221;]<\/p>\n<p style=\"text-align: center;\"><strong>Todos os Direitos Reservados \u00a9 | Associa\u00e7\u00e3o dos Amigos do Hospital de Cl\u00ednicas \u00ae<\/strong><br \/>Av. Agostinho Le\u00e3o Jr, 336 &#8211; Alto da Gl\u00f3ria, 80030-110, Curitiba \/ PR<br \/>(41) 3091-1000 | contato@amigosdohc.org.br<a href=\"mailto:contato@amigosdohc.org.br\"><br \/><\/a>CNPJ: 79.698.643\/0001-00<\/p>\n<p>[\/et_pb_text][\/et_pb_column][\/et_pb_row][\/et_pb_section]<\/p>\n","protected":false},"excerpt":{"rendered":"<p>IMPOSTO DE RENDA PESSOA F\u00cdSICAIMPOSTO DE RENDA PESSOA JUR\u00cdDICAPRIVACIDADE\u00a0 Politica de Privacidade Todos os Direitos Reservados \u00a9 | Associa\u00e7\u00e3o dos Amigos do Hospital de Cl\u00ednicas \u00aeAv. Agostinho Le\u00e3o Jr, 336 &#8211; Alto da Gl\u00f3ria, 80030-110, Curitiba \/ PR(41) 3091-1000 | contato@amigosdohc.org.brCNPJ: 79.698.643\/0001-00<\/p>","protected":false},"author":3,"featured_media":548,"parent":0,"menu_order":0,"comment_status":"closed","ping_status":"closed","template":"","meta":{"_et_pb_use_builder":"on","_et_pb_old_content":"","_et_gb_content_width":"","footnotes":""},"class_list":["post-13225","page","type-page","status-publish","has-post-thumbnail","hentry"],"yoast_head":"<!-- This site is optimized with the Yoast SEO plugin v27.3 - https:\/\/yoast.com\/product\/yoast-seo-wordpress\/ -->\n<title>Imposto de Renda - Amigos do HC<\/title>\n<meta name=\"description\" content=\"Destine seu Imposto de Renda aos Amigos do HC e ajude a salvar vidas. Doe seu Imposto de Renda Pessoa F\u00edsica e Jur\u00eddica ou baixe nosso E-book sobre IR.\" \/>\n<meta name=\"robots\" content=\"index, follow, max-snippet:-1, max-image-preview:large, max-video-preview:-1\" \/>\n<link rel=\"canonical\" href=\"https:\/\/www.amigosdohc.org.br\/en\/imposto-de-renda\/\" \/>\n<meta property=\"og:locale\" content=\"en_US\" \/>\n<meta property=\"og:type\" content=\"article\" \/>\n<meta property=\"og:title\" content=\"Imposto de Renda - Amigos do HC\" \/>\n<meta property=\"og:description\" content=\"Destine seu Imposto de Renda aos Amigos do HC e ajude a salvar vidas. Doe seu Imposto de Renda Pessoa F\u00edsica e Jur\u00eddica ou baixe nosso E-book sobre IR.\" \/>\n<meta property=\"og:url\" content=\"https:\/\/www.amigosdohc.org.br\/en\/imposto-de-renda\/\" \/>\n<meta property=\"og:site_name\" content=\"Amigos do HC\" \/>\n<meta property=\"article:modified_time\" content=\"2025-03-31T13:00:07+00:00\" \/>\n<meta property=\"og:image\" content=\"https:\/\/www.amigosdohc.org.br\/wp-content\/uploads\/2018\/12\/imposto-de-renda.png\" \/>\n\t<meta property=\"og:image:width\" content=\"309\" \/>\n\t<meta property=\"og:image:height\" content=\"174\" \/>\n\t<meta property=\"og:image:type\" content=\"image\/png\" \/>\n<meta name=\"twitter:card\" content=\"summary_large_image\" \/>\n<meta name=\"twitter:label1\" content=\"Est. reading time\" \/>\n\t<meta name=\"twitter:data1\" content=\"3 minutes\" \/>\n<script type=\"application\/ld+json\" class=\"yoast-schema-graph\">{\"@context\":\"https:\\\/\\\/schema.org\",\"@graph\":[{\"@type\":\"WebPage\",\"@id\":\"https:\\\/\\\/www.amigosdohc.org.br\\\/imposto-de-renda\\\/\",\"url\":\"https:\\\/\\\/www.amigosdohc.org.br\\\/imposto-de-renda\\\/\",\"name\":\"Imposto de Renda - Amigos do HC\",\"isPartOf\":{\"@id\":\"https:\\\/\\\/www.amigosdohc.org.br\\\/#website\"},\"primaryImageOfPage\":{\"@id\":\"https:\\\/\\\/www.amigosdohc.org.br\\\/imposto-de-renda\\\/#primaryimage\"},\"image\":{\"@id\":\"https:\\\/\\\/www.amigosdohc.org.br\\\/imposto-de-renda\\\/#primaryimage\"},\"thumbnailUrl\":\"https:\\\/\\\/www.amigosdohc.org.br\\\/wp-content\\\/uploads\\\/2018\\\/12\\\/imposto-de-renda.png\",\"datePublished\":\"2018-12-17T13:18:05+00:00\",\"dateModified\":\"2025-03-31T13:00:07+00:00\",\"description\":\"Destine seu Imposto de Renda aos Amigos do HC e ajude a salvar vidas. Doe seu Imposto de Renda Pessoa F\u00edsica e Jur\u00eddica ou baixe nosso E-book sobre IR.\",\"breadcrumb\":{\"@id\":\"https:\\\/\\\/www.amigosdohc.org.br\\\/imposto-de-renda\\\/#breadcrumb\"},\"inLanguage\":\"en-US\",\"potentialAction\":[{\"@type\":\"ReadAction\",\"target\":[\"https:\\\/\\\/www.amigosdohc.org.br\\\/imposto-de-renda\\\/\"]}]},{\"@type\":\"ImageObject\",\"inLanguage\":\"en-US\",\"@id\":\"https:\\\/\\\/www.amigosdohc.org.br\\\/imposto-de-renda\\\/#primaryimage\",\"url\":\"https:\\\/\\\/www.amigosdohc.org.br\\\/wp-content\\\/uploads\\\/2018\\\/12\\\/imposto-de-renda.png\",\"contentUrl\":\"https:\\\/\\\/www.amigosdohc.org.br\\\/wp-content\\\/uploads\\\/2018\\\/12\\\/imposto-de-renda.png\",\"width\":309,\"height\":174},{\"@type\":\"BreadcrumbList\",\"@id\":\"https:\\\/\\\/www.amigosdohc.org.br\\\/imposto-de-renda\\\/#breadcrumb\",\"itemListElement\":[{\"@type\":\"ListItem\",\"position\":1,\"name\":\"In\u00edcio\",\"item\":\"https:\\\/\\\/www.amigosdohc.org.br\\\/\"},{\"@type\":\"ListItem\",\"position\":2,\"name\":\"Imposto de Renda\"}]},{\"@type\":\"WebSite\",\"@id\":\"https:\\\/\\\/www.amigosdohc.org.br\\\/#website\",\"url\":\"https:\\\/\\\/www.amigosdohc.org.br\\\/\",\"name\":\"Amigos do HC\",\"description\":\"Associa\u00e7\u00e3o dos Amigos do HC\",\"potentialAction\":[{\"@type\":\"SearchAction\",\"target\":{\"@type\":\"EntryPoint\",\"urlTemplate\":\"https:\\\/\\\/www.amigosdohc.org.br\\\/?s={search_term_string}\"},\"query-input\":{\"@type\":\"PropertyValueSpecification\",\"valueRequired\":true,\"valueName\":\"search_term_string\"}}],\"inLanguage\":\"en-US\"}]}<\/script>\n<!-- \/ Yoast SEO plugin. -->","yoast_head_json":{"title":"Imposto de Renda - Amigos do HC","description":"Destine seu Imposto de Renda aos Amigos do HC e ajude a salvar vidas. Doe seu Imposto de Renda Pessoa F\u00edsica e Jur\u00eddica ou baixe nosso E-book sobre IR.","robots":{"index":"index","follow":"follow","max-snippet":"max-snippet:-1","max-image-preview":"max-image-preview:large","max-video-preview":"max-video-preview:-1"},"canonical":"https:\/\/www.amigosdohc.org.br\/en\/imposto-de-renda\/","og_locale":"en_US","og_type":"article","og_title":"Imposto de Renda - Amigos do HC","og_description":"Destine seu Imposto de Renda aos Amigos do HC e ajude a salvar vidas. Doe seu Imposto de Renda Pessoa F\u00edsica e Jur\u00eddica ou baixe nosso E-book sobre IR.","og_url":"https:\/\/www.amigosdohc.org.br\/en\/imposto-de-renda\/","og_site_name":"Amigos do HC","article_modified_time":"2025-03-31T13:00:07+00:00","og_image":[{"width":309,"height":174,"url":"https:\/\/www.amigosdohc.org.br\/wp-content\/uploads\/2018\/12\/imposto-de-renda.png","type":"image\/png"}],"twitter_card":"summary_large_image","twitter_misc":{"Est. reading time":"3 minutes"},"schema":{"@context":"https:\/\/schema.org","@graph":[{"@type":"WebPage","@id":"https:\/\/www.amigosdohc.org.br\/imposto-de-renda\/","url":"https:\/\/www.amigosdohc.org.br\/imposto-de-renda\/","name":"Imposto de Renda - Amigos do HC","isPartOf":{"@id":"https:\/\/www.amigosdohc.org.br\/#website"},"primaryImageOfPage":{"@id":"https:\/\/www.amigosdohc.org.br\/imposto-de-renda\/#primaryimage"},"image":{"@id":"https:\/\/www.amigosdohc.org.br\/imposto-de-renda\/#primaryimage"},"thumbnailUrl":"https:\/\/www.amigosdohc.org.br\/wp-content\/uploads\/2018\/12\/imposto-de-renda.png","datePublished":"2018-12-17T13:18:05+00:00","dateModified":"2025-03-31T13:00:07+00:00","description":"Destine seu Imposto de Renda aos Amigos do HC e ajude a salvar vidas. Doe seu Imposto de Renda Pessoa F\u00edsica e Jur\u00eddica ou baixe nosso E-book sobre IR.","breadcrumb":{"@id":"https:\/\/www.amigosdohc.org.br\/imposto-de-renda\/#breadcrumb"},"inLanguage":"en-US","potentialAction":[{"@type":"ReadAction","target":["https:\/\/www.amigosdohc.org.br\/imposto-de-renda\/"]}]},{"@type":"ImageObject","inLanguage":"en-US","@id":"https:\/\/www.amigosdohc.org.br\/imposto-de-renda\/#primaryimage","url":"https:\/\/www.amigosdohc.org.br\/wp-content\/uploads\/2018\/12\/imposto-de-renda.png","contentUrl":"https:\/\/www.amigosdohc.org.br\/wp-content\/uploads\/2018\/12\/imposto-de-renda.png","width":309,"height":174},{"@type":"BreadcrumbList","@id":"https:\/\/www.amigosdohc.org.br\/imposto-de-renda\/#breadcrumb","itemListElement":[{"@type":"ListItem","position":1,"name":"In\u00edcio","item":"https:\/\/www.amigosdohc.org.br\/"},{"@type":"ListItem","position":2,"name":"Imposto de Renda"}]},{"@type":"WebSite","@id":"https:\/\/www.amigosdohc.org.br\/#website","url":"https:\/\/www.amigosdohc.org.br\/","name":"Amigos do HC","description":"Associa\u00e7\u00e3o dos Amigos do HC","potentialAction":[{"@type":"SearchAction","target":{"@type":"EntryPoint","urlTemplate":"https:\/\/www.amigosdohc.org.br\/?s={search_term_string}"},"query-input":{"@type":"PropertyValueSpecification","valueRequired":true,"valueName":"search_term_string"}}],"inLanguage":"en-US"}]}},"_links":{"self":[{"href":"https:\/\/www.amigosdohc.org.br\/en\/wp-json\/wp\/v2\/pages\/13225","targetHints":{"allow":["GET"]}}],"collection":[{"href":"https:\/\/www.amigosdohc.org.br\/en\/wp-json\/wp\/v2\/pages"}],"about":[{"href":"https:\/\/www.amigosdohc.org.br\/en\/wp-json\/wp\/v2\/types\/page"}],"author":[{"embeddable":true,"href":"https:\/\/www.amigosdohc.org.br\/en\/wp-json\/wp\/v2\/users\/3"}],"replies":[{"embeddable":true,"href":"https:\/\/www.amigosdohc.org.br\/en\/wp-json\/wp\/v2\/comments?post=13225"}],"version-history":[{"count":19,"href":"https:\/\/www.amigosdohc.org.br\/en\/wp-json\/wp\/v2\/pages\/13225\/revisions"}],"predecessor-version":[{"id":25128,"href":"https:\/\/www.amigosdohc.org.br\/en\/wp-json\/wp\/v2\/pages\/13225\/revisions\/25128"}],"wp:featuredmedia":[{"embeddable":true,"href":"https:\/\/www.amigosdohc.org.br\/en\/wp-json\/wp\/v2\/media\/548"}],"wp:attachment":[{"href":"https:\/\/www.amigosdohc.org.br\/en\/wp-json\/wp\/v2\/media?parent=13225"}],"curies":[{"name":"wp","href":"https:\/\/api.w.org\/{rel}","templated":true}]}}