{"id":25479,"date":"2025-05-26T16:53:41","date_gmt":"2025-05-26T19:53:41","guid":{"rendered":"https:\/\/www.amigosdohc.org.br\/?page_id=25479"},"modified":"2025-05-28T08:56:51","modified_gmt":"2025-05-28T11:56:51","slug":"gestao-por-competencia-conecta","status":"publish","type":"page","link":"https:\/\/www.amigosdohc.org.br\/en\/gestao-por-competencia-conecta\/","title":{"rendered":"Gest\u00e3o Por Compet\u00eancia &#8211; Conecta"},"content":{"rendered":"<p>[et_pb_section fb_built=&#8221;1&#8243; fullwidth=&#8221;on&#8221; disabled_on=&#8221;on|on|off&#8221; _builder_version=&#8221;4.19.4&#8243; _module_preset=&#8221;default&#8221; width=&#8221;100%&#8221; module_alignment=&#8221;center&#8221; global_colors_info=&#8221;{}&#8221;][et_pb_fullwidth_image src=&#8221;https:\/\/www.amigosdohc.org.br\/wp-content\/uploads\/2025\/05\/Banners-Conecta-Mobile-10.jpg&#8221; title_text=&#8221;Banners-Conecta-Mobile-10&#8243; _builder_version=&#8221;4.19.4&#8243; _module_preset=&#8221;default&#8221; global_colors_info=&#8221;{}&#8221;][\/et_pb_fullwidth_image][\/et_pb_section][et_pb_section fb_built=&#8221;1&#8243; fullwidth=&#8221;on&#8221; disabled_on=&#8221;off|off|on&#8221; _builder_version=&#8221;4.19.4&#8243; _module_preset=&#8221;default&#8221; width=&#8221;100%&#8221; module_alignment=&#8221;center&#8221; global_colors_info=&#8221;{}&#8221;][et_pb_fullwidth_image src=&#8221;https:\/\/www.amigosdohc.org.br\/wp-content\/uploads\/2025\/05\/Banners-Conecta-Mobile-11.jpg&#8221; title_text=&#8221;Banners-Conecta-Mobile-11&#8243; _builder_version=&#8221;4.19.4&#8243; _module_preset=&#8221;default&#8221; global_colors_info=&#8221;{}&#8221;][\/et_pb_fullwidth_image][\/et_pb_section][et_pb_section fb_built=&#8221;1&#8243; _builder_version=&#8221;4.19.4&#8243; _module_preset=&#8221;default&#8221; background_color=&#8221;#95c11f&#8221; custom_margin=&#8221;0px||0px||false|false&#8221; custom_padding=&#8221;0px||0px||false|false&#8221; global_colors_info=&#8221;{}&#8221;][et_pb_row _builder_version=&#8221;4.19.4&#8243; _module_preset=&#8221;default&#8221; width=&#8221;95%&#8221; max_width=&#8221;2045px&#8221; global_colors_info=&#8221;{}&#8221;][et_pb_column type=&#8221;4_4&#8243; _builder_version=&#8221;4.19.4&#8243; _module_preset=&#8221;default&#8221; global_colors_info=&#8221;{}&#8221;][et_pb_menu menu_id=&#8221;1400&#8243; menu_style=&#8221;centered&#8221; active_link_color=&#8221;#4662ab&#8221; _builder_version=&#8221;4.19.4&#8243; _module_preset=&#8221;default&#8221; menu_font=&#8221;Bebas Neue||||||||&#8221; menu_text_color=&#8221;#FFFFFF&#8221; menu_font_size=&#8221;19px&#8221; background_color=&#8221;#95c11f&#8221; global_colors_info=&#8221;{}&#8221;][\/et_pb_menu][\/et_pb_column][\/et_pb_row][\/et_pb_section][et_pb_section fb_built=&#8221;1&#8243; _builder_version=&#8221;4.19.4&#8243; _module_preset=&#8221;default&#8221; background_image=&#8221;https:\/\/www.amigosdohc.org.br\/wp-content\/uploads\/2025\/05\/Fundo-Conecta.jpg&#8221; width=&#8221;100%&#8221; custom_padding=&#8221;||25px||false|false&#8221; hover_enabled=&#8221;0&#8243; global_colors_info=&#8221;{}&#8221; custom_margin=&#8221;0px||||false|false&#8221; sticky_enabled=&#8221;0&#8243;][et_pb_row _builder_version=&#8221;4.19.4&#8243; _module_preset=&#8221;default&#8221; custom_margin=&#8221;80px||150px||false|false&#8221; custom_padding=&#8221;||10px||false|false&#8221; hover_enabled=&#8221;0&#8243; global_colors_info=&#8221;{}&#8221; sticky_enabled=&#8221;0&#8243;][et_pb_column type=&#8221;4_4&#8243; _builder_version=&#8221;4.19.4&#8243; _module_preset=&#8221;default&#8221; global_colors_info=&#8221;{}&#8221;][et_pb_image src=&#8221;https:\/\/www.amigosdohc.org.br\/wp-content\/uploads\/2025\/05\/loading.gif&#8221; _builder_version=&#8221;4.19.4&#8243; _module_preset=&#8221;default&#8221; title_text=&#8221;loading&#8221; width=&#8221;9%&#8221; module_alignment=&#8221;center&#8221; hover_enabled=&#8221;0&#8243; sticky_enabled=&#8221;0&#8243;][\/et_pb_image][et_pb_text _builder_version=&#8221;4.19.4&#8243; _module_preset=&#8221;default&#8221; text_font=&#8221;Bebas Neue||||||||&#8221; text_text_color=&#8221;#000000&#8243; text_font_size=&#8221;40px&#8221; text_line_height=&#8221;1.1em&#8221; text_orientation=&#8221;center&#8221; custom_margin=&#8221;0px||150px|0px|false|false&#8221; custom_padding=&#8221;0px||||false|false&#8221; global_colors_info=&#8221;{}&#8221;]<\/p>\n<p>Em breve mais informa\u00e7\u00f5es!<\/p>\n<p>[\/et_pb_text][\/et_pb_column][\/et_pb_row][\/et_pb_section]<\/p>\n","protected":false},"excerpt":{"rendered":"<p>Em breve mais informa\u00e7\u00f5es!<\/p>","protected":false},"author":3,"featured_media":0,"parent":0,"menu_order":0,"comment_status":"closed","ping_status":"closed","template":"","meta":{"_et_pb_use_builder":"on","_et_pb_old_content":"","_et_gb_content_width":"","footnotes":""},"class_list":["post-25479","page","type-page","status-publish","hentry"],"yoast_head":"<!-- This site is optimized with the Yoast SEO plugin v27.4 - https:\/\/yoast.com\/product\/yoast-seo-wordpress\/ -->\n<title>Gest\u00e3o Por Compet\u00eancia - Conecta - Amigos do HC<\/title>\n<meta name=\"robots\" content=\"index, follow, max-snippet:-1, max-image-preview:large, max-video-preview:-1\" \/>\n<link rel=\"canonical\" href=\"https:\/\/www.amigosdohc.org.br\/en\/gestao-por-competencia-conecta\/\" \/>\n<meta property=\"og:locale\" content=\"en_US\" \/>\n<meta property=\"og:type\" content=\"article\" \/>\n<meta property=\"og:title\" content=\"Gest\u00e3o Por Compet\u00eancia - Conecta - Amigos do HC\" \/>\n<meta property=\"og:description\" content=\"Em breve mais informa\u00e7\u00f5es!\" \/>\n<meta property=\"og:url\" content=\"https:\/\/www.amigosdohc.org.br\/en\/gestao-por-competencia-conecta\/\" \/>\n<meta property=\"og:site_name\" content=\"Amigos do HC\" \/>\n<meta property=\"article:modified_time\" content=\"2025-05-28T11:56:51+00:00\" \/>\n<meta name=\"twitter:card\" content=\"summary_large_image\" \/>\n<meta name=\"twitter:label1\" content=\"Est. reading time\" \/>\n\t<meta name=\"twitter:data1\" content=\"2 minutes\" \/>\n<script type=\"application\/ld+json\" class=\"yoast-schema-graph\">{\"@context\":\"https:\\\/\\\/schema.org\",\"@graph\":[{\"@type\":\"WebPage\",\"@id\":\"https:\\\/\\\/www.amigosdohc.org.br\\\/gestao-por-competencia-conecta\\\/\",\"url\":\"https:\\\/\\\/www.amigosdohc.org.br\\\/gestao-por-competencia-conecta\\\/\",\"name\":\"Gest\u00e3o Por Compet\u00eancia - Conecta - Amigos do HC\",\"isPartOf\":{\"@id\":\"https:\\\/\\\/www.amigosdohc.org.br\\\/#website\"},\"datePublished\":\"2025-05-26T19:53:41+00:00\",\"dateModified\":\"2025-05-28T11:56:51+00:00\",\"breadcrumb\":{\"@id\":\"https:\\\/\\\/www.amigosdohc.org.br\\\/gestao-por-competencia-conecta\\\/#breadcrumb\"},\"inLanguage\":\"en-US\",\"potentialAction\":[{\"@type\":\"ReadAction\",\"target\":[\"https:\\\/\\\/www.amigosdohc.org.br\\\/gestao-por-competencia-conecta\\\/\"]}]},{\"@type\":\"BreadcrumbList\",\"@id\":\"https:\\\/\\\/www.amigosdohc.org.br\\\/gestao-por-competencia-conecta\\\/#breadcrumb\",\"itemListElement\":[{\"@type\":\"ListItem\",\"position\":1,\"name\":\"In\u00edcio\",\"item\":\"https:\\\/\\\/www.amigosdohc.org.br\\\/\"},{\"@type\":\"ListItem\",\"position\":2,\"name\":\"Gest\u00e3o Por Compet\u00eancia &#8211; Conecta\"}]},{\"@type\":\"WebSite\",\"@id\":\"https:\\\/\\\/www.amigosdohc.org.br\\\/#website\",\"url\":\"https:\\\/\\\/www.amigosdohc.org.br\\\/\",\"name\":\"Amigos do HC\",\"description\":\"Associa\u00e7\u00e3o dos Amigos do HC\",\"potentialAction\":[{\"@type\":\"SearchAction\",\"target\":{\"@type\":\"EntryPoint\",\"urlTemplate\":\"https:\\\/\\\/www.amigosdohc.org.br\\\/?s={search_term_string}\"},\"query-input\":{\"@type\":\"PropertyValueSpecification\",\"valueRequired\":true,\"valueName\":\"search_term_string\"}}],\"inLanguage\":\"en-US\"}]}<\/script>\n<!-- \/ Yoast SEO plugin. -->","yoast_head_json":{"title":"Gest\u00e3o Por Compet\u00eancia - Conecta - Amigos do HC","robots":{"index":"index","follow":"follow","max-snippet":"max-snippet:-1","max-image-preview":"max-image-preview:large","max-video-preview":"max-video-preview:-1"},"canonical":"https:\/\/www.amigosdohc.org.br\/en\/gestao-por-competencia-conecta\/","og_locale":"en_US","og_type":"article","og_title":"Gest\u00e3o Por Compet\u00eancia - Conecta - Amigos do HC","og_description":"Em breve mais informa\u00e7\u00f5es!","og_url":"https:\/\/www.amigosdohc.org.br\/en\/gestao-por-competencia-conecta\/","og_site_name":"Amigos do HC","article_modified_time":"2025-05-28T11:56:51+00:00","twitter_card":"summary_large_image","twitter_misc":{"Est. reading time":"2 minutes"},"schema":{"@context":"https:\/\/schema.org","@graph":[{"@type":"WebPage","@id":"https:\/\/www.amigosdohc.org.br\/gestao-por-competencia-conecta\/","url":"https:\/\/www.amigosdohc.org.br\/gestao-por-competencia-conecta\/","name":"Gest\u00e3o Por Compet\u00eancia - Conecta - Amigos do HC","isPartOf":{"@id":"https:\/\/www.amigosdohc.org.br\/#website"},"datePublished":"2025-05-26T19:53:41+00:00","dateModified":"2025-05-28T11:56:51+00:00","breadcrumb":{"@id":"https:\/\/www.amigosdohc.org.br\/gestao-por-competencia-conecta\/#breadcrumb"},"inLanguage":"en-US","potentialAction":[{"@type":"ReadAction","target":["https:\/\/www.amigosdohc.org.br\/gestao-por-competencia-conecta\/"]}]},{"@type":"BreadcrumbList","@id":"https:\/\/www.amigosdohc.org.br\/gestao-por-competencia-conecta\/#breadcrumb","itemListElement":[{"@type":"ListItem","position":1,"name":"In\u00edcio","item":"https:\/\/www.amigosdohc.org.br\/"},{"@type":"ListItem","position":2,"name":"Gest\u00e3o Por Compet\u00eancia &#8211; Conecta"}]},{"@type":"WebSite","@id":"https:\/\/www.amigosdohc.org.br\/#website","url":"https:\/\/www.amigosdohc.org.br\/","name":"Amigos do HC","description":"Associa\u00e7\u00e3o dos Amigos do HC","potentialAction":[{"@type":"SearchAction","target":{"@type":"EntryPoint","urlTemplate":"https:\/\/www.amigosdohc.org.br\/?s={search_term_string}"},"query-input":{"@type":"PropertyValueSpecification","valueRequired":true,"valueName":"search_term_string"}}],"inLanguage":"en-US"}]}},"_links":{"self":[{"href":"https:\/\/www.amigosdohc.org.br\/en\/wp-json\/wp\/v2\/pages\/25479","targetHints":{"allow":["GET"]}}],"collection":[{"href":"https:\/\/www.amigosdohc.org.br\/en\/wp-json\/wp\/v2\/pages"}],"about":[{"href":"https:\/\/www.amigosdohc.org.br\/en\/wp-json\/wp\/v2\/types\/page"}],"author":[{"embeddable":true,"href":"https:\/\/www.amigosdohc.org.br\/en\/wp-json\/wp\/v2\/users\/3"}],"replies":[{"embeddable":true,"href":"https:\/\/www.amigosdohc.org.br\/en\/wp-json\/wp\/v2\/comments?post=25479"}],"version-history":[{"count":4,"href":"https:\/\/www.amigosdohc.org.br\/en\/wp-json\/wp\/v2\/pages\/25479\/revisions"}],"predecessor-version":[{"id":25694,"href":"https:\/\/www.amigosdohc.org.br\/en\/wp-json\/wp\/v2\/pages\/25479\/revisions\/25694"}],"wp:attachment":[{"href":"https:\/\/www.amigosdohc.org.br\/en\/wp-json\/wp\/v2\/media?parent=25479"}],"curies":[{"name":"wp","href":"https:\/\/api.w.org\/{rel}","templated":true}]}}