{"id":25642,"date":"2025-05-27T12:22:49","date_gmt":"2025-05-27T15:22:49","guid":{"rendered":"https:\/\/www.amigosdohc.org.br\/?page_id=25642"},"modified":"2025-05-27T12:42:40","modified_gmt":"2025-05-27T15:42:40","slug":"canal-de-compliance","status":"publish","type":"page","link":"https:\/\/www.amigosdohc.org.br\/en\/canal-de-compliance\/","title":{"rendered":"Canal de Compliance"},"content":{"rendered":"<p>[et_pb_section fb_built=&#8221;1&#8243; _builder_version=&#8221;4.19.4&#8243; _module_preset=&#8221;default&#8221; custom_padding=&#8221;||54px|||&#8221; global_colors_info=&#8221;{}&#8221;][et_pb_row _builder_version=&#8221;4.19.4&#8243; _module_preset=&#8221;default&#8221; custom_margin=&#8221;0px||0px||false|false&#8221; custom_padding=&#8221;0px||||false|false&#8221; global_colors_info=&#8221;{}&#8221;][et_pb_column type=&#8221;4_4&#8243; _builder_version=&#8221;4.19.4&#8243; _module_preset=&#8221;default&#8221; global_colors_info=&#8221;{}&#8221;][et_pb_image src=&#8221;https:\/\/www.amigosdohc.org.br\/wp-content\/uploads\/2025\/05\/Fale-Conosco-Site-Elementos-2.png&#8221; title_text=&#8221;Fale-Conosco-Site-Elementos-2&#8243; align=&#8221;center&#8221; _builder_version=&#8221;4.19.4&#8243; _module_preset=&#8221;default&#8221; width=&#8221;15%&#8221; width_tablet=&#8221;15%&#8221; width_phone=&#8221;40%&#8221; width_last_edited=&#8221;on|desktop&#8221; hover_enabled=&#8221;0&#8243; global_colors_info=&#8221;{}&#8221; sticky_enabled=&#8221;0&#8243;][\/et_pb_image][et_pb_text _builder_version=&#8221;4.19.4&#8243; _module_preset=&#8221;default&#8221; text_font=&#8221;|700|||||||&#8221; text_text_color=&#8221;#c41c1c&#8221; text_font_size=&#8221;35px&#8221; custom_margin_tablet=&#8221;&#8221; custom_margin_phone=&#8221;-15px||||false|false&#8221; custom_margin_last_edited=&#8221;on|phone&#8221; hover_enabled=&#8221;0&#8243; text_font_size_tablet=&#8221;35px&#8221; text_font_size_phone=&#8221;26px&#8221; text_font_size_last_edited=&#8221;on|phone&#8221; global_colors_info=&#8221;{}&#8221; sticky_enabled=&#8221;0&#8243;]<\/p>\n<p style=\"text-align: center;\">Canal de compliance<\/p>\n<p>[\/et_pb_text][et_pb_text _builder_version=&#8221;4.19.4&#8243; _module_preset=&#8221;default&#8221; text_font=&#8221;|700|||||||&#8221; text_text_color=&#8221;#000000&#8243; text_font_size=&#8221;25px&#8221; custom_margin=&#8221;-8px||||false|false&#8221; hover_enabled=&#8221;0&#8243; text_font_size_tablet=&#8221;25px&#8221; text_font_size_phone=&#8221;18px&#8221; text_font_size_last_edited=&#8221;on|phone&#8221; global_colors_info=&#8221;{}&#8221; sticky_enabled=&#8221;0&#8243;]<\/p>\n<p style=\"text-align: center;\">Relate condutas que violem leis, pol\u00edticas internas ou normas regulat\u00f3rias.<\/p>\n<p>[\/et_pb_text][et_pb_text _builder_version=&#8221;4.19.4&#8243; _module_preset=&#8221;default&#8221; text_font_size=&#8221;24px&#8221; text_line_height=&#8221;1.4em&#8221; custom_margin=&#8221;0px||||false|false&#8221; custom_margin_tablet=&#8221;-20px||||false|false&#8221; custom_margin_phone=&#8221;-14px||-26px||false|false&#8221; custom_margin_last_edited=&#8221;on|phone&#8221; hover_enabled=&#8221;0&#8243; text_font_size_tablet=&#8221;24px&#8221; text_font_size_phone=&#8221;18px&#8221; text_font_size_last_edited=&#8221;on|phone&#8221; global_colors_info=&#8221;{}&#8221; sticky_enabled=&#8221;0&#8243;]<\/p>\n<p style=\"text-align: center;\">Destinado a receber informa\u00e7\u00f5es sobre intercorr\u00eancias relacionadas a pol\u00edticas internas, legisla\u00e7\u00f5es ou normas regulat\u00f3rias, incluindo fraudes, corrup\u00e7\u00e3o, ass\u00e9dio, conflitos de interesse, lavagem de dinheiro, \u00e9tica profissional, entre outros comportamentos il\u00edcitos.<\/p>\n<p>[\/et_pb_text][\/et_pb_column][\/et_pb_row][et_pb_row _builder_version=&#8221;4.19.4&#8243; _module_preset=&#8221;default&#8221; width=&#8221;100%&#8221; max_width=&#8221;1306px&#8221; global_colors_info=&#8221;{}&#8221;][et_pb_column type=&#8221;4_4&#8243; _builder_version=&#8221;4.19.4&#8243; _module_preset=&#8221;default&#8221; global_colors_info=&#8221;{}&#8221;][et_pb_code _builder_version=&#8221;4.19.4&#8243; _module_preset=&#8221;default&#8221; hover_enabled=&#8221;0&#8243; sticky_enabled=&#8221;0&#8243; module_alignment=&#8221;center&#8221; custom_margin=&#8221;|||50px|false|false&#8221; custom_padding=&#8221;|||55px|false|false&#8221; custom_margin_last_edited=&#8221;on|phone&#8221; custom_padding_last_edited=&#8221;on|phone&#8221; custom_margin_phone=&#8221;|||0px|false|false&#8221; custom_padding_phone=&#8221;|||0px|false|false&#8221; custom_margin_tablet=&#8221;|||50px|false|false&#8221; custom_padding_tablet=&#8221;|||55px|false|false&#8221;]<iframe loading=\"lazy\" width=\"1200px\" height=\"1920px\" src=\"https:\/\/forms.office.com\/Pages\/ResponsePage.aspx?id=m64PdLXcT0Gospm9xg0zm8LDXfVdkcBHrMftrKkmgbBURDNQNzFMNDNFS1BQWVpTNVJVNkdMVThOOC4u&#038;embed=true\" frameborder=\"0\" marginwidth=\"0\" marginheight=\"0\" style=\"border: none; max-width:100%; max-height:100vh\" allowfullscreen webkitallowfullscreen mozallowfullscreen msallowfullscreen> <\/iframe>[\/et_pb_code][\/et_pb_column][\/et_pb_row][\/et_pb_section][et_pb_section fb_built=&#8221;1&#8243; admin_label=&#8221;Se\u00e7\u00e3o&#8221; _builder_version=&#8221;4.13.0&#8243; background_image=&#8221;https:\/\/www.amigosdohc.org.br\/wp-content\/uploads\/2021\/11\/fundo-contato.webp&#8221; width=&#8221;100%&#8221; min_height=&#8221;304.1px&#8221; custom_margin=&#8221;2px||2px||true|&#8221; custom_padding=&#8221;2px|0px|0px|0px|false|false&#8221; global_module=&#8221;297&#8243; saved_tabs=&#8221;all&#8221; global_colors_info=&#8221;{}&#8221;][et_pb_row column_structure=&#8221;1_4,1_4,1_4,1_4&#8243; module_id=&#8221;sociais&#8221; module_class=&#8221;sociais&#8221; _builder_version=&#8221;4.16&#8243; module_alignment=&#8221;center&#8221; min_height=&#8221;225.3px&#8221; custom_margin=&#8221;-14px|auto||auto||&#8221; custom_padding=&#8221;37px||14px|||&#8221; global_colors_info=&#8221;{}&#8221;][et_pb_column type=&#8221;1_4&#8243; _builder_version=&#8221;4.16&#8243; custom_padding=&#8221;|||&#8221; global_colors_info=&#8221;{}&#8221; custom_padding__hover=&#8221;|||&#8221;][et_pb_blurb title=&#8221;amigosdohC&#8221; url=&#8221;https:\/\/www.facebook.com\/amigosdohc\/&#8221; url_new_window=&#8221;on&#8221; image=&#8221;https:\/\/amigosdohc.org.br\/wp-content\/uploads\/2018\/12\/face.png&#8221; _builder_version=&#8221;4.16&#8243; header_font=&#8221;Montserrat|600||on|||||&#8221; header_text_color=&#8221;#ffffff&#8221; header_font_size=&#8221;12px&#8221; text_orientation=&#8221;center&#8221; link_option_url=&#8221;https:\/\/www.facebook.com\/amigosdohc\/&#8221; link_option_url_new_window=&#8221;on&#8221; global_colors_info=&#8221;{}&#8221;][\/et_pb_blurb][\/et_pb_column][et_pb_column type=&#8221;1_4&#8243; _builder_version=&#8221;4.16&#8243; custom_padding=&#8221;|||&#8221; global_colors_info=&#8221;{}&#8221; custom_padding__hover=&#8221;|||&#8221;][et_pb_blurb title=&#8221;@amigosdohc&#8221; url=&#8221;https:\/\/www.instagram.com\/amigosdohc\/&#8221; url_new_window=&#8221;on&#8221; image=&#8221;https:\/\/amigosdohc.org.br\/wp-content\/uploads\/2018\/12\/insta.png&#8221; _builder_version=&#8221;4.16&#8243; header_font=&#8221;Montserrat|600||on|||||&#8221; header_text_color=&#8221;#ffffff&#8221; header_font_size=&#8221;12px&#8221; text_orientation=&#8221;center&#8221; link_option_url=&#8221;https:\/\/www.instagram.com\/amigosdohc\/&#8221; link_option_url_new_window=&#8221;on&#8221; global_colors_info=&#8221;{}&#8221;][\/et_pb_blurb][\/et_pb_column][et_pb_column type=&#8221;1_4&#8243; _builder_version=&#8221;4.16&#8243; custom_padding=&#8221;|||&#8221; global_colors_info=&#8221;{}&#8221; custom_padding__hover=&#8221;|||&#8221;][et_pb_blurb title=&#8221;amigosdohc&#8221; url=&#8221;https:\/\/www.youtube.com\/user\/amigosdohc&#8221; url_new_window=&#8221;on&#8221; image=&#8221;https:\/\/amigosdohc.org.br\/wp-content\/uploads\/2018\/12\/youtube.png&#8221; _builder_version=&#8221;4.16&#8243; header_font=&#8221;Montserrat|600||on|||||&#8221; header_text_color=&#8221;#ffffff&#8221; header_font_size=&#8221;12px&#8221; text_orientation=&#8221;center&#8221; link_option_url=&#8221;https:\/\/www.youtube.com\/user\/amigosdohc&#8221; link_option_url_new_window=&#8221;on&#8221; global_colors_info=&#8221;{}&#8221;][\/et_pb_blurb][\/et_pb_column][et_pb_column type=&#8221;1_4&#8243; _builder_version=&#8221;4.16&#8243; custom_padding=&#8221;|||&#8221; global_colors_info=&#8221;{}&#8221; custom_padding__hover=&#8221;|||&#8221;][et_pb_blurb title=&#8221;@amigosdohc&#8221; url=&#8221;https:\/\/twitter.com\/amigosdohc&#8221; url_new_window=&#8221;on&#8221; image=&#8221;https:\/\/amigosdohc.org.br\/wp-content\/uploads\/2018\/12\/twitter.png&#8221; _builder_version=&#8221;4.16&#8243; header_font=&#8221;Montserrat|600||on|||||&#8221; header_text_color=&#8221;#ffffff&#8221; header_font_size=&#8221;12px&#8221; text_orientation=&#8221;center&#8221; link_option_url=&#8221;https:\/\/twitter.com\/amigosdohc&#8221; link_option_url_new_window=&#8221;on&#8221; global_colors_info=&#8221;{}&#8221;][\/et_pb_blurb][\/et_pb_column][\/et_pb_row][\/et_pb_section][et_pb_section fb_built=&#8221;1&#8243; _builder_version=&#8221;4.19.4&#8243; background_image=&#8221;https:\/\/amigosdohc.org.br\/wp-content\/uploads\/2018\/12\/fundo-rodape.png&#8221; background_enable_image=&#8221;off&#8221; max_width=&#8221;540%&#8221; min_height=&#8221;443px&#8221; custom_margin=&#8221;0px|||||&#8221; custom_padding=&#8221;4px|0px|0px|0px|false|false&#8221; global_module=&#8221;299&#8243; saved_tabs=&#8221;all&#8221; global_colors_info=&#8221;{}&#8221;][et_pb_row _builder_version=&#8221;4.19.4&#8243; _module_preset=&#8221;default&#8221; global_colors_info=&#8221;{}&#8221;][et_pb_column type=&#8221;4_4&#8243; _builder_version=&#8221;4.19.4&#8243; _module_preset=&#8221;default&#8221; global_colors_info=&#8221;{}&#8221;][et_pb_image src=&#8221;https:\/\/www.amigosdohc.org.br\/wp-content\/uploads\/2025\/03\/Ativo-8Site-Proteger.png&#8221; title_text=&#8221;Ativo 8Site-Proteger&#8221; align=&#8221;center&#8221; _builder_version=&#8221;4.19.4&#8243; _module_preset=&#8221;default&#8221; width=&#8221;85%&#8221; custom_margin=&#8221;21px||||false|false&#8221; global_colors_info=&#8221;{}&#8221;][\/et_pb_image][\/et_pb_column][\/et_pb_row][et_pb_row _builder_version=&#8221;4.19.4&#8243; _module_preset=&#8221;default&#8221; custom_margin=&#8221;-40px||-23px||false|false&#8221; global_colors_info=&#8221;{}&#8221;][et_pb_column type=&#8221;4_4&#8243; _builder_version=&#8221;4.19.4&#8243; _module_preset=&#8221;default&#8221; global_colors_info=&#8221;{}&#8221;][et_pb_divider color=&#8221;#E02B20&#8243; divider_style=&#8221;dotted&#8221; divider_weight=&#8221;8px&#8221; _builder_version=&#8221;4.19.4&#8243; _module_preset=&#8221;default&#8221; custom_margin=&#8221;50px||-40px||false|false&#8221; global_colors_info=&#8221;{}&#8221;][\/et_pb_divider][\/et_pb_column][\/et_pb_row][et_pb_row _builder_version=&#8221;4.19.4&#8243; _module_preset=&#8221;default&#8221; global_colors_info=&#8221;{}&#8221;][et_pb_column type=&#8221;4_4&#8243; _builder_version=&#8221;4.19.4&#8243; _module_preset=&#8221;default&#8221; global_colors_info=&#8221;{}&#8221;][et_pb_text _builder_version=&#8221;4.19.4&#8243; _module_preset=&#8221;default&#8221; text_text_color=&#8221;#000000&#8243; text_font_size=&#8221;24px&#8221; module_alignment=&#8221;center&#8221; custom_margin=&#8221;50px||||false|false&#8221; global_colors_info=&#8221;{}&#8221;]<\/p>\n<p style=\"text-align: center;\"><strong>PRIVACIDADE<\/strong><\/p>\n<p>[\/et_pb_text][et_pb_text _builder_version=&#8221;4.19.4&#8243; _module_preset=&#8221;default&#8221; text_text_color=&#8221;#E02B20&#8243; text_font_size=&#8221;24px&#8221; module_alignment=&#8221;center&#8221; custom_margin=&#8221;-20px||||false|false&#8221; link_option_url=&#8221;https:\/\/www.amigosdohc.org.br\/politica-de-privacidade\/&#8221; global_colors_info=&#8221;{}&#8221;]<\/p>\n<p style=\"text-align: center;\"><span style=\"color: #ff0000;\"><a href=\"https:\/\/www.amigosdohc.org.br\/politica-de-privacidade\/\" style=\"color: #ff0000;\"><strong><span>\u00a0<\/span> <u>Politica de Privacidade <\/u><\/strong><\/a><\/span><\/p>\n<p>[\/et_pb_text][et_pb_text _builder_version=&#8221;4.19.4&#8243; _module_preset=&#8221;default&#8221; text_text_color=&#8221;#000000&#8243; text_font_size=&#8221;15px&#8221; text_line_height=&#8221;2.2em&#8221; module_alignment=&#8221;center&#8221; custom_margin=&#8221;50px||50px||false|false&#8221; global_colors_info=&#8221;{}&#8221;]<\/p>\n<p style=\"text-align: center;\"><strong>Todos os Direitos Reservados \u00a9 | Associa\u00e7\u00e3o dos Amigos do Hospital de Cl\u00ednicas \u00ae<\/strong><br \/>Av. Agostinho Le\u00e3o Jr, 336 &#8211; Alto da Gl\u00f3ria, 80030-110, Curitiba \/ PR<br \/>(41) 3091-1000 | contato@amigosdohc.org.br<a href=\"mailto:contato@amigosdohc.org.br\"><br \/><\/a>CNPJ: 79.698.643\/0001-00<\/p>\n<p>[\/et_pb_text][\/et_pb_column][\/et_pb_row][\/et_pb_section]<\/p>\n","protected":false},"excerpt":{"rendered":"<p>Canal de complianceRelate condutas que violem leis, pol\u00edticas internas ou normas regulat\u00f3rias.Destinado a receber informa\u00e7\u00f5es sobre intercorr\u00eancias relacionadas a pol\u00edticas internas, legisla\u00e7\u00f5es ou normas regulat\u00f3rias, incluindo fraudes, corrup\u00e7\u00e3o, ass\u00e9dio, conflitos de interesse, lavagem de dinheiro, \u00e9tica profissional, entre outros comportamentos il\u00edcitos.PRIVACIDADE\u00a0 Politica de Privacidade Todos os Direitos Reservados \u00a9 | Associa\u00e7\u00e3o dos Amigos do Hospital [&hellip;]<\/p>\n","protected":false},"author":3,"featured_media":0,"parent":0,"menu_order":0,"comment_status":"closed","ping_status":"closed","template":"","meta":{"_et_pb_use_builder":"on","_et_pb_old_content":"","_et_gb_content_width":"","footnotes":""},"class_list":["post-25642","page","type-page","status-publish","hentry"],"yoast_head":"<!-- This site is optimized with the Yoast SEO plugin v27.3 - https:\/\/yoast.com\/product\/yoast-seo-wordpress\/ -->\n<title>Canal de Compliance - Amigos do HC<\/title>\n<meta name=\"robots\" content=\"index, follow, max-snippet:-1, max-image-preview:large, max-video-preview:-1\" \/>\n<link rel=\"canonical\" href=\"https:\/\/www.amigosdohc.org.br\/en\/canal-de-compliance\/\" \/>\n<meta property=\"og:locale\" content=\"en_US\" \/>\n<meta property=\"og:type\" content=\"article\" \/>\n<meta property=\"og:title\" content=\"Canal de Compliance - Amigos do HC\" \/>\n<meta property=\"og:description\" content=\"Canal de complianceRelate condutas que violem leis, pol\u00edticas internas ou normas regulat\u00f3rias.Destinado a receber informa\u00e7\u00f5es sobre intercorr\u00eancias relacionadas a pol\u00edticas internas, legisla\u00e7\u00f5es ou normas regulat\u00f3rias, incluindo fraudes, corrup\u00e7\u00e3o, ass\u00e9dio, conflitos de interesse, lavagem de dinheiro, \u00e9tica profissional, entre outros comportamentos il\u00edcitos.PRIVACIDADE\u00a0 Politica de Privacidade Todos os Direitos Reservados \u00a9 | Associa\u00e7\u00e3o dos Amigos do Hospital [&hellip;]\" \/>\n<meta property=\"og:url\" content=\"https:\/\/www.amigosdohc.org.br\/en\/canal-de-compliance\/\" \/>\n<meta property=\"og:site_name\" content=\"Amigos do HC\" \/>\n<meta property=\"article:modified_time\" content=\"2025-05-27T15:42:40+00:00\" \/>\n<meta name=\"twitter:card\" content=\"summary_large_image\" \/>\n<meta name=\"twitter:label1\" content=\"Est. reading time\" \/>\n\t<meta name=\"twitter:data1\" content=\"6 minutes\" \/>\n<script type=\"application\/ld+json\" class=\"yoast-schema-graph\">{\"@context\":\"https:\\\/\\\/schema.org\",\"@graph\":[{\"@type\":\"WebPage\",\"@id\":\"https:\\\/\\\/www.amigosdohc.org.br\\\/canal-de-compliance\\\/\",\"url\":\"https:\\\/\\\/www.amigosdohc.org.br\\\/canal-de-compliance\\\/\",\"name\":\"Canal de Compliance - Amigos do HC\",\"isPartOf\":{\"@id\":\"https:\\\/\\\/www.amigosdohc.org.br\\\/#website\"},\"datePublished\":\"2025-05-27T15:22:49+00:00\",\"dateModified\":\"2025-05-27T15:42:40+00:00\",\"breadcrumb\":{\"@id\":\"https:\\\/\\\/www.amigosdohc.org.br\\\/canal-de-compliance\\\/#breadcrumb\"},\"inLanguage\":\"en-US\",\"potentialAction\":[{\"@type\":\"ReadAction\",\"target\":[\"https:\\\/\\\/www.amigosdohc.org.br\\\/canal-de-compliance\\\/\"]}]},{\"@type\":\"BreadcrumbList\",\"@id\":\"https:\\\/\\\/www.amigosdohc.org.br\\\/canal-de-compliance\\\/#breadcrumb\",\"itemListElement\":[{\"@type\":\"ListItem\",\"position\":1,\"name\":\"In\u00edcio\",\"item\":\"https:\\\/\\\/www.amigosdohc.org.br\\\/\"},{\"@type\":\"ListItem\",\"position\":2,\"name\":\"Canal de Compliance\"}]},{\"@type\":\"WebSite\",\"@id\":\"https:\\\/\\\/www.amigosdohc.org.br\\\/#website\",\"url\":\"https:\\\/\\\/www.amigosdohc.org.br\\\/\",\"name\":\"Amigos do HC\",\"description\":\"Associa\u00e7\u00e3o dos Amigos do HC\",\"potentialAction\":[{\"@type\":\"SearchAction\",\"target\":{\"@type\":\"EntryPoint\",\"urlTemplate\":\"https:\\\/\\\/www.amigosdohc.org.br\\\/?s={search_term_string}\"},\"query-input\":{\"@type\":\"PropertyValueSpecification\",\"valueRequired\":true,\"valueName\":\"search_term_string\"}}],\"inLanguage\":\"en-US\"}]}<\/script>\n<!-- \/ Yoast SEO plugin. -->","yoast_head_json":{"title":"Canal de Compliance - Amigos do HC","robots":{"index":"index","follow":"follow","max-snippet":"max-snippet:-1","max-image-preview":"max-image-preview:large","max-video-preview":"max-video-preview:-1"},"canonical":"https:\/\/www.amigosdohc.org.br\/en\/canal-de-compliance\/","og_locale":"en_US","og_type":"article","og_title":"Canal de Compliance - Amigos do HC","og_description":"Canal de complianceRelate condutas que violem leis, pol\u00edticas internas ou normas regulat\u00f3rias.Destinado a receber informa\u00e7\u00f5es sobre intercorr\u00eancias relacionadas a pol\u00edticas internas, legisla\u00e7\u00f5es ou normas regulat\u00f3rias, incluindo fraudes, corrup\u00e7\u00e3o, ass\u00e9dio, conflitos de interesse, lavagem de dinheiro, \u00e9tica profissional, entre outros comportamentos il\u00edcitos.PRIVACIDADE\u00a0 Politica de Privacidade Todos os Direitos Reservados \u00a9 | Associa\u00e7\u00e3o dos Amigos do Hospital [&hellip;]","og_url":"https:\/\/www.amigosdohc.org.br\/en\/canal-de-compliance\/","og_site_name":"Amigos do HC","article_modified_time":"2025-05-27T15:42:40+00:00","twitter_card":"summary_large_image","twitter_misc":{"Est. reading time":"6 minutes"},"schema":{"@context":"https:\/\/schema.org","@graph":[{"@type":"WebPage","@id":"https:\/\/www.amigosdohc.org.br\/canal-de-compliance\/","url":"https:\/\/www.amigosdohc.org.br\/canal-de-compliance\/","name":"Canal de Compliance - Amigos do HC","isPartOf":{"@id":"https:\/\/www.amigosdohc.org.br\/#website"},"datePublished":"2025-05-27T15:22:49+00:00","dateModified":"2025-05-27T15:42:40+00:00","breadcrumb":{"@id":"https:\/\/www.amigosdohc.org.br\/canal-de-compliance\/#breadcrumb"},"inLanguage":"en-US","potentialAction":[{"@type":"ReadAction","target":["https:\/\/www.amigosdohc.org.br\/canal-de-compliance\/"]}]},{"@type":"BreadcrumbList","@id":"https:\/\/www.amigosdohc.org.br\/canal-de-compliance\/#breadcrumb","itemListElement":[{"@type":"ListItem","position":1,"name":"In\u00edcio","item":"https:\/\/www.amigosdohc.org.br\/"},{"@type":"ListItem","position":2,"name":"Canal de Compliance"}]},{"@type":"WebSite","@id":"https:\/\/www.amigosdohc.org.br\/#website","url":"https:\/\/www.amigosdohc.org.br\/","name":"Amigos do HC","description":"Associa\u00e7\u00e3o dos Amigos do HC","potentialAction":[{"@type":"SearchAction","target":{"@type":"EntryPoint","urlTemplate":"https:\/\/www.amigosdohc.org.br\/?s={search_term_string}"},"query-input":{"@type":"PropertyValueSpecification","valueRequired":true,"valueName":"search_term_string"}}],"inLanguage":"en-US"}]}},"_links":{"self":[{"href":"https:\/\/www.amigosdohc.org.br\/en\/wp-json\/wp\/v2\/pages\/25642","targetHints":{"allow":["GET"]}}],"collection":[{"href":"https:\/\/www.amigosdohc.org.br\/en\/wp-json\/wp\/v2\/pages"}],"about":[{"href":"https:\/\/www.amigosdohc.org.br\/en\/wp-json\/wp\/v2\/types\/page"}],"author":[{"embeddable":true,"href":"https:\/\/www.amigosdohc.org.br\/en\/wp-json\/wp\/v2\/users\/3"}],"replies":[{"embeddable":true,"href":"https:\/\/www.amigosdohc.org.br\/en\/wp-json\/wp\/v2\/comments?post=25642"}],"version-history":[{"count":3,"href":"https:\/\/www.amigosdohc.org.br\/en\/wp-json\/wp\/v2\/pages\/25642\/revisions"}],"predecessor-version":[{"id":25646,"href":"https:\/\/www.amigosdohc.org.br\/en\/wp-json\/wp\/v2\/pages\/25642\/revisions\/25646"}],"wp:attachment":[{"href":"https:\/\/www.amigosdohc.org.br\/en\/wp-json\/wp\/v2\/media?parent=25642"}],"curies":[{"name":"wp","href":"https:\/\/api.w.org\/{rel}","templated":true}]}}