{"id":26211,"date":"2025-08-19T10:04:44","date_gmt":"2025-08-19T13:04:44","guid":{"rendered":"https:\/\/www.amigosdohc.org.br\/?page_id=26211"},"modified":"2025-08-19T10:17:54","modified_gmt":"2025-08-19T13:17:54","slug":"politica-de-acessibilidade","status":"publish","type":"page","link":"https:\/\/www.amigosdohc.org.br\/en\/politica-de-acessibilidade\/","title":{"rendered":"Pol\u00edtica de Acessibilidade"},"content":{"rendered":"<p>[et_pb_section fb_built=&#8221;1&#8243; admin_label=&#8221;section&#8221; _builder_version=&#8221;4.16&#8243; global_colors_info=&#8221;{}&#8221;][et_pb_row _builder_version=&#8221;4.16&#8243; _module_preset=&#8221;default&#8221; custom_padding=&#8221;42px|||||&#8221; global_colors_info=&#8221;{}&#8221;][et_pb_column type=&#8221;4_4&#8243; _builder_version=&#8221;4.16&#8243; _module_preset=&#8221;default&#8221; global_colors_info=&#8221;{}&#8221;][et_pb_text _builder_version=&#8221;4.19.4&#8243; _module_preset=&#8221;default&#8221; hover_enabled=&#8221;0&#8243; global_colors_info=&#8221;{}&#8221; sticky_enabled=&#8221;0&#8243;]<\/p>\n<h1><\/h1>\n<h1 data-start=\"192\" data-end=\"222\">Pol\u00edtica de Acessibilidade<\/h1>\n<p data-start=\"1317\" data-end=\"1461\">[\/et_pb_text][et_pb_text _builder_version=&#8221;4.19.4&#8243; _module_preset=&#8221;default&#8221; text_font_size=&#8221;19px&#8221; text_line_height=&#8221;1.8em&#8221; hover_enabled=&#8221;0&#8243; sticky_enabled=&#8221;0&#8243;]<\/p>\n<p>Nos Amigos do HC, acreditamos que solidariedade tamb\u00e9m \u00e9 inclus\u00e3o. Nosso site foi desenvolvido seguindo a <strong>Lei Brasileira de Inclus\u00e3o da Pessoa com Defici\u00eancia<\/strong> (Lei n\u00ba 13.146\/2015) e a <strong>ABNT NBR<\/strong> 17225:2025, baseada nas recomenda\u00e7\u00f5es internacionais <strong>WCAG<\/strong> 2.2 (<em>Web Content Accessibility Guidelines<\/em>).<\/p>\n<p>[\/et_pb_text][et_pb_text _builder_version=&#8221;4.19.4&#8243; _module_preset=&#8221;default&#8221; text_font_size=&#8221;19px&#8221; hover_enabled=&#8221;0&#8243; sticky_enabled=&#8221;0&#8243;]<\/p>\n<p><strong>Ferramentas de acessibilidade dispon\u00edveis:<br \/><\/strong>Para facilitar a navega\u00e7\u00e3o e leitura, disponibilizamos um plugin de acessibilidade que permite:<\/p>\n<ul>\n<li data-start=\"681\" data-end=\"771\">\n<p data-start=\"683\" data-end=\"771\">Aumentar ou diminuir o tamanho do texto, adaptando a leitura \u00e0s suas necessidades;<\/p>\n<\/li>\n<li data-start=\"772\" data-end=\"803\">\n<p data-start=\"774\" data-end=\"803\">Ativar escala de cinza;<\/p>\n<\/li>\n<li data-start=\"804\" data-end=\"885\">\n<p data-start=\"806\" data-end=\"885\">Ativar alto contraste ou contraste negativo para melhor visibilidade;<\/p>\n<\/li>\n<li data-start=\"886\" data-end=\"927\">\n<p data-start=\"888\" data-end=\"927\">Alterar a cor de fundo da p\u00e1gina;<\/p>\n<\/li>\n<li data-start=\"928\" data-end=\"991\">\n<p data-start=\"930\" data-end=\"991\">Destacar os links sublinhados para f\u00e1cil identifica\u00e7\u00e3o;<\/p>\n<\/li>\n<li data-start=\"992\" data-end=\"1058\">\n<p data-start=\"994\" data-end=\"1058\">Habilitar fonte leg\u00edvel, que melhora a clareza dos textos;<\/p>\n<\/li>\n<li data-start=\"1059\" data-end=\"1131\">\n<p data-start=\"1061\" data-end=\"1131\">Reiniciar as configura\u00e7\u00f5es de acessibilidade a qualquer momento.<\/p>\n<\/li>\n<\/ul>\n<p><strong>\u00a0<\/strong><\/p>\n<p>[\/et_pb_text][et_pb_text _builder_version=&#8221;4.19.4&#8243; _module_preset=&#8221;default&#8221; text_font_size=&#8221;19px&#8221; hover_enabled=&#8221;0&#8243; sticky_enabled=&#8221;0&#8243;]<\/p>\n<p><strong>Nosso compromisso<\/strong><\/p>\n<p>Estamos em constante aprimoramento para eliminar barreiras digitais e garantir que todas as pessoas tenham autonomia e conforto ao acessar nossos conte\u00fados.<\/p>\n<p>Caso voc\u00ea encontre alguma dificuldade de navega\u00e7\u00e3o ou tenha sugest\u00f5es de melhoria, entre em contato:<br \/><a href=\"mailto:web@amigosdohc.org.br\">web@amigosdohc.org.br<\/a><\/p>\n<p>[\/et_pb_text][\/et_pb_column][\/et_pb_row][\/et_pb_section]<\/p>\n","protected":false},"excerpt":{"rendered":"<p>Pol\u00edtica de Acessibilidade Nos Amigos do HC, acreditamos que solidariedade tamb\u00e9m \u00e9 inclus\u00e3o. Nosso site foi desenvolvido seguindo a Lei Brasileira de Inclus\u00e3o da Pessoa com Defici\u00eancia (Lei n\u00ba 13.146\/2015) e a ABNT NBR 17225:2025, baseada nas recomenda\u00e7\u00f5es internacionais WCAG 2.2 (Web Content Accessibility Guidelines).Ferramentas de acessibilidade dispon\u00edveis:Para facilitar a navega\u00e7\u00e3o e leitura, disponibilizamos um [&hellip;]<\/p>\n","protected":false},"author":3,"featured_media":0,"parent":0,"menu_order":0,"comment_status":"closed","ping_status":"closed","template":"","meta":{"_et_pb_use_builder":"on","_et_pb_old_content":"","_et_gb_content_width":"","footnotes":""},"class_list":["post-26211","page","type-page","status-publish","hentry"],"yoast_head":"<!-- This site is optimized with the Yoast SEO plugin v27.3 - https:\/\/yoast.com\/product\/yoast-seo-wordpress\/ -->\n<title>Pol\u00edtica de Acessibilidade - Amigos do HC<\/title>\n<meta name=\"robots\" content=\"index, follow, max-snippet:-1, max-image-preview:large, max-video-preview:-1\" \/>\n<link rel=\"canonical\" href=\"https:\/\/www.amigosdohc.org.br\/en\/politica-de-acessibilidade\/\" \/>\n<meta property=\"og:locale\" content=\"en_US\" \/>\n<meta property=\"og:type\" content=\"article\" \/>\n<meta property=\"og:title\" content=\"Pol\u00edtica de Acessibilidade - Amigos do HC\" \/>\n<meta property=\"og:description\" content=\"Pol\u00edtica de Acessibilidade Nos Amigos do HC, acreditamos que solidariedade tamb\u00e9m \u00e9 inclus\u00e3o. Nosso site foi desenvolvido seguindo a Lei Brasileira de Inclus\u00e3o da Pessoa com Defici\u00eancia (Lei n\u00ba 13.146\/2015) e a ABNT NBR 17225:2025, baseada nas recomenda\u00e7\u00f5es internacionais WCAG 2.2 (Web Content Accessibility Guidelines).Ferramentas de acessibilidade dispon\u00edveis:Para facilitar a navega\u00e7\u00e3o e leitura, disponibilizamos um [&hellip;]\" \/>\n<meta property=\"og:url\" content=\"https:\/\/www.amigosdohc.org.br\/en\/politica-de-acessibilidade\/\" \/>\n<meta property=\"og:site_name\" content=\"Amigos do HC\" \/>\n<meta property=\"article:modified_time\" content=\"2025-08-19T13:17:54+00:00\" \/>\n<meta name=\"twitter:card\" content=\"summary_large_image\" \/>\n<meta name=\"twitter:label1\" content=\"Est. reading time\" \/>\n\t<meta name=\"twitter:data1\" content=\"2 minutes\" \/>\n<script type=\"application\/ld+json\" class=\"yoast-schema-graph\">{\"@context\":\"https:\\\/\\\/schema.org\",\"@graph\":[{\"@type\":\"WebPage\",\"@id\":\"https:\\\/\\\/www.amigosdohc.org.br\\\/politica-de-acessibilidade\\\/\",\"url\":\"https:\\\/\\\/www.amigosdohc.org.br\\\/politica-de-acessibilidade\\\/\",\"name\":\"Pol\u00edtica de Acessibilidade - Amigos do HC\",\"isPartOf\":{\"@id\":\"https:\\\/\\\/www.amigosdohc.org.br\\\/#website\"},\"datePublished\":\"2025-08-19T13:04:44+00:00\",\"dateModified\":\"2025-08-19T13:17:54+00:00\",\"breadcrumb\":{\"@id\":\"https:\\\/\\\/www.amigosdohc.org.br\\\/politica-de-acessibilidade\\\/#breadcrumb\"},\"inLanguage\":\"en-US\",\"potentialAction\":[{\"@type\":\"ReadAction\",\"target\":[\"https:\\\/\\\/www.amigosdohc.org.br\\\/politica-de-acessibilidade\\\/\"]}]},{\"@type\":\"BreadcrumbList\",\"@id\":\"https:\\\/\\\/www.amigosdohc.org.br\\\/politica-de-acessibilidade\\\/#breadcrumb\",\"itemListElement\":[{\"@type\":\"ListItem\",\"position\":1,\"name\":\"In\u00edcio\",\"item\":\"https:\\\/\\\/www.amigosdohc.org.br\\\/\"},{\"@type\":\"ListItem\",\"position\":2,\"name\":\"Pol\u00edtica de Acessibilidade\"}]},{\"@type\":\"WebSite\",\"@id\":\"https:\\\/\\\/www.amigosdohc.org.br\\\/#website\",\"url\":\"https:\\\/\\\/www.amigosdohc.org.br\\\/\",\"name\":\"Amigos do HC\",\"description\":\"Associa\u00e7\u00e3o dos Amigos do HC\",\"potentialAction\":[{\"@type\":\"SearchAction\",\"target\":{\"@type\":\"EntryPoint\",\"urlTemplate\":\"https:\\\/\\\/www.amigosdohc.org.br\\\/?s={search_term_string}\"},\"query-input\":{\"@type\":\"PropertyValueSpecification\",\"valueRequired\":true,\"valueName\":\"search_term_string\"}}],\"inLanguage\":\"en-US\"}]}<\/script>\n<!-- \/ Yoast SEO plugin. -->","yoast_head_json":{"title":"Pol\u00edtica de Acessibilidade - Amigos do HC","robots":{"index":"index","follow":"follow","max-snippet":"max-snippet:-1","max-image-preview":"max-image-preview:large","max-video-preview":"max-video-preview:-1"},"canonical":"https:\/\/www.amigosdohc.org.br\/en\/politica-de-acessibilidade\/","og_locale":"en_US","og_type":"article","og_title":"Pol\u00edtica de Acessibilidade - Amigos do HC","og_description":"Pol\u00edtica de Acessibilidade Nos Amigos do HC, acreditamos que solidariedade tamb\u00e9m \u00e9 inclus\u00e3o. Nosso site foi desenvolvido seguindo a Lei Brasileira de Inclus\u00e3o da Pessoa com Defici\u00eancia (Lei n\u00ba 13.146\/2015) e a ABNT NBR 17225:2025, baseada nas recomenda\u00e7\u00f5es internacionais WCAG 2.2 (Web Content Accessibility Guidelines).Ferramentas de acessibilidade dispon\u00edveis:Para facilitar a navega\u00e7\u00e3o e leitura, disponibilizamos um [&hellip;]","og_url":"https:\/\/www.amigosdohc.org.br\/en\/politica-de-acessibilidade\/","og_site_name":"Amigos do HC","article_modified_time":"2025-08-19T13:17:54+00:00","twitter_card":"summary_large_image","twitter_misc":{"Est. reading time":"2 minutes"},"schema":{"@context":"https:\/\/schema.org","@graph":[{"@type":"WebPage","@id":"https:\/\/www.amigosdohc.org.br\/politica-de-acessibilidade\/","url":"https:\/\/www.amigosdohc.org.br\/politica-de-acessibilidade\/","name":"Pol\u00edtica de Acessibilidade - Amigos do HC","isPartOf":{"@id":"https:\/\/www.amigosdohc.org.br\/#website"},"datePublished":"2025-08-19T13:04:44+00:00","dateModified":"2025-08-19T13:17:54+00:00","breadcrumb":{"@id":"https:\/\/www.amigosdohc.org.br\/politica-de-acessibilidade\/#breadcrumb"},"inLanguage":"en-US","potentialAction":[{"@type":"ReadAction","target":["https:\/\/www.amigosdohc.org.br\/politica-de-acessibilidade\/"]}]},{"@type":"BreadcrumbList","@id":"https:\/\/www.amigosdohc.org.br\/politica-de-acessibilidade\/#breadcrumb","itemListElement":[{"@type":"ListItem","position":1,"name":"In\u00edcio","item":"https:\/\/www.amigosdohc.org.br\/"},{"@type":"ListItem","position":2,"name":"Pol\u00edtica de Acessibilidade"}]},{"@type":"WebSite","@id":"https:\/\/www.amigosdohc.org.br\/#website","url":"https:\/\/www.amigosdohc.org.br\/","name":"Amigos do HC","description":"Associa\u00e7\u00e3o dos Amigos do HC","potentialAction":[{"@type":"SearchAction","target":{"@type":"EntryPoint","urlTemplate":"https:\/\/www.amigosdohc.org.br\/?s={search_term_string}"},"query-input":{"@type":"PropertyValueSpecification","valueRequired":true,"valueName":"search_term_string"}}],"inLanguage":"en-US"}]}},"_links":{"self":[{"href":"https:\/\/www.amigosdohc.org.br\/en\/wp-json\/wp\/v2\/pages\/26211","targetHints":{"allow":["GET"]}}],"collection":[{"href":"https:\/\/www.amigosdohc.org.br\/en\/wp-json\/wp\/v2\/pages"}],"about":[{"href":"https:\/\/www.amigosdohc.org.br\/en\/wp-json\/wp\/v2\/types\/page"}],"author":[{"embeddable":true,"href":"https:\/\/www.amigosdohc.org.br\/en\/wp-json\/wp\/v2\/users\/3"}],"replies":[{"embeddable":true,"href":"https:\/\/www.amigosdohc.org.br\/en\/wp-json\/wp\/v2\/comments?post=26211"}],"version-history":[{"count":3,"href":"https:\/\/www.amigosdohc.org.br\/en\/wp-json\/wp\/v2\/pages\/26211\/revisions"}],"predecessor-version":[{"id":26216,"href":"https:\/\/www.amigosdohc.org.br\/en\/wp-json\/wp\/v2\/pages\/26211\/revisions\/26216"}],"wp:attachment":[{"href":"https:\/\/www.amigosdohc.org.br\/en\/wp-json\/wp\/v2\/media?parent=26211"}],"curies":[{"name":"wp","href":"https:\/\/api.w.org\/{rel}","templated":true}]}}