{"id":26492,"date":"2025-09-30T08:38:07","date_gmt":"2025-09-30T11:38:07","guid":{"rendered":"https:\/\/www.amigosdohc.org.br\/?page_id=26492"},"modified":"2025-09-30T09:38:12","modified_gmt":"2025-09-30T12:38:12","slug":"carlos-air","status":"publish","type":"page","link":"https:\/\/www.amigosdohc.org.br\/en\/carlos-air\/","title":{"rendered":"Carlos Air"},"content":{"rendered":"<p>[et_pb_section fb_built=&#8221;1&#8243; theme_builder_area=&#8221;post_content&#8221; _builder_version=&#8221;4.27.4&#8243; _module_preset=&#8221;default&#8221; width=&#8221;100%&#8221; max_width=&#8221;100%&#8221; module_alignment=&#8221;center&#8221; hover_enabled=&#8221;0&#8243; sticky_enabled=&#8221;0&#8243; custom_padding=&#8221;0px||0px||false|false&#8221; custom_margin=&#8221;0px||0px||false|false&#8221;][et_pb_row _builder_version=&#8221;4.27.4&#8243; _module_preset=&#8221;default&#8221; theme_builder_area=&#8221;post_content&#8221; width=&#8221;100%&#8221; max_width=&#8221;1920px&#8221; hover_enabled=&#8221;0&#8243; sticky_enabled=&#8221;0&#8243; custom_margin=&#8221;0px||0px||false|false&#8221; custom_padding=&#8221;0px||0px||false|false&#8221;][et_pb_column _builder_version=&#8221;4.27.4&#8243; _module_preset=&#8221;default&#8221; type=&#8221;4_4&#8243; theme_builder_area=&#8221;post_content&#8221;][et_pb_image src=&#8221;https:\/\/www.amigosdohc.org.br\/wp-content\/uploads\/2025\/09\/LandingPage-CarlosAir-Banner.jpg&#8221; _builder_version=&#8221;4.27.4&#8243; _module_preset=&#8221;default&#8221; theme_builder_area=&#8221;post_content&#8221; title_text=&#8221;LandingPage-CarlosAir-Banner&#8221; force_fullwidth=&#8221;on&#8221; hover_enabled=&#8221;0&#8243; sticky_enabled=&#8221;0&#8243; custom_padding=&#8221;0px||0px||false|false&#8221; custom_margin=&#8221;0px||0px||false|false&#8221;][\/et_pb_image][\/et_pb_column][\/et_pb_row][\/et_pb_section][et_pb_section fb_built=&#8221;1&#8243; theme_builder_area=&#8221;post_content&#8221; _builder_version=&#8221;4.27.4&#8243; _module_preset=&#8221;default&#8221; background_color=&#8221;#43b9d0&#8243; hover_enabled=&#8221;0&#8243; sticky_enabled=&#8221;0&#8243; custom_padding=&#8221;||0px||false|false&#8221; custom_margin=&#8221;||-20px||false|false&#8221;][et_pb_row _builder_version=&#8221;4.27.4&#8243; _module_preset=&#8221;default&#8221; theme_builder_area=&#8221;post_content&#8221; width=&#8221;90%&#8221; hover_enabled=&#8221;0&#8243; sticky_enabled=&#8221;0&#8243; max_width=&#8221;1650px&#8221;][et_pb_column _builder_version=&#8221;4.27.4&#8243; _module_preset=&#8221;default&#8221; type=&#8221;4_4&#8243; theme_builder_area=&#8221;post_content&#8221;][et_pb_text _builder_version=&#8221;4.27.4&#8243; _module_preset=&#8221;default&#8221; theme_builder_area=&#8221;post_content&#8221; text_font_size=&#8221;55px&#8221; text_font=&#8221;Karla|800|||||||&#8221; text_text_color=&#8221;#FFFFFF&#8221; hover_enabled=&#8221;0&#8243; sticky_enabled=&#8221;0&#8243; text_orientation=&#8221;center&#8221; custom_margin=&#8221;0px||50px||false|false&#8221;]<\/p>\n<p>Garanta seu e-book e contribua!<\/p>\n<p>[\/et_pb_text][et_pb_divider _builder_version=&#8221;4.27.4&#8243; _module_preset=&#8221;default&#8221; theme_builder_area=&#8221;post_content&#8221; divider_weight=&#8221;11px&#8221; width=&#8221;10%&#8221; color=&#8221;#1c5f6f&#8221; module_alignment=&#8221;center&#8221; hover_enabled=&#8221;0&#8243; sticky_enabled=&#8221;0&#8243;][\/et_pb_divider][\/et_pb_column][\/et_pb_row][\/et_pb_section][et_pb_section fb_built=&#8221;1&#8243; theme_builder_area=&#8221;post_content&#8221; _builder_version=&#8221;4.27.4&#8243; _module_preset=&#8221;default&#8221; background_color=&#8221;#43b9d0&#8243; hover_enabled=&#8221;0&#8243; sticky_enabled=&#8221;0&#8243; custom_margin=&#8221;0px||0px||false|false&#8221; custom_padding=&#8221;0px||90px||false|false&#8221;][et_pb_row _builder_version=&#8221;4.27.4&#8243; _module_preset=&#8221;default&#8221; theme_builder_area=&#8221;post_content&#8221; hover_enabled=&#8221;0&#8243; sticky_enabled=&#8221;0&#8243; max_width=&#8221;1650px&#8221; column_structure=&#8221;1_3,1_3,1_3&#8243; custom_padding=&#8221;||0px||false|false&#8221; custom_margin=&#8221;||0px||false|false&#8221;][et_pb_column _builder_version=&#8221;4.27.4&#8243; _module_preset=&#8221;default&#8221; type=&#8221;1_3&#8243; theme_builder_area=&#8221;post_content&#8221;][et_pb_image src=&#8221;https:\/\/www.amigosdohc.org.br\/wp-content\/uploads\/2025\/09\/Ativo-7-3.png&#8221; _builder_version=&#8221;4.27.4&#8243; _module_preset=&#8221;default&#8221; theme_builder_area=&#8221;post_content&#8221; title_text=&#8221;Ativo 7&#8243; hover_enabled=&#8221;0&#8243; sticky_enabled=&#8221;0&#8243;][\/et_pb_image][\/et_pb_column][et_pb_column _builder_version=&#8221;4.27.4&#8243; _module_preset=&#8221;default&#8221; type=&#8221;1_3&#8243; theme_builder_area=&#8221;post_content&#8221;][et_pb_image src=&#8221;https:\/\/www.amigosdohc.org.br\/wp-content\/uploads\/2025\/09\/Ativo-6-1.png&#8221; _builder_version=&#8221;4.27.4&#8243; _module_preset=&#8221;default&#8221; theme_builder_area=&#8221;post_content&#8221; title_text=&#8221;Ativo 6&#8243; hover_enabled=&#8221;0&#8243; sticky_enabled=&#8221;0&#8243;][\/et_pb_image][\/et_pb_column][et_pb_column _builder_version=&#8221;4.27.4&#8243; _module_preset=&#8221;default&#8221; type=&#8221;1_3&#8243; theme_builder_area=&#8221;post_content&#8221;][et_pb_image src=&#8221;https:\/\/www.amigosdohc.org.br\/wp-content\/uploads\/2025\/09\/Ativo-5-1.png&#8221; _builder_version=&#8221;4.27.4&#8243; _module_preset=&#8221;default&#8221; theme_builder_area=&#8221;post_content&#8221; title_text=&#8221;Ativo 5&#8243; hover_enabled=&#8221;0&#8243; sticky_enabled=&#8221;0&#8243;][\/et_pb_image][\/et_pb_column][\/et_pb_row][et_pb_row _builder_version=&#8221;4.27.4&#8243; _module_preset=&#8221;default&#8221; theme_builder_area=&#8221;post_content&#8221; hover_enabled=&#8221;0&#8243; sticky_enabled=&#8221;0&#8243; max_width=&#8221;1650px&#8221; column_structure=&#8221;1_3,1_3,1_3&#8243; custom_padding=&#8221;0px||0px||false|false&#8221; custom_margin=&#8221;||0px||false|false&#8221;][et_pb_column _builder_version=&#8221;4.27.4&#8243; _module_preset=&#8221;default&#8221; type=&#8221;1_3&#8243; theme_builder_area=&#8221;post_content&#8221; hover_enabled=&#8221;0&#8243; sticky_enabled=&#8221;0&#8243; background_color=&#8221;#1c5f6f&#8221; custom_padding=&#8221;30px||30px||false|false&#8221;][et_pb_button button_text=&#8221;Saiba mais&#8221; _builder_version=&#8221;4.27.4&#8243; _module_preset=&#8221;default&#8221; theme_builder_area=&#8221;post_content&#8221; custom_button=&#8221;on&#8221; button_bg_color=&#8221;#FFFFFF&#8221; button_bg_enable_color=&#8221;on&#8221; button_text_color=&#8221;#1c5f6f&#8221; button_font=&#8221;Karla|800|||||||&#8221; button_border_radius=&#8221;100px&#8221; button_border_color=&#8221;RGBA(255,255,255,0)&#8221; button_alignment=&#8221;center&#8221; hover_enabled=&#8221;0&#8243; sticky_enabled=&#8221;0&#8243; custom_margin=&#8221;||25px||false|false&#8221; button_url=&#8221;https:\/\/sun.eduzz.com\/988094&#8243;][\/et_pb_button][\/et_pb_column][et_pb_column _builder_version=&#8221;4.27.4&#8243; _module_preset=&#8221;default&#8221; type=&#8221;1_3&#8243; theme_builder_area=&#8221;post_content&#8221; hover_enabled=&#8221;0&#8243; sticky_enabled=&#8221;0&#8243; background_color=&#8221;#1c5f6f&#8221; custom_padding=&#8221;30px||30px||false|false&#8221;][et_pb_button button_text=&#8221;Saiba mais&#8221; _builder_version=&#8221;4.27.4&#8243; _module_preset=&#8221;default&#8221; theme_builder_area=&#8221;post_content&#8221; custom_button=&#8221;on&#8221; button_bg_color=&#8221;#FFFFFF&#8221; button_bg_enable_color=&#8221;on&#8221; button_text_color=&#8221;#1c5f6f&#8221; button_font=&#8221;Karla|800|||||||&#8221; button_border_radius=&#8221;100px&#8221; button_border_color=&#8221;RGBA(255,255,255,0)&#8221; button_alignment=&#8221;center&#8221; hover_enabled=&#8221;0&#8243; sticky_enabled=&#8221;0&#8243; button_url=&#8221;https:\/\/sun.eduzz.com\/1448286&#8243; custom_margin=&#8221;||25px||false|false&#8221;][\/et_pb_button][\/et_pb_column][et_pb_column _builder_version=&#8221;4.27.4&#8243; _module_preset=&#8221;default&#8221; type=&#8221;1_3&#8243; theme_builder_area=&#8221;post_content&#8221; hover_enabled=&#8221;0&#8243; sticky_enabled=&#8221;0&#8243; background_color=&#8221;#1c5f6f&#8221; custom_padding=&#8221;30px||30px||false|false&#8221;][et_pb_button button_text=&#8221;Saiba mais&#8221; _builder_version=&#8221;4.27.4&#8243; _module_preset=&#8221;default&#8221; theme_builder_area=&#8221;post_content&#8221; custom_button=&#8221;on&#8221; button_bg_color=&#8221;#FFFFFF&#8221; button_bg_enable_color=&#8221;on&#8221; button_text_color=&#8221;#1c5f6f&#8221; button_font=&#8221;Karla|800|||||||&#8221; button_border_radius=&#8221;100px&#8221; button_border_color=&#8221;RGBA(255,255,255,0)&#8221; button_alignment=&#8221;center&#8221; hover_enabled=&#8221;0&#8243; sticky_enabled=&#8221;0&#8243; button_url=&#8221;https:\/\/chk.eduzz.com\/797V4EOAWE&#8221; custom_margin=&#8221;||25px||false|false&#8221;][\/et_pb_button][\/et_pb_column][\/et_pb_row][\/et_pb_section][et_pb_section fb_built=&#8221;1&#8243; theme_builder_area=&#8221;post_content&#8221; _builder_version=&#8221;4.27.4&#8243; _module_preset=&#8221;default&#8221; background_color=&#8221;#FFFFFF&#8221; hover_enabled=&#8221;0&#8243; sticky_enabled=&#8221;0&#8243; custom_padding=&#8221;||50px||false|false&#8221; custom_margin=&#8221;||0px||false|false&#8221;][et_pb_row _builder_version=&#8221;4.27.4&#8243; _module_preset=&#8221;default&#8221; theme_builder_area=&#8221;post_content&#8221; width=&#8221;90%&#8221; hover_enabled=&#8221;0&#8243; sticky_enabled=&#8221;0&#8243; max_width=&#8221;1650px&#8221; column_structure=&#8221;2_5,3_5&#8243;][et_pb_column _builder_version=&#8221;4.27.4&#8243; _module_preset=&#8221;default&#8221; type=&#8221;2_5&#8243; theme_builder_area=&#8221;post_content&#8221;][et_pb_image src=&#8221;https:\/\/www.amigosdohc.org.br\/wp-content\/uploads\/2025\/09\/Ativo-10-2.png&#8221; _builder_version=&#8221;4.27.4&#8243; _module_preset=&#8221;default&#8221; theme_builder_area=&#8221;post_content&#8221; title_text=&#8221;Ativo 10&#8243; hover_enabled=&#8221;0&#8243; sticky_enabled=&#8221;0&#8243;][\/et_pb_image][\/et_pb_column][et_pb_column _builder_version=&#8221;4.27.4&#8243; _module_preset=&#8221;default&#8221; type=&#8221;3_5&#8243; theme_builder_area=&#8221;post_content&#8221;][et_pb_text _builder_version=&#8221;4.27.4&#8243; _module_preset=&#8221;default&#8221; theme_builder_area=&#8221;post_content&#8221; text_font_size=&#8221;55px&#8221; text_font=&#8221;Karla|800|||||||&#8221; text_text_color=&#8221;#000000&#8243; hover_enabled=&#8221;0&#8243; sticky_enabled=&#8221;0&#8243; text_orientation=&#8221;center&#8221; custom_margin=&#8221;65px||50px||false|false&#8221;]<\/p>\n<p style=\"text-align: left;\"><em>Carlos Air<\/em><\/p>\n<p>[\/et_pb_text][et_pb_divider _builder_version=&#8221;4.27.4&#8243; _module_preset=&#8221;default&#8221; theme_builder_area=&#8221;post_content&#8221; color=&#8221;#43b9d0&#8243; divider_weight=&#8221;5px&#8221; custom_margin=&#8221;||37px|-91px|false|false&#8221; hover_enabled=&#8221;0&#8243; sticky_enabled=&#8221;0&#8243;][\/et_pb_divider][et_pb_text _builder_version=&#8221;4.27.4&#8243; _module_preset=&#8221;default&#8221; theme_builder_area=&#8221;post_content&#8221; text_font_size=&#8221;26px&#8221; text_font=&#8221;Karla|300|||||||&#8221; text_text_color=&#8221;#000000&#8243; hover_enabled=&#8221;0&#8243; sticky_enabled=&#8221;0&#8243; text_orientation=&#8221;center&#8221; custom_margin=&#8221;0px||0px||false|false&#8221; text_line_height=&#8221;1.5em&#8221;]<\/p>\n<p style=\"text-align: left;\">Carlos Air \u00e9 escritor, empres\u00e1rio, colunista e filantropo. Formado em Empreendedorismo em Economias Emergentes pela Harvard University, \u00e9<br \/>CEO da Air CBA New York, empresa especializada em higieniza\u00e7\u00e3o e est\u00e9tica<br \/>de aeronaves, barcos e ve\u00edculos de luxo. Autor do best-seller \u201cRico Pobre \u2013<br \/>A Diferen\u00e7a N\u00e3o \u00e9 o Dinheiro\u201d e de outros t\u00edtulos sobre neg\u00f3cios e desenvolvimento pessoal, Carlos se destaca por seu trabalho social, destinando exemplares de suas obras a escolas p\u00fablicas e projetos educacionais. Sua atua\u00e7\u00e3o como escritor tem como prop\u00f3sito inspirar empreendedores e apoiar crian\u00e7as em tratamento hospitalar e de idosos.<\/p>\n<p>[\/et_pb_text][\/et_pb_column][\/et_pb_row][\/et_pb_section][et_pb_section fb_built=&#8221;1&#8243; theme_builder_area=&#8221;post_content&#8221; _builder_version=&#8221;4.27.4&#8243; _module_preset=&#8221;default&#8221; background_color=&#8221;#1c5f6f&#8221; hover_enabled=&#8221;0&#8243; sticky_enabled=&#8221;0&#8243; custom_padding=&#8221;||70px||false|false&#8221; custom_margin=&#8221;||0px||false|false&#8221;][et_pb_row _builder_version=&#8221;4.27.4&#8243; _module_preset=&#8221;default&#8221; theme_builder_area=&#8221;post_content&#8221; width=&#8221;90%&#8221; hover_enabled=&#8221;0&#8243; sticky_enabled=&#8221;0&#8243; max_width=&#8221;1650px&#8221; column_structure=&#8221;3_5,2_5&#8243;][et_pb_column _builder_version=&#8221;4.27.4&#8243; _module_preset=&#8221;default&#8221; type=&#8221;3_5&#8243; theme_builder_area=&#8221;post_content&#8221;][et_pb_text _builder_version=&#8221;4.27.4&#8243; _module_preset=&#8221;default&#8221; theme_builder_area=&#8221;post_content&#8221; text_font_size=&#8221;55px&#8221; text_font=&#8221;Karla|800|||||||&#8221; text_text_color=&#8221;#FFFFFF&#8221; hover_enabled=&#8221;0&#8243; sticky_enabled=&#8221;0&#8243; text_orientation=&#8221;center&#8221; custom_margin=&#8221;65px|0px|50px|0px|false|false&#8221; custom_padding=&#8221;|0px|||false|false&#8221;]<\/p>\n<p style=\"text-align: left;\"><em>Causa Solid\u00e1ria<\/em><\/p>\n<p>[\/et_pb_text][et_pb_divider _builder_version=&#8221;4.27.4&#8243; _module_preset=&#8221;default&#8221; theme_builder_area=&#8221;post_content&#8221; color=&#8221;#43b9d0&#8243; divider_weight=&#8221;5px&#8221; custom_margin=&#8221;|-90px|37px|0px|false|false&#8221; hover_enabled=&#8221;0&#8243; sticky_enabled=&#8221;0&#8243;][\/et_pb_divider][et_pb_text _builder_version=&#8221;4.27.4&#8243; _module_preset=&#8221;default&#8221; theme_builder_area=&#8221;post_content&#8221; text_font_size=&#8221;26px&#8221; text_font=&#8221;Karla|300|||||||&#8221; text_text_color=&#8221;#FFFFFF&#8221; hover_enabled=&#8221;0&#8243; sticky_enabled=&#8221;0&#8243; text_orientation=&#8221;center&#8221; custom_margin=&#8221;0px|22px|0px||false|false&#8221; text_line_height=&#8221;1.5em&#8221;]<\/p>\n<p style=\"text-align: left;\"><strong>Ao adquirir os livros de Carlos Air, voc\u00ea contribui diretamente para os Amigos do HC<\/strong>, institui\u00e7\u00e3o que apoia pacientes do SUS do Complexo Hospital de Cl\u00ednicas da UFPR, seus familiares e acompanhantes. A organiza\u00e7\u00e3o mant\u00e9m programas que oferecem atendimento especializado a crian\u00e7as e adolescentes v\u00edtimas de viol\u00eancia e promovem o envelhecimento digno de pessoas idosas, garantindo cuidado, prote\u00e7\u00e3o e esperan\u00e7a para quem mais precisa. Cada livro adquirido \u00e9 um gesto de solidariedade que ajuda a sustentar essas a\u00e7\u00f5es e transformar vidas.<\/p>\n<p>[\/et_pb_text][et_pb_button button_text=&#8221;Saiba mais sobre os Amigos do HC&#8221; _builder_version=&#8221;4.27.4&#8243; _module_preset=&#8221;default&#8221; theme_builder_area=&#8221;post_content&#8221; custom_button=&#8221;on&#8221; button_bg_color=&#8221;#43b9d0&#8243; button_bg_enable_color=&#8221;on&#8221; button_text_color=&#8221;#FFFFFF&#8221; button_font=&#8221;Karla|800|||||||&#8221; button_border_radius=&#8221;0px&#8221; button_border_color=&#8221;RGBA(255,255,255,0)&#8221; button_alignment=&#8221;left&#8221; hover_enabled=&#8221;0&#8243; sticky_enabled=&#8221;0&#8243; custom_margin=&#8221;60px||11px||false|false&#8221; button_text_size=&#8221;23px&#8221; button_url=&#8221;https:\/\/www.amigosdohc.org.br\/&#8221;][\/et_pb_button][\/et_pb_column][et_pb_column _builder_version=&#8221;4.27.4&#8243; _module_preset=&#8221;default&#8221; type=&#8221;2_5&#8243; theme_builder_area=&#8221;post_content&#8221;][et_pb_image src=&#8221;https:\/\/www.amigosdohc.org.br\/wp-content\/uploads\/2025\/09\/Ativo-9-3.png&#8221; _builder_version=&#8221;4.27.4&#8243; _module_preset=&#8221;default&#8221; theme_builder_area=&#8221;post_content&#8221; title_text=&#8221;Ativo 9&#8243; hover_enabled=&#8221;0&#8243; sticky_enabled=&#8221;0&#8243; width=&#8221;87%&#8221;][\/et_pb_image][\/et_pb_column][\/et_pb_row][\/et_pb_section]<\/p>\n","protected":false},"excerpt":{"rendered":"<p>Garanta seu e-book e contribua!Carlos AirCarlos Air \u00e9 escritor, empres\u00e1rio, colunista e filantropo. Formado em Empreendedorismo em Economias Emergentes pela Harvard University, \u00e9CEO da Air CBA New York, empresa especializada em higieniza\u00e7\u00e3o e est\u00e9ticade aeronaves, barcos e ve\u00edculos de luxo. Autor do best-seller \u201cRico Pobre \u2013A Diferen\u00e7a N\u00e3o \u00e9 o Dinheiro\u201d e de outros t\u00edtulos [&hellip;]<\/p>\n","protected":false},"author":3,"featured_media":0,"parent":0,"menu_order":0,"comment_status":"closed","ping_status":"closed","template":"","meta":{"_et_pb_use_builder":"on","_et_pb_old_content":"","_et_gb_content_width":"","footnotes":""},"class_list":["post-26492","page","type-page","status-publish","hentry"],"yoast_head":"<!-- This site is optimized with the Yoast SEO plugin v27.3 - https:\/\/yoast.com\/product\/yoast-seo-wordpress\/ -->\n<title>Carlos Air - Amigos do HC<\/title>\n<meta name=\"robots\" content=\"index, follow, max-snippet:-1, max-image-preview:large, max-video-preview:-1\" \/>\n<link rel=\"canonical\" href=\"https:\/\/www.amigosdohc.org.br\/en\/carlos-air\/\" \/>\n<meta property=\"og:locale\" content=\"en_US\" \/>\n<meta property=\"og:type\" content=\"article\" \/>\n<meta property=\"og:title\" content=\"Carlos Air - Amigos do HC\" \/>\n<meta property=\"og:description\" content=\"Garanta seu e-book e contribua!Carlos AirCarlos Air \u00e9 escritor, empres\u00e1rio, colunista e filantropo. Formado em Empreendedorismo em Economias Emergentes pela Harvard University, \u00e9CEO da Air CBA New York, empresa especializada em higieniza\u00e7\u00e3o e est\u00e9ticade aeronaves, barcos e ve\u00edculos de luxo. Autor do best-seller \u201cRico Pobre \u2013A Diferen\u00e7a N\u00e3o \u00e9 o Dinheiro\u201d e de outros t\u00edtulos [&hellip;]\" \/>\n<meta property=\"og:url\" content=\"https:\/\/www.amigosdohc.org.br\/en\/carlos-air\/\" \/>\n<meta property=\"og:site_name\" content=\"Amigos do HC\" \/>\n<meta property=\"article:modified_time\" content=\"2025-09-30T12:38:12+00:00\" \/>\n<meta name=\"twitter:card\" content=\"summary_large_image\" \/>\n<meta name=\"twitter:label1\" content=\"Est. reading time\" \/>\n\t<meta name=\"twitter:data1\" content=\"8 minutes\" \/>\n<script type=\"application\/ld+json\" class=\"yoast-schema-graph\">{\"@context\":\"https:\\\/\\\/schema.org\",\"@graph\":[{\"@type\":\"WebPage\",\"@id\":\"https:\\\/\\\/www.amigosdohc.org.br\\\/carlos-air\\\/\",\"url\":\"https:\\\/\\\/www.amigosdohc.org.br\\\/carlos-air\\\/\",\"name\":\"Carlos Air - Amigos do HC\",\"isPartOf\":{\"@id\":\"https:\\\/\\\/www.amigosdohc.org.br\\\/#website\"},\"datePublished\":\"2025-09-30T11:38:07+00:00\",\"dateModified\":\"2025-09-30T12:38:12+00:00\",\"breadcrumb\":{\"@id\":\"https:\\\/\\\/www.amigosdohc.org.br\\\/carlos-air\\\/#breadcrumb\"},\"inLanguage\":\"en-US\",\"potentialAction\":[{\"@type\":\"ReadAction\",\"target\":[\"https:\\\/\\\/www.amigosdohc.org.br\\\/carlos-air\\\/\"]}]},{\"@type\":\"BreadcrumbList\",\"@id\":\"https:\\\/\\\/www.amigosdohc.org.br\\\/carlos-air\\\/#breadcrumb\",\"itemListElement\":[{\"@type\":\"ListItem\",\"position\":1,\"name\":\"In\u00edcio\",\"item\":\"https:\\\/\\\/www.amigosdohc.org.br\\\/\"},{\"@type\":\"ListItem\",\"position\":2,\"name\":\"Carlos Air\"}]},{\"@type\":\"WebSite\",\"@id\":\"https:\\\/\\\/www.amigosdohc.org.br\\\/#website\",\"url\":\"https:\\\/\\\/www.amigosdohc.org.br\\\/\",\"name\":\"Amigos do HC\",\"description\":\"Associa\u00e7\u00e3o dos Amigos do HC\",\"potentialAction\":[{\"@type\":\"SearchAction\",\"target\":{\"@type\":\"EntryPoint\",\"urlTemplate\":\"https:\\\/\\\/www.amigosdohc.org.br\\\/?s={search_term_string}\"},\"query-input\":{\"@type\":\"PropertyValueSpecification\",\"valueRequired\":true,\"valueName\":\"search_term_string\"}}],\"inLanguage\":\"en-US\"}]}<\/script>\n<!-- \/ Yoast SEO plugin. -->","yoast_head_json":{"title":"Carlos Air - Amigos do HC","robots":{"index":"index","follow":"follow","max-snippet":"max-snippet:-1","max-image-preview":"max-image-preview:large","max-video-preview":"max-video-preview:-1"},"canonical":"https:\/\/www.amigosdohc.org.br\/en\/carlos-air\/","og_locale":"en_US","og_type":"article","og_title":"Carlos Air - Amigos do HC","og_description":"Garanta seu e-book e contribua!Carlos AirCarlos Air \u00e9 escritor, empres\u00e1rio, colunista e filantropo. Formado em Empreendedorismo em Economias Emergentes pela Harvard University, \u00e9CEO da Air CBA New York, empresa especializada em higieniza\u00e7\u00e3o e est\u00e9ticade aeronaves, barcos e ve\u00edculos de luxo. Autor do best-seller \u201cRico Pobre \u2013A Diferen\u00e7a N\u00e3o \u00e9 o Dinheiro\u201d e de outros t\u00edtulos [&hellip;]","og_url":"https:\/\/www.amigosdohc.org.br\/en\/carlos-air\/","og_site_name":"Amigos do HC","article_modified_time":"2025-09-30T12:38:12+00:00","twitter_card":"summary_large_image","twitter_misc":{"Est. reading time":"8 minutes"},"schema":{"@context":"https:\/\/schema.org","@graph":[{"@type":"WebPage","@id":"https:\/\/www.amigosdohc.org.br\/carlos-air\/","url":"https:\/\/www.amigosdohc.org.br\/carlos-air\/","name":"Carlos Air - Amigos do HC","isPartOf":{"@id":"https:\/\/www.amigosdohc.org.br\/#website"},"datePublished":"2025-09-30T11:38:07+00:00","dateModified":"2025-09-30T12:38:12+00:00","breadcrumb":{"@id":"https:\/\/www.amigosdohc.org.br\/carlos-air\/#breadcrumb"},"inLanguage":"en-US","potentialAction":[{"@type":"ReadAction","target":["https:\/\/www.amigosdohc.org.br\/carlos-air\/"]}]},{"@type":"BreadcrumbList","@id":"https:\/\/www.amigosdohc.org.br\/carlos-air\/#breadcrumb","itemListElement":[{"@type":"ListItem","position":1,"name":"In\u00edcio","item":"https:\/\/www.amigosdohc.org.br\/"},{"@type":"ListItem","position":2,"name":"Carlos Air"}]},{"@type":"WebSite","@id":"https:\/\/www.amigosdohc.org.br\/#website","url":"https:\/\/www.amigosdohc.org.br\/","name":"Amigos do HC","description":"Associa\u00e7\u00e3o dos Amigos do HC","potentialAction":[{"@type":"SearchAction","target":{"@type":"EntryPoint","urlTemplate":"https:\/\/www.amigosdohc.org.br\/?s={search_term_string}"},"query-input":{"@type":"PropertyValueSpecification","valueRequired":true,"valueName":"search_term_string"}}],"inLanguage":"en-US"}]}},"_links":{"self":[{"href":"https:\/\/www.amigosdohc.org.br\/en\/wp-json\/wp\/v2\/pages\/26492","targetHints":{"allow":["GET"]}}],"collection":[{"href":"https:\/\/www.amigosdohc.org.br\/en\/wp-json\/wp\/v2\/pages"}],"about":[{"href":"https:\/\/www.amigosdohc.org.br\/en\/wp-json\/wp\/v2\/types\/page"}],"author":[{"embeddable":true,"href":"https:\/\/www.amigosdohc.org.br\/en\/wp-json\/wp\/v2\/users\/3"}],"replies":[{"embeddable":true,"href":"https:\/\/www.amigosdohc.org.br\/en\/wp-json\/wp\/v2\/comments?post=26492"}],"version-history":[{"count":7,"href":"https:\/\/www.amigosdohc.org.br\/en\/wp-json\/wp\/v2\/pages\/26492\/revisions"}],"predecessor-version":[{"id":26510,"href":"https:\/\/www.amigosdohc.org.br\/en\/wp-json\/wp\/v2\/pages\/26492\/revisions\/26510"}],"wp:attachment":[{"href":"https:\/\/www.amigosdohc.org.br\/en\/wp-json\/wp\/v2\/media?parent=26492"}],"curies":[{"name":"wp","href":"https:\/\/api.w.org\/{rel}","templated":true}]}}