{"id":321,"date":"2018-12-17T11:17:37","date_gmt":"2018-12-17T13:17:37","guid":{"rendered":"http:\/\/amigosdohc.org.br\/?page_id=321"},"modified":"2021-06-10T15:25:24","modified_gmt":"2021-06-10T18:25:24","slug":"programas-e-projetos","status":"publish","type":"page","link":"https:\/\/www.amigosdohc.org.br\/en\/programas-e-projetos\/","title":{"rendered":"Programas e Projetos"},"content":{"rendered":"<p>[et_pb_section fb_built=&#8221;1&#8243; disabled_on=&#8221;on|off|off&#8221; _builder_version=&#8221;3.22.3&#8243; background_image=&#8221;https:\/\/amigosdohc.org.br\/wp-content\/uploads\/2018\/12\/cabecalho.png&#8221;][et_pb_row custom_padding=&#8221;0|0px|0|0px|false|false&#8221; _builder_version=&#8221;3.22.3&#8243;][et_pb_column type=&#8221;4_4&#8243; _builder_version=&#8221;3.18.6&#8243;][et_pb_image src=&#8221;https:\/\/amigosdohc.org.br\/wp-content\/uploads\/2018\/12\/titulo-programas-projetos.png&#8221; _builder_version=&#8221;3.18.7&#8243;][\/et_pb_image][et_pb_button button_url=&#8221;https:\/\/AMIGOSDOHC.ORG.BR\/COMO-DOAR\/&#8221; url_new_window=&#8221;on&#8221; button_text=&#8221;QUERO AJUDAR A SALVAR VIDAS&#8221; button_alignment=&#8221;center&#8221; _builder_version=&#8221;3.22.7&#8243; custom_button=&#8221;on&#8221; button_text_size=&#8221;17px&#8221; button_text_color=&#8221;#bf0811&#8243; button_bg_color=&#8221;#ffffff&#8221; button_border_width=&#8221;1px&#8221; button_border_radius=&#8221;24px&#8221; button_letter_spacing=&#8221;0px&#8221; button_font=&#8221;Montserrat|700|||||||&#8221; button_icon=&#8221;%%20%%&#8221; custom_margin=&#8221;15px||&#8221; custom_padding=&#8221;|70px||70px||true&#8221; custom_padding_phone=&#8221;|30px||30px||true&#8221; custom_padding_last_edited=&#8221;on|phone&#8221;][\/et_pb_button][\/et_pb_column][\/et_pb_row][\/et_pb_section][et_pb_section fb_built=&#8221;1&#8243; _builder_version=&#8221;3.22.3&#8243;][et_pb_row module_class=&#8221; et_pb_row_fullwidth&#8221; _builder_version=&#8221;3.22.3&#8243; width=&#8221;89%&#8221; width_tablet=&#8221;80%&#8221; width_last_edited=&#8221;on|desktop&#8221; max_width=&#8221;89%&#8221; max_width_tablet=&#8221;80%&#8221; max_width_last_edited=&#8221;on|desktop&#8221; make_fullwidth=&#8221;on&#8221;][et_pb_column type=&#8221;4_4&#8243; _builder_version=&#8221;3.18.6&#8243;][et_pb_filterable_portfolio fullwidth=&#8221;off&#8221; posts_number=&#8221;15&#8243; include_categories=&#8221;24,25&#8243; show_categories=&#8221;off&#8221; zoom_icon_color=&#8221;#e02b20&#8243; hover_overlay_color=&#8221;rgba(255,255,255,0.4)&#8221; module_class=&#8221;ds-portfolio-custom-order&#8221; _builder_version=&#8221;3.22.7&#8243; title_font=&#8221;Montserrat|600|||||||&#8221; title_text_color=&#8221;#E02B20&#8243; title_line_height=&#8221;1.6em&#8221; filter_font=&#8221;Montserrat|600||on|||||&#8221; filter_text_color=&#8221;#e02b20&#8243; border_radii_image=&#8221;on|5px|5px|5px|5px&#8221; border_color_all_image=&#8221;rgba(255,255,255,0.25)&#8221; text_orientation=&#8221;center&#8221;][\/et_pb_filterable_portfolio][\/et_pb_column][\/et_pb_row][\/et_pb_section][et_pb_section fb_built=&#8221;1&#8243; _builder_version=&#8221;3.18.6&#8243; background_image=&#8221;https:\/\/amigosdohc.org.br\/wp-content\/uploads\/2018\/12\/fundo-contato.png&#8221; min_height=&#8221;217px&#8221; custom_margin=&#8221;-3px||-3px||true|&#8221; custom_padding=&#8221;70px|0px|54px|0px|false|false&#8221; global_module=&#8221;297&#8243; saved_tabs=&#8221;all&#8221;][et_pb_row module_id=&#8221;sociais&#8221; module_class=&#8221;sociais&#8221; _builder_version=&#8221;3.22.3&#8243;][et_pb_column type=&#8221;1_4&#8243; _builder_version=&#8221;3.18.6&#8243;][et_pb_blurb title=&#8221;amigosdohC&#8221; url=&#8221;https:\/\/www.facebook.com\/amigosdohc\/&#8221; url_new_window=&#8221;on&#8221; image=&#8221;https:\/\/amigosdohc.org.br\/wp-content\/uploads\/2018\/12\/face.png&#8221; _builder_version=&#8221;3.22.7&#8243; header_font=&#8221;Montserrat|600||on|||||&#8221; header_text_color=&#8221;#ffffff&#8221; header_font_size=&#8221;12px&#8221; text_orientation=&#8221;center&#8221; link_option_url=&#8221;https:\/\/www.facebook.com\/amigosdohc\/&#8221; link_option_url_new_window=&#8221;on&#8221;][\/et_pb_blurb][\/et_pb_column][et_pb_column type=&#8221;1_4&#8243; _builder_version=&#8221;3.18.6&#8243;][et_pb_blurb title=&#8221;@amigosdohc&#8221; url=&#8221;https:\/\/www.instagram.com\/amigosdohc\/&#8221; url_new_window=&#8221;on&#8221; image=&#8221;https:\/\/amigosdohc.org.br\/wp-content\/uploads\/2018\/12\/insta.png&#8221; _builder_version=&#8221;3.18.9&#8243; header_font=&#8221;Montserrat|600||on|||||&#8221; header_text_color=&#8221;#ffffff&#8221; header_font_size=&#8221;12px&#8221; text_orientation=&#8221;center&#8221; link_option_url=&#8221;https:\/\/www.instagram.com\/amigosdohc\/&#8221; link_option_url_new_window=&#8221;on&#8221;][\/et_pb_blurb][\/et_pb_column][et_pb_column type=&#8221;1_4&#8243; _builder_version=&#8221;3.18.6&#8243;][et_pb_blurb title=&#8221;amigosdohc&#8221; url=&#8221;https:\/\/www.youtube.com\/user\/amigosdohc&#8221; url_new_window=&#8221;on&#8221; image=&#8221;https:\/\/amigosdohc.org.br\/wp-content\/uploads\/2018\/12\/youtube.png&#8221; _builder_version=&#8221;3.18.9&#8243; header_font=&#8221;Montserrat|600||on|||||&#8221; header_text_color=&#8221;#ffffff&#8221; header_font_size=&#8221;12px&#8221; text_orientation=&#8221;center&#8221; link_option_url=&#8221;https:\/\/www.youtube.com\/user\/amigosdohc&#8221; link_option_url_new_window=&#8221;on&#8221;][\/et_pb_blurb][\/et_pb_column][et_pb_column type=&#8221;1_4&#8243; _builder_version=&#8221;3.18.6&#8243;][et_pb_blurb title=&#8221;@amigosdohc&#8221; url=&#8221;https:\/\/twitter.com\/amigosdohc&#8221; url_new_window=&#8221;on&#8221; image=&#8221;https:\/\/amigosdohc.org.br\/wp-content\/uploads\/2018\/12\/twitter.png&#8221; _builder_version=&#8221;3.18.7&#8243; header_font=&#8221;Montserrat|600||on|||||&#8221; header_text_color=&#8221;#ffffff&#8221; header_font_size=&#8221;12px&#8221; text_orientation=&#8221;center&#8221; link_option_url=&#8221;https:\/\/twitter.com\/amigosdohc&#8221; link_option_url_new_window=&#8221;on&#8221;][\/et_pb_blurb][\/et_pb_column][\/et_pb_row][\/et_pb_section][et_pb_section fb_built=&#8221;1&#8243; _builder_version=&#8221;3.18.7&#8243; background_image=&#8221;https:\/\/amigosdohc.org.br\/wp-content\/uploads\/2018\/12\/fundo-rodape.png&#8221; max_width=&#8221;540%&#8221; custom_padding=&#8221;44px|0px|54px|0px|false|false&#8221; global_module=&#8221;299&#8243; saved_tabs=&#8221;all&#8221;][et_pb_row use_custom_gutter=&#8221;on&#8221; gutter_width=&#8221;2&#8243; custom_padding=&#8221;27px|0px|47px|0px|false|false&#8221; _builder_version=&#8221;3.22.3&#8243; max_width=&#8221;1300px&#8221; use_custom_width=&#8221;on&#8221; custom_width_px=&#8221;1300px&#8221;][et_pb_column type=&#8221;1_5&#8243; _builder_version=&#8221;3.18.6&#8243;][et_pb_text _builder_version=&#8221;3.22.7&#8243; text_font=&#8221;Montserrat|300|||||||&#8221; text_text_color=&#8221;#888888&#8243; text_line_height=&#8221;1.2em&#8221; link_font=&#8221;||||||||&#8221; link_text_color=&#8221;#888888&#8243; header_font=&#8221;||||||||&#8221; header_3_font=&#8221;Montserrat|300|||||||&#8221; header_3_text_color=&#8221;#ffffff&#8221; header_3_font_size=&#8221;24px&#8221; header_3_line_height=&#8221;1.4em&#8221; max_width=&#8221;540%&#8221;]<\/p>\n<p style=\"text-align: left;\"><strong>AMIGOS DO HC<\/strong><\/p>\n<p style=\"text-align: left;\"><a href=\"https:\/\/amigosdohc.org.br\/quem-somos\/\">Quem Somos<\/a><\/p>\n<p style=\"text-align: left;\"><a href=\"https:\/\/amigosdohc.org.br\/complexo-hospital-de-clinicas\/\">Complexo Hospital de Cl\u00ednicas<\/a><\/p>\n<p style=\"text-align: left;\"><a href=\"https:\/\/amigosdohc.org.br\/perguntas-frequentes\/\">Perguntas Frequentes Resultados<\/a><\/p>\n<p style=\"text-align: left;\"><a href=\"https:\/\/amigosdohc.org.br\/empresas-investidoras\/\">Empresas Investidoras<\/a><\/p>\n<p style=\"text-align: left;\"><a href=\"https:\/\/amigosdohc.org.br\/empresas-parceiras\/\">Empresas Parceiras<\/a><\/p>\n<p style=\"text-align: left;\"><a href=\"https:\/\/amigosdohc.org.br\/trabalhe-conosco\/\">Trabalhe Conosco<\/a><\/p>\n<p style=\"text-align: left;\"><a href=\"https:\/\/amigosdohc.org.br\/boutique\/\">Boutique<\/a><\/p>\n<p style=\"text-align: left;\"><a href=\"https:\/\/amigosdohc.org.br\/project\/produtos-sociais\/\">Produtos Sociais<\/a><\/p>\n<p>[\/et_pb_text][\/et_pb_column][et_pb_column type=&#8221;1_5&#8243; _builder_version=&#8221;3.18.6&#8243;][et_pb_text _builder_version=&#8221;3.18.8&#8243; text_font=&#8221;Montserrat|300|||||||&#8221; text_text_color=&#8221;#888888&#8243; text_line_height=&#8221;1.2em&#8221; link_font=&#8221;||||||||&#8221; link_text_color=&#8221;#888888&#8243; header_font=&#8221;||||||||&#8221; header_3_font=&#8221;Montserrat|300|||||||&#8221; header_3_text_color=&#8221;#ffffff&#8221; header_3_font_size=&#8221;24px&#8221; header_3_line_height=&#8221;1.4em&#8221; max_width=&#8221;540%&#8221;]<\/p>\n<p style=\"text-align: left;\"><a href=\"https:\/\/amigosdohc.org.br\/project\/programa-dedica\/\"><strong>PROGRAMA DEDICA<\/strong><\/a><\/p>\n<p style=\"text-align: left;\"><a href=\"https:\/\/amigosdohc.org.br\/project\/programa-dedica\/\">Conhe\u00e7a e Programa<\/a><\/p>\n<p style=\"text-align: left;\">Campanhas<\/p>\n<p>[\/et_pb_text][et_pb_text _builder_version=&#8221;3.18.9&#8243; text_font=&#8221;Montserrat|300|||||||&#8221; text_text_color=&#8221;#888888&#8243; text_line_height=&#8221;1.2em&#8221; link_font=&#8221;||||||||&#8221; link_text_color=&#8221;#888888&#8243; header_font=&#8221;||||||||&#8221; header_3_font=&#8221;Montserrat|300|||||||&#8221; header_3_text_color=&#8221;#ffffff&#8221; header_3_font_size=&#8221;24px&#8221; header_3_line_height=&#8221;1.4em&#8221; max_width=&#8221;540%&#8221;]<\/p>\n<p style=\"text-align: left;\"><a href=\"https:\/\/amigosdohc.org.br\/noticias\/\"><strong>NOT\u00cdCIAS<\/strong><\/a><\/p>\n<p style=\"text-align: left;\"><a href=\"https:\/\/amigosdohc.org.br\/noticias\/\">Not\u00edcias<\/a><\/p>\n<p style=\"text-align: left;\"><a href=\"https:\/\/amigosdohc.org.br\/assessoria-de-imprensa\/\">Assessoria de Impressa<\/a><\/p>\n<p style=\"text-align: left;\"><a href=\"https:\/\/amigosdohc.org.br\/noticias\/\">V\u00eddeos<\/a><\/p>\n<p>[\/et_pb_text][\/et_pb_column][et_pb_column type=&#8221;1_5&#8243; _builder_version=&#8221;3.18.6&#8243;][et_pb_text _builder_version=&#8221;3.18.8&#8243; text_font=&#8221;Montserrat|300|||||||&#8221; text_text_color=&#8221;#888888&#8243; text_line_height=&#8221;1.2em&#8221; link_font=&#8221;||||||||&#8221; link_text_color=&#8221;#888888&#8243; header_font=&#8221;||||||||&#8221; header_3_font=&#8221;Montserrat|300|||||||&#8221; header_3_text_color=&#8221;#ffffff&#8221; header_3_font_size=&#8221;24px&#8221; header_3_line_height=&#8221;1.4em&#8221; max_width=&#8221;540%&#8221;]<\/p>\n<p style=\"text-align: left;\"><a href=\"https:\/\/amigosdohc.org.br\/eventos-3\/\"><strong>EVENTOS<\/strong><\/a><\/p>\n<p style=\"text-align: left;\"><a href=\"https:\/\/amigosdohc.org.br\/eventos-3\/\">Agenda de Eventos<\/a><\/p>\n<p style=\"text-align: left;\">Compre seu Convite<\/p>\n<p>[\/et_pb_text][et_pb_text _builder_version=&#8221;3.18.9&#8243; text_font=&#8221;Montserrat|300|||||||&#8221; text_text_color=&#8221;#888888&#8243; text_line_height=&#8221;1.2em&#8221; link_font=&#8221;||||||||&#8221; link_text_color=&#8221;#888888&#8243; header_font=&#8221;||||||||&#8221; header_3_font=&#8221;Montserrat|300|||||||&#8221; header_3_text_color=&#8221;#ffffff&#8221; header_3_font_size=&#8221;24px&#8221; header_3_line_height=&#8221;1.4em&#8221; max_width=&#8221;540%&#8221;]<\/p>\n<p style=\"text-align: left;\"><a href=\"https:\/\/amigosdohc.org.br\/programas-e-projetos\/\"><strong>PROGRAMAS E PROJETOS<\/strong><\/a><\/p>\n<p style=\"text-align: left;\"><a href=\"https:\/\/amigosdohc.org.br\/programas-e-projetos\/\">Projetos em Andamento<\/a><\/p>\n<p style=\"text-align: left;\"><a href=\"https:\/\/amigosdohc.org.br\/programas-e-projetos\/\">Projetos Conclu\u00eddos<\/a><\/p>\n<p>[\/et_pb_text][\/et_pb_column][et_pb_column type=&#8221;1_5&#8243; _builder_version=&#8221;3.18.6&#8243;][et_pb_text _builder_version=&#8221;3.18.9&#8243; text_font=&#8221;Montserrat|300|||||||&#8221; text_text_color=&#8221;#888888&#8243; text_line_height=&#8221;1.2em&#8221; link_font=&#8221;||||||||&#8221; link_text_color=&#8221;#888888&#8243; header_font=&#8221;||||||||&#8221; header_3_font=&#8221;Montserrat|300|||||||&#8221; header_3_text_color=&#8221;#ffffff&#8221; header_3_font_size=&#8221;24px&#8221; header_3_line_height=&#8221;1.4em&#8221; max_width=&#8221;540%&#8221;]<\/p>\n<p style=\"text-align: left;\"><a href=\"https:\/\/amigosdohc.org.br\/como-doar\/\"><strong>COMO DOAR<\/strong><\/a><\/p>\n<p style=\"text-align: left;\"><a href=\"https:\/\/amigosdohc.org.br\/project\/transacao-bancaria\/\">Transfer\u00eancia\u00a0<span style=\"font-size: 14px;\">Banc\u00e1ria <\/span><\/a><\/p>\n<p style=\"text-align: left;\"><span style=\"font-size: 14px;\"><a href=\"https:\/\/amigosdohc.org.br\/project\/imposto-de-renda\/\">Imposto de Renda<\/a><\/span><\/p>\n<p style=\"text-align: left;\"><a href=\"https:\/\/amigosdohc.org.br\/project\/troco-solidario\/\">Troco Solid\u00e1rio<\/a><\/p>\n<p style=\"text-align: left;\"><a href=\"https:\/\/amigosdohc.org.br\/project\/nota-parana\/\">Nota Paran\u00e1<\/a><\/p>\n<p style=\"text-align: left;\"><a href=\"https:\/\/amigosdohc.org.br\/project\/produtos-sociais\/\">Produtos Sociais<\/a><\/p>\n<p style=\"text-align: left;\"><a href=\"https:\/\/amigosdohc.org.br\/project\/doacao-de-cabelo\/\">Doa\u00e7\u00e3o de Cabelo<\/a><\/p>\n<p>[\/et_pb_text][\/et_pb_column][et_pb_column type=&#8221;1_5&#8243; _builder_version=&#8221;3.18.6&#8243;][et_pb_text _builder_version=&#8221;3.18.8&#8243; text_font=&#8221;Montserrat|300|||||||&#8221; text_text_color=&#8221;#888888&#8243; text_line_height=&#8221;1.2em&#8221; link_font=&#8221;||||||||&#8221; link_text_color=&#8221;#888888&#8243; header_font=&#8221;||||||||&#8221; header_3_font=&#8221;Montserrat|300|||||||&#8221; header_3_text_color=&#8221;#ffffff&#8221; header_3_font_size=&#8221;24px&#8221; header_3_line_height=&#8221;1.4em&#8221; max_width=&#8221;540%&#8221;]<\/p>\n<p style=\"text-align: left;\"><strong>MEGAMANIA<\/strong><\/p>\n<p style=\"text-align: left;\"><a href=\"https:\/\/amigosdohc.org.br\/megamania\/\">Parceria Megamania<\/a><\/p>\n<p>[\/et_pb_text][et_pb_text _builder_version=&#8221;3.18.9&#8243; text_font=&#8221;Montserrat|300|||||||&#8221; text_text_color=&#8221;#888888&#8243; text_line_height=&#8221;1.2em&#8221; link_font=&#8221;||||||||&#8221; link_text_color=&#8221;#888888&#8243; header_font=&#8221;||||||||&#8221; header_3_font=&#8221;Montserrat|300|||||||&#8221; header_3_text_color=&#8221;#ffffff&#8221; header_3_font_size=&#8221;24px&#8221; header_3_line_height=&#8221;1.4em&#8221; max_width=&#8221;540%&#8221;]<\/p>\n<p style=\"text-align: left;\"><a href=\"https:\/\/amigosdohc.org.br\/contato\/\"><b>CONTATO<\/b><\/a><\/p>\n<p>[\/et_pb_text][\/et_pb_column][\/et_pb_row][et_pb_row custom_padding=&#8221;43px|0px|27px|0px|false|false&#8221; _builder_version=&#8221;3.22.3&#8243; border_width_top=&#8221;1px&#8221; border_color_top=&#8221;#a3a3a3&#8243; max_width=&#8221;1300px&#8221; use_custom_width=&#8221;on&#8221; custom_width_px=&#8221;1300px&#8221;][et_pb_column type=&#8221;4_4&#8243; _builder_version=&#8221;3.18.6&#8243;][et_pb_text _builder_version=&#8221;3.22.7&#8243; text_font=&#8221;Montserrat|300|||||||&#8221; text_text_color=&#8221;#888888&#8243; text_line_height=&#8221;1.5em&#8221; header_font=&#8221;||||||||&#8221; header_3_font=&#8221;Montserrat|300|||||||&#8221; header_3_text_color=&#8221;#ffffff&#8221; header_3_font_size=&#8221;24px&#8221; header_3_line_height=&#8221;1.4em&#8221; max_width=&#8221;540%&#8221;]<\/p>\n<p style=\"text-align: center;\"><strong>Todos os Direitos Reservados | Associa\u00e7\u00e3o dos Amigos do Hospital de Cl\u00ednicas <\/strong><\/p>\n<p style=\"text-align: center;\">Av. Agostinho Le\u00e3o Jr, 336 &#8211; Alto da Gl\u00f3ria, 80030-110, Curitiba \/ PR | 0800-601-1010 \/ (41) 3091-1000 | contato@amigosdohc.org.br<\/p>\n<p>[\/et_pb_text][\/et_pb_column][\/et_pb_row][\/et_pb_section]<\/p>\n","protected":false},"excerpt":{"rendered":"<p>AMIGOS DO HC Quem Somos Complexo Hospital de Cl\u00ednicas Perguntas Frequentes Resultados Empresas Investidoras Empresas Parceiras Trabalhe Conosco Boutique Produtos SociaisPROGRAMA DEDICA Conhe\u00e7a e Programa CampanhasNOT\u00cdCIAS Not\u00edcias Assessoria de Impressa V\u00eddeosEVENTOS Agenda de Eventos Compre seu ConvitePROGRAMAS E PROJETOS Projetos em Andamento Projetos Conclu\u00eddosCOMO DOAR Transfer\u00eancia\u00a0Banc\u00e1ria Imposto de Renda Troco Solid\u00e1rio Nota Paran\u00e1 Produtos Sociais [&hellip;]<\/p>\n","protected":false},"author":3,"featured_media":0,"parent":0,"menu_order":0,"comment_status":"closed","ping_status":"closed","template":"","meta":{"_et_pb_use_builder":"on","_et_pb_old_content":"","_et_gb_content_width":"","footnotes":""},"class_list":["post-321","page","type-page","status-publish","hentry"],"yoast_head":"<!-- This site is optimized with the Yoast SEO plugin v27.3 - https:\/\/yoast.com\/product\/yoast-seo-wordpress\/ -->\n<title>Programas e Projetos - Amigos do HC<\/title>\n<meta name=\"robots\" content=\"index, follow, max-snippet:-1, max-image-preview:large, max-video-preview:-1\" \/>\n<link rel=\"canonical\" href=\"https:\/\/www.amigosdohc.org.br\/en\/programas-e-projetos\/\" \/>\n<meta property=\"og:locale\" content=\"en_US\" \/>\n<meta property=\"og:type\" content=\"article\" \/>\n<meta property=\"og:title\" content=\"Programas e Projetos - Amigos do HC\" \/>\n<meta property=\"og:description\" content=\"AMIGOS DO HC Quem Somos Complexo Hospital de Cl\u00ednicas Perguntas Frequentes Resultados Empresas Investidoras Empresas Parceiras Trabalhe Conosco Boutique Produtos SociaisPROGRAMA DEDICA Conhe\u00e7a e Programa CampanhasNOT\u00cdCIAS Not\u00edcias Assessoria de Impressa V\u00eddeosEVENTOS Agenda de Eventos Compre seu ConvitePROGRAMAS E PROJETOS Projetos em Andamento Projetos Conclu\u00eddosCOMO DOAR Transfer\u00eancia\u00a0Banc\u00e1ria Imposto de Renda Troco Solid\u00e1rio Nota Paran\u00e1 Produtos Sociais [&hellip;]\" \/>\n<meta property=\"og:url\" content=\"https:\/\/www.amigosdohc.org.br\/en\/programas-e-projetos\/\" \/>\n<meta property=\"og:site_name\" content=\"Amigos do HC\" \/>\n<meta property=\"article:modified_time\" content=\"2021-06-10T18:25:24+00:00\" \/>\n<meta name=\"twitter:card\" content=\"summary_large_image\" \/>\n<meta name=\"twitter:label1\" content=\"Est. reading time\" \/>\n\t<meta name=\"twitter:data1\" content=\"6 minutes\" \/>\n<script type=\"application\/ld+json\" class=\"yoast-schema-graph\">{\"@context\":\"https:\\\/\\\/schema.org\",\"@graph\":[{\"@type\":\"WebPage\",\"@id\":\"https:\\\/\\\/www.amigosdohc.org.br\\\/programas-e-projetos\\\/\",\"url\":\"https:\\\/\\\/www.amigosdohc.org.br\\\/programas-e-projetos\\\/\",\"name\":\"Programas e Projetos - Amigos do HC\",\"isPartOf\":{\"@id\":\"https:\\\/\\\/www.amigosdohc.org.br\\\/#website\"},\"datePublished\":\"2018-12-17T13:17:37+00:00\",\"dateModified\":\"2021-06-10T18:25:24+00:00\",\"breadcrumb\":{\"@id\":\"https:\\\/\\\/www.amigosdohc.org.br\\\/programas-e-projetos\\\/#breadcrumb\"},\"inLanguage\":\"en-US\",\"potentialAction\":[{\"@type\":\"ReadAction\",\"target\":[\"https:\\\/\\\/www.amigosdohc.org.br\\\/programas-e-projetos\\\/\"]}]},{\"@type\":\"BreadcrumbList\",\"@id\":\"https:\\\/\\\/www.amigosdohc.org.br\\\/programas-e-projetos\\\/#breadcrumb\",\"itemListElement\":[{\"@type\":\"ListItem\",\"position\":1,\"name\":\"In\u00edcio\",\"item\":\"https:\\\/\\\/www.amigosdohc.org.br\\\/\"},{\"@type\":\"ListItem\",\"position\":2,\"name\":\"Programas e Projetos\"}]},{\"@type\":\"WebSite\",\"@id\":\"https:\\\/\\\/www.amigosdohc.org.br\\\/#website\",\"url\":\"https:\\\/\\\/www.amigosdohc.org.br\\\/\",\"name\":\"Amigos do HC\",\"description\":\"Associa\u00e7\u00e3o dos Amigos do HC\",\"potentialAction\":[{\"@type\":\"SearchAction\",\"target\":{\"@type\":\"EntryPoint\",\"urlTemplate\":\"https:\\\/\\\/www.amigosdohc.org.br\\\/?s={search_term_string}\"},\"query-input\":{\"@type\":\"PropertyValueSpecification\",\"valueRequired\":true,\"valueName\":\"search_term_string\"}}],\"inLanguage\":\"en-US\"}]}<\/script>\n<!-- \/ Yoast SEO plugin. -->","yoast_head_json":{"title":"Programas e Projetos - Amigos do HC","robots":{"index":"index","follow":"follow","max-snippet":"max-snippet:-1","max-image-preview":"max-image-preview:large","max-video-preview":"max-video-preview:-1"},"canonical":"https:\/\/www.amigosdohc.org.br\/en\/programas-e-projetos\/","og_locale":"en_US","og_type":"article","og_title":"Programas e Projetos - Amigos do HC","og_description":"AMIGOS DO HC Quem Somos Complexo Hospital de Cl\u00ednicas Perguntas Frequentes Resultados Empresas Investidoras Empresas Parceiras Trabalhe Conosco Boutique Produtos SociaisPROGRAMA DEDICA Conhe\u00e7a e Programa CampanhasNOT\u00cdCIAS Not\u00edcias Assessoria de Impressa V\u00eddeosEVENTOS Agenda de Eventos Compre seu ConvitePROGRAMAS E PROJETOS Projetos em Andamento Projetos Conclu\u00eddosCOMO DOAR Transfer\u00eancia\u00a0Banc\u00e1ria Imposto de Renda Troco Solid\u00e1rio Nota Paran\u00e1 Produtos Sociais [&hellip;]","og_url":"https:\/\/www.amigosdohc.org.br\/en\/programas-e-projetos\/","og_site_name":"Amigos do HC","article_modified_time":"2021-06-10T18:25:24+00:00","twitter_card":"summary_large_image","twitter_misc":{"Est. reading time":"6 minutes"},"schema":{"@context":"https:\/\/schema.org","@graph":[{"@type":"WebPage","@id":"https:\/\/www.amigosdohc.org.br\/programas-e-projetos\/","url":"https:\/\/www.amigosdohc.org.br\/programas-e-projetos\/","name":"Programas e Projetos - Amigos do HC","isPartOf":{"@id":"https:\/\/www.amigosdohc.org.br\/#website"},"datePublished":"2018-12-17T13:17:37+00:00","dateModified":"2021-06-10T18:25:24+00:00","breadcrumb":{"@id":"https:\/\/www.amigosdohc.org.br\/programas-e-projetos\/#breadcrumb"},"inLanguage":"en-US","potentialAction":[{"@type":"ReadAction","target":["https:\/\/www.amigosdohc.org.br\/programas-e-projetos\/"]}]},{"@type":"BreadcrumbList","@id":"https:\/\/www.amigosdohc.org.br\/programas-e-projetos\/#breadcrumb","itemListElement":[{"@type":"ListItem","position":1,"name":"In\u00edcio","item":"https:\/\/www.amigosdohc.org.br\/"},{"@type":"ListItem","position":2,"name":"Programas e Projetos"}]},{"@type":"WebSite","@id":"https:\/\/www.amigosdohc.org.br\/#website","url":"https:\/\/www.amigosdohc.org.br\/","name":"Amigos do HC","description":"Associa\u00e7\u00e3o dos Amigos do HC","potentialAction":[{"@type":"SearchAction","target":{"@type":"EntryPoint","urlTemplate":"https:\/\/www.amigosdohc.org.br\/?s={search_term_string}"},"query-input":{"@type":"PropertyValueSpecification","valueRequired":true,"valueName":"search_term_string"}}],"inLanguage":"en-US"}]}},"_links":{"self":[{"href":"https:\/\/www.amigosdohc.org.br\/en\/wp-json\/wp\/v2\/pages\/321","targetHints":{"allow":["GET"]}}],"collection":[{"href":"https:\/\/www.amigosdohc.org.br\/en\/wp-json\/wp\/v2\/pages"}],"about":[{"href":"https:\/\/www.amigosdohc.org.br\/en\/wp-json\/wp\/v2\/types\/page"}],"author":[{"embeddable":true,"href":"https:\/\/www.amigosdohc.org.br\/en\/wp-json\/wp\/v2\/users\/3"}],"replies":[{"embeddable":true,"href":"https:\/\/www.amigosdohc.org.br\/en\/wp-json\/wp\/v2\/comments?post=321"}],"version-history":[{"count":10,"href":"https:\/\/www.amigosdohc.org.br\/en\/wp-json\/wp\/v2\/pages\/321\/revisions"}],"predecessor-version":[{"id":8174,"href":"https:\/\/www.amigosdohc.org.br\/en\/wp-json\/wp\/v2\/pages\/321\/revisions\/8174"}],"wp:attachment":[{"href":"https:\/\/www.amigosdohc.org.br\/en\/wp-json\/wp\/v2\/media?parent=321"}],"curies":[{"name":"wp","href":"https:\/\/api.w.org\/{rel}","templated":true}]}}