{"id":327,"date":"2018-12-17T11:18:52","date_gmt":"2018-12-17T13:18:52","guid":{"rendered":"http:\/\/amigosdohc.org.br\/?page_id=327"},"modified":"2025-11-04T09:18:00","modified_gmt":"2025-11-04T12:18:00","slug":"eventos-3","status":"publish","type":"page","link":"https:\/\/www.amigosdohc.org.br\/en\/eventos-3\/","title":{"rendered":"Eventos"},"content":{"rendered":"<p>[et_pb_section fb_built=&#8221;1&#8243; fullwidth=&#8221;on&#8221; disabled_on=&#8221;off|off|off&#8221; _builder_version=&#8221;4.16&#8243; min_height=&#8221;417px&#8221; custom_margin=&#8221;||&#8221; custom_padding=&#8221;0px|0px|0px|0px|false|false&#8221; animation_style=&#8221;fade&#8221; link_option_url=&#8221;https:\/\/cedivida.org.br\/interacao\/noticias\/feira-de-empregos-e-oportunidades\/&#8221; link_option_url_new_window=&#8221;on&#8221; background_last_edited=&#8221;off|desktop&#8221; global_colors_info=&#8221;{}&#8221;][et_pb_fullwidth_slider show_content_on_mobile=&#8221;off&#8221; show_image_video_mobile=&#8221;on&#8221; arrows_custom_color=&#8221;#FFFFFF&#8221; dot_nav_custom_color=&#8221;#FFFFFF&#8221; _builder_version=&#8221;4.19.4&#8243; header_font=&#8221;||||||||&#8221; body_font=&#8221;||||||||&#8221; body_font_size=&#8221;20px&#8221; background_color=&#8221;RGBA(0,0,0,0)&#8221; background_enable_image=&#8221;off&#8221; background_size=&#8221;contain&#8221; custom_button=&#8221;on&#8221; button_text_size=&#8221;20px&#8221; button_text_color=&#8221;#be0031&#8243; button_bg_color=&#8221;rgba(255,255,255,0.86)&#8221; button_border_width=&#8221;5px&#8221; button_font=&#8221;Montserrat|700||on|||||&#8221; min_height=&#8221;409px&#8221; custom_margin=&#8221;0px|||||&#8221; custom_padding=&#8221;347px||1px|||&#8221; animation_style=&#8221;fade&#8221; link_option_url_new_window=&#8221;on&#8221; box_shadow_style_button=&#8221;preset3&#8243; global_colors_info=&#8221;{}&#8221;][et_pb_slide button_link=&#8221;https:\/\/campanha.amigosdohc.org.br\/patrocinio-do-bem&#8221; url_new_window=&#8221;on&#8221; _builder_version=&#8221;4.19.4&#8243; _module_preset=&#8221;default&#8221; background_color=&#8221;RGBA(0,0,0,0)&#8221; background_enable_color=&#8221;on&#8221; background_image=&#8221;https:\/\/www.amigosdohc.org.br\/wp-content\/uploads\/2023\/02\/PatrocinioDoBem_Banner-Site.jpg&#8221; background_enable_image=&#8221;on&#8221; background_size=&#8221;contain&#8221; link_option_url=&#8221;HTTPS:\/\/CAMPANHA.AMIGOSDOHC.ORG.BR\/PATROCINIO-DO-BEM&#8221; link_option_url_new_window=&#8221;on&#8221; global_colors_info=&#8221;{}&#8221; sticky_transition=&#8221;on&#8221;][\/et_pb_slide][\/et_pb_fullwidth_slider][\/et_pb_section][et_pb_section fb_built=&#8221;1&#8243; disabled_on=&#8221;off|off|off&#8221; _builder_version=&#8221;4.16&#8243; background_enable_image=&#8221;off&#8221; custom_padding=&#8221;0|0px|30px|0px|false|false&#8221; global_colors_info=&#8221;{}&#8221;][et_pb_row column_structure=&#8221;1_5,3_5,1_5&#8243; disabled_on=&#8221;on|on|on&#8221; _builder_version=&#8221;4.27.4&#8243; _module_preset=&#8221;default&#8221; hover_enabled=&#8221;0&#8243; global_colors_info=&#8221;{}&#8221; disabled=&#8221;on&#8221; sticky_enabled=&#8221;0&#8243;][et_pb_column type=&#8221;1_5&#8243; _builder_version=&#8221;4.19.4&#8243; _module_preset=&#8221;default&#8221; global_colors_info=&#8221;{}&#8221;][\/et_pb_column][et_pb_column type=&#8221;3_5&#8243; _builder_version=&#8221;4.19.4&#8243; _module_preset=&#8221;default&#8221; global_colors_info=&#8221;{}&#8221;][et_pb_image src=&#8221;https:\/\/www.amigosdohc.org.br\/wp-content\/uploads\/2025\/06\/Prancheta-1.png&#8221; title_text=&#8221;Prancheta 1&#8243; align=&#8221;center&#8221; _builder_version=&#8221;4.19.4&#8243; _module_preset=&#8221;default&#8221; width=&#8221;70%&#8221; custom_margin=&#8221;||13px|||&#8221; global_colors_info=&#8221;{}&#8221;][\/et_pb_image][et_pb_text _builder_version=&#8221;4.19.4&#8243; _module_preset=&#8221;default&#8221; text_text_color=&#8221;#101066&#8243; text_font_size=&#8221;24px&#8221; text_line_height=&#8221;2.1em&#8221; custom_margin=&#8221;||13px|||&#8221; global_colors_info=&#8221;{}&#8221;]<\/p>\n<p style=\"text-align: center;\"><b>Corrida e Caminhada<\/b><\/p>\n<p>[\/et_pb_text][et_pb_text _builder_version=&#8221;4.19.4&#8243; _module_preset=&#8221;default&#8221; text_font_size=&#8221;18px&#8221; text_line_height=&#8221;2.1em&#8221; global_colors_info=&#8221;{}&#8221;]<\/p>\n<p style=\"text-align: center;\"><strong>Data:<\/strong> Domingo, 02 de novembro.<br \/><strong>Local:<\/strong> Pra\u00e7a Afonso Botelho, <span>\u00c1gua Verde, Curitiba.<br \/><\/span><\/p>\n<p>[\/et_pb_text][et_pb_text _builder_version=&#8221;4.19.4&#8243; _module_preset=&#8221;default&#8221; text_font_size=&#8221;18px&#8221; text_line_height=&#8221;1.3em&#8221; custom_margin=&#8221;-23px||||false|false&#8221; global_colors_info=&#8221;{}&#8221;]<\/p>\n<p style=\"text-align: center;\"><span><strong>Modalidades:<\/strong> Corrida 5km e 10km | <br \/>Caminhada 5km | C\u00e3ominhada.<\/span><\/p>\n<p>[\/et_pb_text][et_pb_text _builder_version=&#8221;4.19.4&#8243; _module_preset=&#8221;default&#8221; text_font_size=&#8221;18px&#8221; text_line_height=&#8221;2.1em&#8221; custom_margin=&#8221;-23px||||false|false&#8221; global_colors_info=&#8221;{}&#8221;]<\/p>\n<p style=\"text-align: center;\"><strong>Benefici\u00e1rio:<\/strong> Programa CEDIVIDA.<\/p>\n<p>[\/et_pb_text][et_pb_button button_url=&#8221;https:\/\/www.amigosdohc.org.br\/corrida-e-caminhada-home\/&#8221; button_text=&#8221;Saiba mais!&#8221; button_alignment=&#8221;center&#8221; _builder_version=&#8221;4.19.4&#8243; _module_preset=&#8221;default&#8221; custom_button=&#8221;on&#8221; button_text_color=&#8221;#FFFFFF&#8221; button_bg_color=&#8221;#19bcb0&#8243; button_border_width=&#8221;0px&#8221; button_border_radius=&#8221;96px&#8221; button_font=&#8221;|700|||||||&#8221; global_colors_info=&#8221;{}&#8221;][\/et_pb_button][\/et_pb_column][et_pb_column type=&#8221;1_5&#8243; _builder_version=&#8221;4.19.4&#8243; _module_preset=&#8221;default&#8221; global_colors_info=&#8221;{}&#8221;][\/et_pb_column][\/et_pb_row][et_pb_row _builder_version=&#8221;4.19.4&#8243; _module_preset=&#8221;default&#8221; custom_margin=&#8221;15px||||false|false&#8221; global_colors_info=&#8221;{}&#8221;][et_pb_column type=&#8221;4_4&#8243; _builder_version=&#8221;4.19.4&#8243; _module_preset=&#8221;default&#8221; global_colors_info=&#8221;{}&#8221;][et_pb_text _builder_version=&#8221;4.19.4&#8243; _module_preset=&#8221;default&#8221; text_font_size=&#8221;24px&#8221; global_colors_info=&#8221;{}&#8221;]<\/p>\n<p><strong>Em breve mais eventos, siga nossas redes sociais e fique por dentro da programa\u00e7\u00e3o!<\/strong><\/p>\n<p>[\/et_pb_text][et_pb_social_media_follow use_icon_font_size=&#8221;on&#8221; icon_font_size=&#8221;21px&#8221; _builder_version=&#8221;4.19.4&#8243; _module_preset=&#8221;default&#8221; width=&#8221;100%&#8221; global_colors_info=&#8221;{}&#8221;][et_pb_social_media_follow_network social_network=&#8221;instagram&#8221; url=&#8221;https:\/\/www.instagram.com\/amigosdohc\/&#8221; _builder_version=&#8221;4.19.4&#8243; _module_preset=&#8221;default&#8221; background_color=&#8221;#ea2c59&#8243; global_colors_info=&#8221;{}&#8221; follow_button=&#8221;off&#8221; url_new_window=&#8221;on&#8221;]instagram[\/et_pb_social_media_follow_network][et_pb_social_media_follow_network social_network=&#8221;facebook&#8221; url=&#8221;https:\/\/www.facebook.com\/amigosdohc&#8221; _builder_version=&#8221;4.19.4&#8243; _module_preset=&#8221;default&#8221; background_color=&#8221;#3b5998&#8243; global_colors_info=&#8221;{}&#8221; follow_button=&#8221;off&#8221; url_new_window=&#8221;on&#8221;]facebook[\/et_pb_social_media_follow_network][et_pb_social_media_follow_network social_network=&#8221;youtube&#8221; url=&#8221;https:\/\/youtube.com\/amigosdohc&#8221; _builder_version=&#8221;4.19.4&#8243; _module_preset=&#8221;default&#8221; background_color=&#8221;#a82400&#8243; global_colors_info=&#8221;{}&#8221; follow_button=&#8221;off&#8221; url_new_window=&#8221;on&#8221;]youtube[\/et_pb_social_media_follow_network][et_pb_social_media_follow_network social_network=&#8221;linkedin&#8221; url=&#8221;https:\/\/www.linkedin.com\/company\/amigosdohc\/?originalSubdomain=br&#8221; _builder_version=&#8221;4.19.4&#8243; _module_preset=&#8221;default&#8221; background_color=&#8221;#007bb6&#8243; global_colors_info=&#8221;{}&#8221; follow_button=&#8221;off&#8221; url_new_window=&#8221;on&#8221;]linkedin[\/et_pb_social_media_follow_network][et_pb_social_media_follow_network social_network=&#8221;tiktok&#8221; url=&#8221;https:\/\/www.tiktok.com\/@amigosdohc&#8221; _builder_version=&#8221;4.19.4&#8243; _module_preset=&#8221;default&#8221; background_color=&#8221;#fe2c55&#8243; global_colors_info=&#8221;{}&#8221; follow_button=&#8221;off&#8221; url_new_window=&#8221;on&#8221;]tiktok[\/et_pb_social_media_follow_network][et_pb_social_media_follow_network social_network=&#8221;twitter&#8221; url=&#8221;https:\/\/twitter.com\/AmigosdoHC?ref_src=twsrc%5Egoogle%7Ctwcamp%5Eserp%7Ctwgr%5Eauthor&#8221; _builder_version=&#8221;4.22.2&#8243; _module_preset=&#8221;default&#8221; background_color=&#8221;#000000&#8243; global_colors_info=&#8221;{}&#8221; follow_button=&#8221;off&#8221; url_new_window=&#8221;on&#8221;]twitter[\/et_pb_social_media_follow_network][\/et_pb_social_media_follow][\/et_pb_column][\/et_pb_row][\/et_pb_section][et_pb_section fb_built=&#8221;1&#8243; admin_label=&#8221;Se\u00e7\u00e3o&#8221; _builder_version=&#8221;4.13.0&#8243; background_image=&#8221;https:\/\/www.amigosdohc.org.br\/wp-content\/uploads\/2021\/11\/fundo-contato.webp&#8221; width=&#8221;100%&#8221; min_height=&#8221;304.1px&#8221; custom_margin=&#8221;2px||2px||true|&#8221; custom_padding=&#8221;2px|0px|0px|0px|false|false&#8221; global_module=&#8221;297&#8243; saved_tabs=&#8221;all&#8221; global_colors_info=&#8221;{}&#8221;][et_pb_row column_structure=&#8221;1_4,1_4,1_4,1_4&#8243; module_id=&#8221;sociais&#8221; module_class=&#8221;sociais&#8221; _builder_version=&#8221;4.16&#8243; module_alignment=&#8221;center&#8221; min_height=&#8221;225.3px&#8221; custom_margin=&#8221;-14px|auto||auto||&#8221; custom_padding=&#8221;37px||14px|||&#8221; global_colors_info=&#8221;{}&#8221;][et_pb_column type=&#8221;1_4&#8243; _builder_version=&#8221;4.16&#8243; custom_padding=&#8221;|||&#8221; global_colors_info=&#8221;{}&#8221; custom_padding__hover=&#8221;|||&#8221;][et_pb_blurb title=&#8221;amigosdohC&#8221; url=&#8221;https:\/\/www.facebook.com\/amigosdohc\/&#8221; url_new_window=&#8221;on&#8221; image=&#8221;https:\/\/amigosdohc.org.br\/wp-content\/uploads\/2018\/12\/face.png&#8221; _builder_version=&#8221;4.16&#8243; header_font=&#8221;Montserrat|600||on|||||&#8221; header_text_color=&#8221;#ffffff&#8221; header_font_size=&#8221;12px&#8221; text_orientation=&#8221;center&#8221; link_option_url=&#8221;https:\/\/www.facebook.com\/amigosdohc\/&#8221; link_option_url_new_window=&#8221;on&#8221; global_colors_info=&#8221;{}&#8221;][\/et_pb_blurb][\/et_pb_column][et_pb_column type=&#8221;1_4&#8243; _builder_version=&#8221;4.16&#8243; custom_padding=&#8221;|||&#8221; global_colors_info=&#8221;{}&#8221; custom_padding__hover=&#8221;|||&#8221;][et_pb_blurb title=&#8221;@amigosdohc&#8221; url=&#8221;https:\/\/www.instagram.com\/amigosdohc\/&#8221; url_new_window=&#8221;on&#8221; image=&#8221;https:\/\/amigosdohc.org.br\/wp-content\/uploads\/2018\/12\/insta.png&#8221; _builder_version=&#8221;4.16&#8243; header_font=&#8221;Montserrat|600||on|||||&#8221; header_text_color=&#8221;#ffffff&#8221; header_font_size=&#8221;12px&#8221; text_orientation=&#8221;center&#8221; link_option_url=&#8221;https:\/\/www.instagram.com\/amigosdohc\/&#8221; link_option_url_new_window=&#8221;on&#8221; global_colors_info=&#8221;{}&#8221;][\/et_pb_blurb][\/et_pb_column][et_pb_column type=&#8221;1_4&#8243; _builder_version=&#8221;4.16&#8243; custom_padding=&#8221;|||&#8221; global_colors_info=&#8221;{}&#8221; custom_padding__hover=&#8221;|||&#8221;][et_pb_blurb title=&#8221;amigosdohc&#8221; url=&#8221;https:\/\/www.youtube.com\/user\/amigosdohc&#8221; url_new_window=&#8221;on&#8221; image=&#8221;https:\/\/amigosdohc.org.br\/wp-content\/uploads\/2018\/12\/youtube.png&#8221; _builder_version=&#8221;4.16&#8243; header_font=&#8221;Montserrat|600||on|||||&#8221; header_text_color=&#8221;#ffffff&#8221; header_font_size=&#8221;12px&#8221; text_orientation=&#8221;center&#8221; link_option_url=&#8221;https:\/\/www.youtube.com\/user\/amigosdohc&#8221; link_option_url_new_window=&#8221;on&#8221; global_colors_info=&#8221;{}&#8221;][\/et_pb_blurb][\/et_pb_column][et_pb_column type=&#8221;1_4&#8243; _builder_version=&#8221;4.16&#8243; custom_padding=&#8221;|||&#8221; global_colors_info=&#8221;{}&#8221; custom_padding__hover=&#8221;|||&#8221;][et_pb_blurb title=&#8221;@amigosdohc&#8221; url=&#8221;https:\/\/twitter.com\/amigosdohc&#8221; url_new_window=&#8221;on&#8221; image=&#8221;https:\/\/amigosdohc.org.br\/wp-content\/uploads\/2018\/12\/twitter.png&#8221; _builder_version=&#8221;4.16&#8243; header_font=&#8221;Montserrat|600||on|||||&#8221; header_text_color=&#8221;#ffffff&#8221; header_font_size=&#8221;12px&#8221; text_orientation=&#8221;center&#8221; link_option_url=&#8221;https:\/\/twitter.com\/amigosdohc&#8221; link_option_url_new_window=&#8221;on&#8221; global_colors_info=&#8221;{}&#8221;][\/et_pb_blurb][\/et_pb_column][\/et_pb_row][\/et_pb_section][et_pb_section fb_built=&#8221;1&#8243; _builder_version=&#8221;4.19.4&#8243; background_image=&#8221;https:\/\/amigosdohc.org.br\/wp-content\/uploads\/2018\/12\/fundo-rodape.png&#8221; background_enable_image=&#8221;off&#8221; max_width=&#8221;540%&#8221; min_height=&#8221;443px&#8221; custom_margin=&#8221;0px|||||&#8221; custom_padding=&#8221;4px|0px|0px|0px|false|false&#8221; global_module=&#8221;299&#8243; saved_tabs=&#8221;all&#8221; global_colors_info=&#8221;{}&#8221;][et_pb_row _builder_version=&#8221;4.19.4&#8243; _module_preset=&#8221;default&#8221; global_colors_info=&#8221;{}&#8221;][et_pb_column type=&#8221;4_4&#8243; _builder_version=&#8221;4.19.4&#8243; _module_preset=&#8221;default&#8221; global_colors_info=&#8221;{}&#8221;][et_pb_image src=&#8221;https:\/\/www.amigosdohc.org.br\/wp-content\/uploads\/2025\/03\/Ativo-8Site-Proteger.png&#8221; title_text=&#8221;Ativo 8Site-Proteger&#8221; align=&#8221;center&#8221; _builder_version=&#8221;4.19.4&#8243; _module_preset=&#8221;default&#8221; width=&#8221;85%&#8221; custom_margin=&#8221;21px||||false|false&#8221; global_colors_info=&#8221;{}&#8221;][\/et_pb_image][\/et_pb_column][\/et_pb_row][et_pb_row _builder_version=&#8221;4.19.4&#8243; _module_preset=&#8221;default&#8221; custom_margin=&#8221;-40px||-23px||false|false&#8221; global_colors_info=&#8221;{}&#8221;][et_pb_column type=&#8221;4_4&#8243; _builder_version=&#8221;4.19.4&#8243; _module_preset=&#8221;default&#8221; global_colors_info=&#8221;{}&#8221;][et_pb_divider color=&#8221;#E02B20&#8243; divider_style=&#8221;dotted&#8221; divider_weight=&#8221;8px&#8221; _builder_version=&#8221;4.19.4&#8243; _module_preset=&#8221;default&#8221; custom_margin=&#8221;50px||-40px||false|false&#8221; global_colors_info=&#8221;{}&#8221;][\/et_pb_divider][\/et_pb_column][\/et_pb_row][et_pb_row _builder_version=&#8221;4.19.4&#8243; _module_preset=&#8221;default&#8221; global_colors_info=&#8221;{}&#8221;][et_pb_column type=&#8221;4_4&#8243; _builder_version=&#8221;4.19.4&#8243; _module_preset=&#8221;default&#8221; global_colors_info=&#8221;{}&#8221;][et_pb_text _builder_version=&#8221;4.19.4&#8243; _module_preset=&#8221;default&#8221; text_text_color=&#8221;#000000&#8243; text_font_size=&#8221;24px&#8221; module_alignment=&#8221;center&#8221; custom_margin=&#8221;50px||||false|false&#8221; global_colors_info=&#8221;{}&#8221;]<\/p>\n<p style=\"text-align: center;\"><strong>POL\u00cdTICAS<\/strong><\/p>\n<p>[\/et_pb_text][et_pb_text _builder_version=&#8221;4.19.4&#8243; _module_preset=&#8221;default&#8221; text_text_color=&#8221;#E02B20&#8243; text_font_size=&#8221;24px&#8221; module_alignment=&#8221;center&#8221; custom_margin=&#8221;-20px||||false|false&#8221; link_option_url=&#8221;https:\/\/www.amigosdohc.org.br\/politica-de-privacidade\/&#8221; global_colors_info=&#8221;{}&#8221;]<\/p>\n<p style=\"text-align: center;\"><span style=\"color: #ff0000;\"><a href=\"https:\/\/www.amigosdohc.org.br\/politica-de-privacidade\/\" style=\"color: #ff0000;\"><strong><span>\u00a0<\/span> <u>Politica de Privacidade <\/u><\/strong><\/a><\/span><\/p>\n<p>[\/et_pb_text][et_pb_text _builder_version=&#8221;4.19.4&#8243; _module_preset=&#8221;default&#8221; text_text_color=&#8221;#E02B20&#8243; text_font_size=&#8221;24px&#8221; module_alignment=&#8221;center&#8221; custom_margin=&#8221;-20px||||false|false&#8221; link_option_url=&#8221;https:\/\/www.amigosdohc.org.br\/politica-de-privacidade\/&#8221; global_colors_info=&#8221;{}&#8221;]<\/p>\n<p style=\"text-align: center;\"><span style=\"text-decoration: underline;\"><span style=\"color: #ff0000;\"><a href=\"https:\/\/www.amigosdohc.org.br\/politica-de-acessibilidade\/\" style=\"color: #ff0000;\"><strong>Pol\u00edtica de Acessibilidade<\/strong><\/a><\/span><\/span><\/p>\n<p>[\/et_pb_text][et_pb_text _builder_version=&#8221;4.19.4&#8243; _module_preset=&#8221;default&#8221; text_text_color=&#8221;#000000&#8243; text_font_size=&#8221;15px&#8221; text_line_height=&#8221;2.2em&#8221; module_alignment=&#8221;center&#8221; custom_margin=&#8221;50px||50px||false|false&#8221; global_colors_info=&#8221;{}&#8221;]<\/p>\n<p style=\"text-align: center;\"><strong>Todos os Direitos Reservados \u00a9 | Associa\u00e7\u00e3o dos Amigos do Hospital de Cl\u00ednicas \u00ae<\/strong><br \/>Av. Agostinho Le\u00e3o Jr, 336 &#8211; Alto da Gl\u00f3ria, 80030-110, Curitiba \/ PR<br \/>(41) 3091-1000 | contato@amigosdohc.org.br<a href=\"mailto:contato@amigosdohc.org.br\"><br \/><\/a>CNPJ: 79.698.643\/0001-00<\/p>\n<p>[\/et_pb_text][\/et_pb_column][\/et_pb_row][\/et_pb_section]<\/p>\n","protected":false},"excerpt":{"rendered":"<p>Corrida e CaminhadaData: Domingo, 02 de novembro.Local: Pra\u00e7a Afonso Botelho, \u00c1gua Verde, Curitiba.Modalidades: Corrida 5km e 10km | Caminhada 5km | C\u00e3ominhada.Benefici\u00e1rio: Programa CEDIVIDA.Em breve mais eventos, siga nossas redes sociais e fique por dentro da programa\u00e7\u00e3o!POL\u00cdTICAS\u00a0 Politica de Privacidade Pol\u00edtica de AcessibilidadeTodos os Direitos Reservados \u00a9 | Associa\u00e7\u00e3o dos Amigos do Hospital de Cl\u00ednicas [&hellip;]<\/p>\n","protected":false},"author":3,"featured_media":0,"parent":0,"menu_order":0,"comment_status":"closed","ping_status":"closed","template":"","meta":{"_et_pb_use_builder":"on","_et_pb_old_content":"","_et_gb_content_width":"","footnotes":""},"class_list":["post-327","page","type-page","status-publish","hentry"],"yoast_head":"<!-- This site is optimized with the Yoast SEO plugin v27.3 - https:\/\/yoast.com\/product\/yoast-seo-wordpress\/ -->\n<title>Eventos - Amigos do HC<\/title>\n<meta name=\"robots\" content=\"index, follow, max-snippet:-1, max-image-preview:large, max-video-preview:-1\" \/>\n<link rel=\"canonical\" href=\"https:\/\/www.amigosdohc.org.br\/en\/eventos-3\/\" \/>\n<meta property=\"og:locale\" content=\"en_US\" \/>\n<meta property=\"og:type\" content=\"article\" \/>\n<meta property=\"og:title\" content=\"Eventos - Amigos do HC\" \/>\n<meta property=\"og:description\" content=\"Corrida e CaminhadaData: Domingo, 02 de novembro.Local: Pra\u00e7a Afonso Botelho, \u00c1gua Verde, Curitiba.Modalidades: Corrida 5km e 10km | Caminhada 5km | C\u00e3ominhada.Benefici\u00e1rio: Programa CEDIVIDA.Em breve mais eventos, siga nossas redes sociais e fique por dentro da programa\u00e7\u00e3o!POL\u00cdTICAS\u00a0 Politica de Privacidade Pol\u00edtica de AcessibilidadeTodos os Direitos Reservados \u00a9 | Associa\u00e7\u00e3o dos Amigos do Hospital de Cl\u00ednicas [&hellip;]\" \/>\n<meta property=\"og:url\" content=\"https:\/\/www.amigosdohc.org.br\/en\/eventos-3\/\" \/>\n<meta property=\"og:site_name\" content=\"Amigos do HC\" \/>\n<meta property=\"article:modified_time\" content=\"2025-11-04T12:18:00+00:00\" \/>\n<meta name=\"twitter:card\" content=\"summary_large_image\" \/>\n<meta name=\"twitter:label1\" content=\"Est. reading time\" \/>\n\t<meta name=\"twitter:data1\" content=\"8 minutes\" \/>\n<script type=\"application\/ld+json\" class=\"yoast-schema-graph\">{\"@context\":\"https:\\\/\\\/schema.org\",\"@graph\":[{\"@type\":\"WebPage\",\"@id\":\"https:\\\/\\\/www.amigosdohc.org.br\\\/eventos-3\\\/\",\"url\":\"https:\\\/\\\/www.amigosdohc.org.br\\\/eventos-3\\\/\",\"name\":\"Eventos - Amigos do HC\",\"isPartOf\":{\"@id\":\"https:\\\/\\\/www.amigosdohc.org.br\\\/#website\"},\"datePublished\":\"2018-12-17T13:18:52+00:00\",\"dateModified\":\"2025-11-04T12:18:00+00:00\",\"breadcrumb\":{\"@id\":\"https:\\\/\\\/www.amigosdohc.org.br\\\/eventos-3\\\/#breadcrumb\"},\"inLanguage\":\"en-US\",\"potentialAction\":[{\"@type\":\"ReadAction\",\"target\":[\"https:\\\/\\\/www.amigosdohc.org.br\\\/eventos-3\\\/\"]}]},{\"@type\":\"BreadcrumbList\",\"@id\":\"https:\\\/\\\/www.amigosdohc.org.br\\\/eventos-3\\\/#breadcrumb\",\"itemListElement\":[{\"@type\":\"ListItem\",\"position\":1,\"name\":\"In\u00edcio\",\"item\":\"https:\\\/\\\/www.amigosdohc.org.br\\\/\"},{\"@type\":\"ListItem\",\"position\":2,\"name\":\"Eventos\"}]},{\"@type\":\"WebSite\",\"@id\":\"https:\\\/\\\/www.amigosdohc.org.br\\\/#website\",\"url\":\"https:\\\/\\\/www.amigosdohc.org.br\\\/\",\"name\":\"Amigos do HC\",\"description\":\"Associa\u00e7\u00e3o dos Amigos do HC\",\"potentialAction\":[{\"@type\":\"SearchAction\",\"target\":{\"@type\":\"EntryPoint\",\"urlTemplate\":\"https:\\\/\\\/www.amigosdohc.org.br\\\/?s={search_term_string}\"},\"query-input\":{\"@type\":\"PropertyValueSpecification\",\"valueRequired\":true,\"valueName\":\"search_term_string\"}}],\"inLanguage\":\"en-US\"}]}<\/script>\n<!-- \/ Yoast SEO plugin. -->","yoast_head_json":{"title":"Eventos - Amigos do HC","robots":{"index":"index","follow":"follow","max-snippet":"max-snippet:-1","max-image-preview":"max-image-preview:large","max-video-preview":"max-video-preview:-1"},"canonical":"https:\/\/www.amigosdohc.org.br\/en\/eventos-3\/","og_locale":"en_US","og_type":"article","og_title":"Eventos - Amigos do HC","og_description":"Corrida e CaminhadaData: Domingo, 02 de novembro.Local: Pra\u00e7a Afonso Botelho, \u00c1gua Verde, Curitiba.Modalidades: Corrida 5km e 10km | Caminhada 5km | C\u00e3ominhada.Benefici\u00e1rio: Programa CEDIVIDA.Em breve mais eventos, siga nossas redes sociais e fique por dentro da programa\u00e7\u00e3o!POL\u00cdTICAS\u00a0 Politica de Privacidade Pol\u00edtica de AcessibilidadeTodos os Direitos Reservados \u00a9 | Associa\u00e7\u00e3o dos Amigos do Hospital de Cl\u00ednicas [&hellip;]","og_url":"https:\/\/www.amigosdohc.org.br\/en\/eventos-3\/","og_site_name":"Amigos do HC","article_modified_time":"2025-11-04T12:18:00+00:00","twitter_card":"summary_large_image","twitter_misc":{"Est. reading time":"8 minutes"},"schema":{"@context":"https:\/\/schema.org","@graph":[{"@type":"WebPage","@id":"https:\/\/www.amigosdohc.org.br\/eventos-3\/","url":"https:\/\/www.amigosdohc.org.br\/eventos-3\/","name":"Eventos - Amigos do HC","isPartOf":{"@id":"https:\/\/www.amigosdohc.org.br\/#website"},"datePublished":"2018-12-17T13:18:52+00:00","dateModified":"2025-11-04T12:18:00+00:00","breadcrumb":{"@id":"https:\/\/www.amigosdohc.org.br\/eventos-3\/#breadcrumb"},"inLanguage":"en-US","potentialAction":[{"@type":"ReadAction","target":["https:\/\/www.amigosdohc.org.br\/eventos-3\/"]}]},{"@type":"BreadcrumbList","@id":"https:\/\/www.amigosdohc.org.br\/eventos-3\/#breadcrumb","itemListElement":[{"@type":"ListItem","position":1,"name":"In\u00edcio","item":"https:\/\/www.amigosdohc.org.br\/"},{"@type":"ListItem","position":2,"name":"Eventos"}]},{"@type":"WebSite","@id":"https:\/\/www.amigosdohc.org.br\/#website","url":"https:\/\/www.amigosdohc.org.br\/","name":"Amigos do HC","description":"Associa\u00e7\u00e3o dos Amigos do HC","potentialAction":[{"@type":"SearchAction","target":{"@type":"EntryPoint","urlTemplate":"https:\/\/www.amigosdohc.org.br\/?s={search_term_string}"},"query-input":{"@type":"PropertyValueSpecification","valueRequired":true,"valueName":"search_term_string"}}],"inLanguage":"en-US"}]}},"_links":{"self":[{"href":"https:\/\/www.amigosdohc.org.br\/en\/wp-json\/wp\/v2\/pages\/327","targetHints":{"allow":["GET"]}}],"collection":[{"href":"https:\/\/www.amigosdohc.org.br\/en\/wp-json\/wp\/v2\/pages"}],"about":[{"href":"https:\/\/www.amigosdohc.org.br\/en\/wp-json\/wp\/v2\/types\/page"}],"author":[{"embeddable":true,"href":"https:\/\/www.amigosdohc.org.br\/en\/wp-json\/wp\/v2\/users\/3"}],"replies":[{"embeddable":true,"href":"https:\/\/www.amigosdohc.org.br\/en\/wp-json\/wp\/v2\/comments?post=327"}],"version-history":[{"count":139,"href":"https:\/\/www.amigosdohc.org.br\/en\/wp-json\/wp\/v2\/pages\/327\/revisions"}],"predecessor-version":[{"id":26771,"href":"https:\/\/www.amigosdohc.org.br\/en\/wp-json\/wp\/v2\/pages\/327\/revisions\/26771"}],"wp:attachment":[{"href":"https:\/\/www.amigosdohc.org.br\/en\/wp-json\/wp\/v2\/media?parent=327"}],"curies":[{"name":"wp","href":"https:\/\/api.w.org\/{rel}","templated":true}]}}