{"id":8485,"date":"2019-07-31T17:17:27","date_gmt":"2019-07-31T20:17:27","guid":{"rendered":"https:\/\/amigosdohc.org.br\/?page_id=8485"},"modified":"2024-06-06T16:00:14","modified_gmt":"2024-06-06T19:00:14","slug":"blog-dos-amigos-do-hc","status":"publish","type":"page","link":"https:\/\/www.amigosdohc.org.br\/en\/blog-dos-amigos-do-hc\/","title":{"rendered":"BLOG dos Amigos"},"content":{"rendered":"<p>[et_pb_section fb_built=&#8221;1&#8243; admin_label=&#8221;Header&#8221; _builder_version=&#8221;4.16&#8243; background_color=&#8221;#ffffff&#8221; background_size=&#8221;contain&#8221; background_position=&#8221;top_right&#8221; background_repeat=&#8221;repeat&#8221; width=&#8221;100%&#8221; min_height=&#8221;672px&#8221; custom_padding=&#8221;|0px|0px|||&#8221; collapsed=&#8221;off&#8221; global_colors_info=&#8221;{}&#8221;][et_pb_row custom_padding_last_edited=&#8221;on|phone&#8221; _builder_version=&#8221;4.16&#8243; width=&#8221;95.3%&#8221; custom_margin=&#8221;-60px|239px|0px|264px||&#8221; custom_padding=&#8221;||3px|||&#8221; custom_padding_tablet=&#8221;&#8221; custom_padding_phone=&#8221;0px||3px&#8221; z_index_tablet=&#8221;&#8221; z_index_phone=&#8221;&#8221; z_index_last_edited=&#8221;on|phone&#8221; global_colors_info=&#8221;{}&#8221;][et_pb_column type=&#8221;4_4&#8243; _builder_version=&#8221;4.16&#8243; custom_padding=&#8221;0px||0px|&#8221; global_colors_info=&#8221;{}&#8221; custom_padding__hover=&#8221;|||&#8221;][et_pb_divider color=&#8221;#e02b20&#8243; divider_weight=&#8221;1px&#8221; _builder_version=&#8221;4.16&#8243; width=&#8221;100%&#8221; width_tablet=&#8221;&#8221; width_phone=&#8221;78%&#8221; width_last_edited=&#8221;on|desktop&#8221; max_width_tablet=&#8221;&#8221; max_width_phone=&#8221;&#8221; max_width_last_edited=&#8221;on|phone&#8221; min_height=&#8221;2px&#8221; custom_margin=&#8221;-26px|-147px||0px||&#8221; custom_margin_tablet=&#8221;&#8221; custom_margin_phone=&#8221;|0px||-190px&#8221; custom_margin_last_edited=&#8221;on|phone&#8221; custom_padding=&#8221;27px|0px|0px|||&#8221; z_index_tablet=&#8221;&#8221; z_index_phone=&#8221;&#8221; z_index_last_edited=&#8221;on|phone&#8221; global_colors_info=&#8221;{}&#8221;][\/et_pb_divider][et_pb_text _builder_version=&#8221;4.16&#8243; text_font=&#8221;||||||||&#8221; text_line_height=&#8221;2em&#8221; header_font=&#8221;Faustina|600|||||||&#8221; header_text_color=&#8221;#0e7162&#8243; header_font_size=&#8221;39px&#8221; header_2_font=&#8221;||||||||&#8221; header_3_font=&#8221;||||||||&#8221; header_3_font_size=&#8221;5px&#8221; width_tablet=&#8221;&#8221; width_phone=&#8221;&#8221; width_last_edited=&#8221;on|phone&#8221; max_width=&#8221;68%&#8221; min_height=&#8221;54px&#8221; custom_margin=&#8221;-25px|-197px|-6px|0px||&#8221; custom_margin_tablet=&#8221;&#8221; custom_margin_phone=&#8221;|||-190px&#8221; custom_margin_last_edited=&#8221;on|phone&#8221; custom_padding=&#8221;0px||0px|||&#8221; header_font_size_tablet=&#8221;50px&#8221; header_font_size_phone=&#8221;40px&#8221; header_font_size_last_edited=&#8221;on|phone&#8221; z_index_tablet=&#8221;&#8221; z_index_phone=&#8221;&#8221; z_index_last_edited=&#8221;on|phone&#8221; inline_fonts=&#8221;Gloria Hallelujah&#8221; global_colors_info=&#8221;{}&#8221;]<\/p>\n<h1><span style=\"font-family: 'Gloria Hallelujah'; color: #c92b1a;\">\u00daltimos Conte\u00fados<\/span><\/h1>\n<p>[\/et_pb_text][\/et_pb_column][\/et_pb_row][et_pb_row column_structure=&#8221;1_2,1_2&#8243; _builder_version=&#8221;4.19.4&#8243; width=&#8221;77.8%&#8221; max_width=&#8221;1095px&#8221; min_height=&#8221;76px&#8221; custom_margin=&#8221;66px|91px||257px||&#8221; custom_padding=&#8221;33px|0px|0px|||&#8221; global_colors_info=&#8221;{}&#8221;][et_pb_column type=&#8221;1_2&#8243; _builder_version=&#8221;4.16&#8243; custom_padding=&#8221;|||&#8221; global_colors_info=&#8221;{}&#8221; custom_padding__hover=&#8221;|||&#8221;][et_pb_blog posts_number=&#8221;4&#8243; include_categories=&#8221;147&#8243; show_more=&#8221;on&#8221; show_author=&#8221;off&#8221; _builder_version=&#8221;4.16&#8243; header_font=&#8221;|800|||||||&#8221; header_line_height=&#8221;1.6em&#8221; body_font=&#8221;||||||||&#8221; body_line_height=&#8221;2em&#8221; pagination_font=&#8221;|800||on|||||&#8221; pagination_text_color=&#8221;#ffa53b&#8221; pagination_font_size=&#8221;14px&#8221; pagination_letter_spacing=&#8221;1px&#8221; custom_margin=&#8221;|-37px||||&#8221; custom_margin_tablet=&#8221;&#8221; custom_margin_phone=&#8221;|295px||-190px&#8221; custom_margin_last_edited=&#8221;on|phone&#8221; custom_padding=&#8221;|0px||0px||&#8221; header_font_size_last_edited=&#8221;off|desktop&#8221; z_index_tablet=&#8221;&#8221; z_index_phone=&#8221;&#8221; z_index_last_edited=&#8221;on|phone&#8221; global_colors_info=&#8221;{}&#8221;][\/et_pb_blog][\/et_pb_column][et_pb_column type=&#8221;1_2&#8243; _builder_version=&#8221;4.16&#8243; custom_padding=&#8221;|||&#8221; global_colors_info=&#8221;{}&#8221; custom_padding__hover=&#8221;|||&#8221;][et_pb_sidebar orientation=&#8221;right&#8221; area=&#8221;sidebar-1&#8243; show_border=&#8221;off&#8221; _builder_version=&#8221;4.19.4&#8243; header_font=&#8221;|800|||||||&#8221; header_line_height=&#8221;1.6em&#8221; body_font=&#8221;||||||||&#8221; body_font_size=&#8221;16px&#8221; body_line_height=&#8221;2em&#8221; width=&#8221;73.1%&#8221; module_alignment=&#8221;right&#8221; custom_margin=&#8221;|||136px||&#8221; custom_margin_tablet=&#8221;&#8221; custom_margin_phone=&#8221;|||-190px&#8221; custom_margin_last_edited=&#8221;on|phone&#8221; custom_padding=&#8221;|0px||0px||true&#8221; z_index_tablet=&#8221;&#8221; z_index_phone=&#8221;&#8221; z_index_last_edited=&#8221;on|phone&#8221; border_color_all=&#8221;rgba(0,0,0,0)&#8221; global_colors_info=&#8221;{}&#8221;][\/et_pb_sidebar][\/et_pb_column][\/et_pb_row][\/et_pb_section][et_pb_section fb_built=&#8221;1&#8243; _builder_version=&#8221;4.19.4&#8243; _module_preset=&#8221;default&#8221; background_image=&#8221;https:\/\/www.amigosdohc.org.br\/wp-content\/uploads\/2024\/06\/1.png&#8221; parallax=&#8221;on&#8221; parallax_method=&#8221;off&#8221; custom_margin=&#8221;12px||-3px||false|false&#8221; custom_padding=&#8221;0px||34px||false|false&#8221; global_colors_info=&#8221;{}&#8221;][et_pb_row column_structure=&#8221;1_2,1_2&#8243; _builder_version=&#8221;4.19.4&#8243; _module_preset=&#8221;default&#8221; custom_margin=&#8221;|||227px|false|false&#8221; global_colors_info=&#8221;{}&#8221;][et_pb_column type=&#8221;1_2&#8243; _builder_version=&#8221;4.19.4&#8243; _module_preset=&#8221;default&#8221; global_colors_info=&#8221;{}&#8221;][et_pb_image src=&#8221;https:\/\/www.amigosdohc.org.br\/wp-content\/uploads\/2024\/06\/Ativo-7.png&#8221; title_text=&#8221;Ativo 7&#8243; _builder_version=&#8221;4.19.4&#8243; _module_preset=&#8221;default&#8221; width=&#8221;62%&#8221; module_alignment=&#8221;center&#8221; global_colors_info=&#8221;{}&#8221;][\/et_pb_image][et_pb_text _builder_version=&#8221;4.19.4&#8243; _module_preset=&#8221;default&#8221; text_font=&#8221;Epilogue|600|||||||&#8221; text_text_color=&#8221;#80231b&#8221; text_font_size=&#8221;31px&#8221; text_orientation=&#8221;center&#8221; custom_margin=&#8221;-24px||0px||false|false&#8221; global_colors_info=&#8221;{}&#8221;]<\/p>\n<p>Voc\u00ea bem-informado e a sua sa\u00fade em dia.<\/p>\n<p>[\/et_pb_text][et_pb_text _builder_version=&#8221;4.19.4&#8243; _module_preset=&#8221;default&#8221; text_font=&#8221;Epilogue||||||||&#8221; text_font_size=&#8221;18px&#8221; text_orientation=&#8221;center&#8221; hover_enabled=&#8221;0&#8243; global_colors_info=&#8221;{}&#8221; sticky_enabled=&#8221;0&#8243;]<\/p>\n<p>Confira a nossa newsletter mensal gratuita sobre cuidados e preven\u00e7\u00e3o.<\/p>\n<p>[\/et_pb_text][et_pb_button button_text=&#8221;Saiba mais!&#8221; button_alignment=&#8221;center&#8221; _builder_version=&#8221;4.19.4&#8243; _module_preset=&#8221;default&#8221; custom_button=&#8221;on&#8221; button_text_color=&#8221;#FFFFFF&#8221; button_bg_color=&#8221;#80231b&#8221; button_border_color=&#8221;#80231b&#8221; button_font=&#8221;Epilogue|600|||||||&#8221; custom_margin=&#8221;-25px||-15px||false|false&#8221; hover_enabled=&#8221;0&#8243; global_colors_info=&#8221;{}&#8221; button_url=&#8221;https:\/\/www.amigosdohc.org.br\/saude-em-pauta\/&#8221; sticky_enabled=&#8221;0&#8243;][\/et_pb_button][\/et_pb_column][et_pb_column type=&#8221;1_2&#8243; _builder_version=&#8221;4.19.4&#8243; _module_preset=&#8221;default&#8221; global_colors_info=&#8221;{}&#8221;][\/et_pb_column][\/et_pb_row][\/et_pb_section][et_pb_section fb_built=&#8221;1&#8243; fullwidth=&#8221;on&#8221; admin_label=&#8221;Footer&#8221; _builder_version=&#8221;4.19.4&#8243; bottom_divider_style=&#8221;slant&#8221; bottom_divider_color=&#8221;rgba(0,0,0,0.02)&#8221; bottom_divider_height=&#8221;100%&#8221; animation_style=&#8221;slide&#8221; animation_direction=&#8221;bottom&#8221; global_colors_info=&#8221;{}&#8221;][et_pb_fullwidth_image src=&#8221;https:\/\/amigosdohc.org.br\/wp-content\/uploads\/2019\/07\/charity-23.png&#8221; _builder_version=&#8221;4.16&#8243; custom_margin=&#8221;-32px|||||&#8221; custom_padding=&#8221;||0px|||&#8221; animation_style=&#8221;slide&#8221; animation_direction=&#8221;bottom&#8221; animation_intensity_slide=&#8221;4%&#8221; global_colors_info=&#8221;{}&#8221;][\/et_pb_fullwidth_image][\/et_pb_section]<\/p>\n","protected":false},"excerpt":{"rendered":"<p>\u00daltimos Conte\u00fadosVoc\u00ea bem-informado e a sua sa\u00fade em dia.Confira a nossa newsletter mensal gratuita sobre cuidados e preven\u00e7\u00e3o.<\/p>","protected":false},"author":3,"featured_media":173,"parent":0,"menu_order":0,"comment_status":"closed","ping_status":"closed","template":"","meta":{"_et_pb_use_builder":"on","_et_pb_old_content":"","_et_gb_content_width":"","footnotes":""},"class_list":["post-8485","page","type-page","status-publish","has-post-thumbnail","hentry"],"yoast_head":"<!-- This site is optimized with the Yoast SEO plugin v27.3 - https:\/\/yoast.com\/product\/yoast-seo-wordpress\/ -->\n<title>BLOG dos Amigos - Amigos do HC<\/title>\n<meta name=\"robots\" content=\"index, follow, max-snippet:-1, max-image-preview:large, max-video-preview:-1\" \/>\n<link rel=\"canonical\" href=\"https:\/\/www.amigosdohc.org.br\/en\/blog-dos-amigos-do-hc\/\" \/>\n<meta property=\"og:locale\" content=\"en_US\" \/>\n<meta property=\"og:type\" content=\"article\" \/>\n<meta property=\"og:title\" content=\"BLOG dos Amigos - Amigos do HC\" \/>\n<meta property=\"og:description\" content=\"\u00daltimos Conte\u00fadosVoc\u00ea bem-informado e a sua sa\u00fade em dia.Confira a nossa newsletter mensal gratuita sobre cuidados e preven\u00e7\u00e3o.\" \/>\n<meta property=\"og:url\" content=\"https:\/\/www.amigosdohc.org.br\/en\/blog-dos-amigos-do-hc\/\" \/>\n<meta property=\"og:site_name\" content=\"Amigos do HC\" \/>\n<meta property=\"article:modified_time\" content=\"2024-06-06T19:00:14+00:00\" \/>\n<meta property=\"og:image\" content=\"https:\/\/www.amigosdohc.org.br\/wp-content\/uploads\/2018\/12\/boneco-falando.png\" \/>\n\t<meta property=\"og:image:width\" content=\"156\" \/>\n\t<meta property=\"og:image:height\" content=\"133\" \/>\n\t<meta property=\"og:image:type\" content=\"image\/png\" \/>\n<meta name=\"twitter:card\" content=\"summary_large_image\" \/>\n<meta name=\"twitter:label1\" content=\"Est. reading time\" \/>\n\t<meta name=\"twitter:data1\" content=\"4 minutes\" \/>\n<script type=\"application\/ld+json\" class=\"yoast-schema-graph\">{\"@context\":\"https:\\\/\\\/schema.org\",\"@graph\":[{\"@type\":\"WebPage\",\"@id\":\"https:\\\/\\\/www.amigosdohc.org.br\\\/blog-dos-amigos-do-hc\\\/\",\"url\":\"https:\\\/\\\/www.amigosdohc.org.br\\\/blog-dos-amigos-do-hc\\\/\",\"name\":\"BLOG dos Amigos - Amigos do HC\",\"isPartOf\":{\"@id\":\"https:\\\/\\\/www.amigosdohc.org.br\\\/#website\"},\"primaryImageOfPage\":{\"@id\":\"https:\\\/\\\/www.amigosdohc.org.br\\\/blog-dos-amigos-do-hc\\\/#primaryimage\"},\"image\":{\"@id\":\"https:\\\/\\\/www.amigosdohc.org.br\\\/blog-dos-amigos-do-hc\\\/#primaryimage\"},\"thumbnailUrl\":\"https:\\\/\\\/www.amigosdohc.org.br\\\/wp-content\\\/uploads\\\/2018\\\/12\\\/boneco-falando.png\",\"datePublished\":\"2019-07-31T20:17:27+00:00\",\"dateModified\":\"2024-06-06T19:00:14+00:00\",\"breadcrumb\":{\"@id\":\"https:\\\/\\\/www.amigosdohc.org.br\\\/blog-dos-amigos-do-hc\\\/#breadcrumb\"},\"inLanguage\":\"en-US\",\"potentialAction\":[{\"@type\":\"ReadAction\",\"target\":[\"https:\\\/\\\/www.amigosdohc.org.br\\\/blog-dos-amigos-do-hc\\\/\"]}]},{\"@type\":\"ImageObject\",\"inLanguage\":\"en-US\",\"@id\":\"https:\\\/\\\/www.amigosdohc.org.br\\\/blog-dos-amigos-do-hc\\\/#primaryimage\",\"url\":\"https:\\\/\\\/www.amigosdohc.org.br\\\/wp-content\\\/uploads\\\/2018\\\/12\\\/boneco-falando.png\",\"contentUrl\":\"https:\\\/\\\/www.amigosdohc.org.br\\\/wp-content\\\/uploads\\\/2018\\\/12\\\/boneco-falando.png\",\"width\":156,\"height\":133},{\"@type\":\"BreadcrumbList\",\"@id\":\"https:\\\/\\\/www.amigosdohc.org.br\\\/blog-dos-amigos-do-hc\\\/#breadcrumb\",\"itemListElement\":[{\"@type\":\"ListItem\",\"position\":1,\"name\":\"In\u00edcio\",\"item\":\"https:\\\/\\\/www.amigosdohc.org.br\\\/\"},{\"@type\":\"ListItem\",\"position\":2,\"name\":\"BLOG dos Amigos\"}]},{\"@type\":\"WebSite\",\"@id\":\"https:\\\/\\\/www.amigosdohc.org.br\\\/#website\",\"url\":\"https:\\\/\\\/www.amigosdohc.org.br\\\/\",\"name\":\"Amigos do HC\",\"description\":\"Associa\u00e7\u00e3o dos Amigos do HC\",\"potentialAction\":[{\"@type\":\"SearchAction\",\"target\":{\"@type\":\"EntryPoint\",\"urlTemplate\":\"https:\\\/\\\/www.amigosdohc.org.br\\\/?s={search_term_string}\"},\"query-input\":{\"@type\":\"PropertyValueSpecification\",\"valueRequired\":true,\"valueName\":\"search_term_string\"}}],\"inLanguage\":\"en-US\"}]}<\/script>\n<!-- \/ Yoast SEO plugin. -->","yoast_head_json":{"title":"BLOG dos Amigos - Amigos do HC","robots":{"index":"index","follow":"follow","max-snippet":"max-snippet:-1","max-image-preview":"max-image-preview:large","max-video-preview":"max-video-preview:-1"},"canonical":"https:\/\/www.amigosdohc.org.br\/en\/blog-dos-amigos-do-hc\/","og_locale":"en_US","og_type":"article","og_title":"BLOG dos Amigos - Amigos do HC","og_description":"\u00daltimos Conte\u00fadosVoc\u00ea bem-informado e a sua sa\u00fade em dia.Confira a nossa newsletter mensal gratuita sobre cuidados e preven\u00e7\u00e3o.","og_url":"https:\/\/www.amigosdohc.org.br\/en\/blog-dos-amigos-do-hc\/","og_site_name":"Amigos do HC","article_modified_time":"2024-06-06T19:00:14+00:00","og_image":[{"width":156,"height":133,"url":"https:\/\/www.amigosdohc.org.br\/wp-content\/uploads\/2018\/12\/boneco-falando.png","type":"image\/png"}],"twitter_card":"summary_large_image","twitter_misc":{"Est. reading time":"4 minutes"},"schema":{"@context":"https:\/\/schema.org","@graph":[{"@type":"WebPage","@id":"https:\/\/www.amigosdohc.org.br\/blog-dos-amigos-do-hc\/","url":"https:\/\/www.amigosdohc.org.br\/blog-dos-amigos-do-hc\/","name":"BLOG dos Amigos - Amigos do HC","isPartOf":{"@id":"https:\/\/www.amigosdohc.org.br\/#website"},"primaryImageOfPage":{"@id":"https:\/\/www.amigosdohc.org.br\/blog-dos-amigos-do-hc\/#primaryimage"},"image":{"@id":"https:\/\/www.amigosdohc.org.br\/blog-dos-amigos-do-hc\/#primaryimage"},"thumbnailUrl":"https:\/\/www.amigosdohc.org.br\/wp-content\/uploads\/2018\/12\/boneco-falando.png","datePublished":"2019-07-31T20:17:27+00:00","dateModified":"2024-06-06T19:00:14+00:00","breadcrumb":{"@id":"https:\/\/www.amigosdohc.org.br\/blog-dos-amigos-do-hc\/#breadcrumb"},"inLanguage":"en-US","potentialAction":[{"@type":"ReadAction","target":["https:\/\/www.amigosdohc.org.br\/blog-dos-amigos-do-hc\/"]}]},{"@type":"ImageObject","inLanguage":"en-US","@id":"https:\/\/www.amigosdohc.org.br\/blog-dos-amigos-do-hc\/#primaryimage","url":"https:\/\/www.amigosdohc.org.br\/wp-content\/uploads\/2018\/12\/boneco-falando.png","contentUrl":"https:\/\/www.amigosdohc.org.br\/wp-content\/uploads\/2018\/12\/boneco-falando.png","width":156,"height":133},{"@type":"BreadcrumbList","@id":"https:\/\/www.amigosdohc.org.br\/blog-dos-amigos-do-hc\/#breadcrumb","itemListElement":[{"@type":"ListItem","position":1,"name":"In\u00edcio","item":"https:\/\/www.amigosdohc.org.br\/"},{"@type":"ListItem","position":2,"name":"BLOG dos Amigos"}]},{"@type":"WebSite","@id":"https:\/\/www.amigosdohc.org.br\/#website","url":"https:\/\/www.amigosdohc.org.br\/","name":"Amigos do HC","description":"Associa\u00e7\u00e3o dos Amigos do HC","potentialAction":[{"@type":"SearchAction","target":{"@type":"EntryPoint","urlTemplate":"https:\/\/www.amigosdohc.org.br\/?s={search_term_string}"},"query-input":{"@type":"PropertyValueSpecification","valueRequired":true,"valueName":"search_term_string"}}],"inLanguage":"en-US"}]}},"_links":{"self":[{"href":"https:\/\/www.amigosdohc.org.br\/en\/wp-json\/wp\/v2\/pages\/8485","targetHints":{"allow":["GET"]}}],"collection":[{"href":"https:\/\/www.amigosdohc.org.br\/en\/wp-json\/wp\/v2\/pages"}],"about":[{"href":"https:\/\/www.amigosdohc.org.br\/en\/wp-json\/wp\/v2\/types\/page"}],"author":[{"embeddable":true,"href":"https:\/\/www.amigosdohc.org.br\/en\/wp-json\/wp\/v2\/users\/3"}],"replies":[{"embeddable":true,"href":"https:\/\/www.amigosdohc.org.br\/en\/wp-json\/wp\/v2\/comments?post=8485"}],"version-history":[{"count":48,"href":"https:\/\/www.amigosdohc.org.br\/en\/wp-json\/wp\/v2\/pages\/8485\/revisions"}],"predecessor-version":[{"id":22213,"href":"https:\/\/www.amigosdohc.org.br\/en\/wp-json\/wp\/v2\/pages\/8485\/revisions\/22213"}],"wp:featuredmedia":[{"embeddable":true,"href":"https:\/\/www.amigosdohc.org.br\/en\/wp-json\/wp\/v2\/media\/173"}],"wp:attachment":[{"href":"https:\/\/www.amigosdohc.org.br\/en\/wp-json\/wp\/v2\/media?parent=8485"}],"curies":[{"name":"wp","href":"https:\/\/api.w.org\/{rel}","templated":true}]}}